{"id":1003,"date":"2023-03-24T22:39:23","date_gmt":"2023-03-25T03:39:23","guid":{"rendered":"https:\/\/firemanhouse.com\/?page_id=1003"},"modified":"2026-03-13T19:10:32","modified_gmt":"2026-03-14T00:10:32","slug":"redes-contra-incendios","status":"publish","type":"page","link":"https:\/\/firemanhouse.com\/index.php\/redes-contra-incendios\/","title":{"rendered":"Redes contra incendios"},"content":{"rendered":"\n<figure class=\"wp-block-embed is-type-video is-provider-youtube wp-block-embed-youtube wp-embed-aspect-16-9 wp-has-aspect-ratio\"><div class=\"wp-block-embed__wrapper\">\n<div class=\"ast-oembed-container\" style=\"height: 100%;\"><iframe loading=\"lazy\" title=\"Red contra incendios  parque Agroindustrial.\" width=\"500\" height=\"281\" src=\"https:\/\/www.youtube.com\/embed\/hWSKnJ2l9bc?feature=oembed\" frameborder=\"0\" allow=\"accelerometer; autoplay; clipboard-write; encrypted-media; gyroscope; picture-in-picture; web-share\" referrerpolicy=\"strict-origin-when-cross-origin\" allowfullscreen><\/iframe><\/div>\n<\/div><\/figure>\n\n\n\n<div class=\"wp-block-uagb-container uagb-block-ef4be770 alignfull uagb-is-root-container\"><div class=\"uagb-container-inner-blocks-wrap\">\n<div class=\"wp-block-uagb-container uagb-block-2ebcfa42\">\n<div class=\"wp-block-uagb-info-box uagb-block-bfbc9486 uagb-infobox__content-wrap  uagb-infobox-icon-above-title uagb-infobox-image-valign-top\"><div class=\"uagb-ifb-content\"><div class=\"uagb-ifb-title-wrap\"><h3 class=\"uagb-ifb-title\">Redes contra incendio.<\/h3><\/div><p class=\"uagb-ifb-desc\">En Firemanhouse ofrecemos servicios especializados en la instalaci\u00f3n y mantenimiento de redes contra incendios, tanto para peque\u00f1as como grandes escalas, en diferentes \u00e1reas construidas. Contamos con un equipo de ingenieros y t\u00e9cnicos altamente capacitados, quienes trabajan de manera colaborativa con nuestros clientes para desarrollar soluciones personalizadas y de alta calidad, con el objetivo de garantizar la protecci\u00f3n contra incendios de sus instalaciones.<\/p><div class=\"uagb-ifb-button-wrapper wp-block-button\"><a href=\"https:\/\/heyzine.com\/flip-book\/e229936729.html\" class=\"uagb-infobox-cta-link wp-block-button__link\" target=\"_self\" rel=\"noopener noreferrer\" onclick=\"return true;\"><span class=\"uagb-inline-editing\">Ver M\u00e1s.<\/span><\/a><\/div><\/div><\/div>\n<\/div>\n\n\n\n<div class=\"wp-block-uagb-container uagb-block-08c42e39\">\n<figure class=\"wp-block-image size-large\"><img loading=\"lazy\" decoding=\"async\" width=\"1024\" height=\"679\" src=\"http:\/\/firemanhouse.com\/wp-content\/uploads\/2023\/03\/dortmund-fire-fighters-fire-hose-1626916-1024x679.jpg\" alt=\"dortmund, fire fighters, fire hose-1626916.jpg\" class=\"wp-image-1134\" srcset=\"https:\/\/firemanhouse.com\/wp-content\/uploads\/2023\/03\/dortmund-fire-fighters-fire-hose-1626916-1024x679.jpg 1024w, https:\/\/firemanhouse.com\/wp-content\/uploads\/2023\/03\/dortmund-fire-fighters-fire-hose-1626916-300x199.jpg 300w, https:\/\/firemanhouse.com\/wp-content\/uploads\/2023\/03\/dortmund-fire-fighters-fire-hose-1626916-768x509.jpg 768w, https:\/\/firemanhouse.com\/wp-content\/uploads\/2023\/03\/dortmund-fire-fighters-fire-hose-1626916.jpg 1280w\" sizes=\"(max-width: 1024px) 100vw, 1024px\" \/><\/figure>\n<\/div>\n<\/div><\/div>\n\n\n\n<div class=\"wp-block-uagb-container uagb-block-2311ca4d alignfull uagb-is-root-container\"><div class=\"uagb-container-inner-blocks-wrap\">\n<div class=\"wp-block-uagb-container uagb-block-d0129722\">\n<div class=\"wp-block-uagb-image alignleft uagb-block-09631546 wp-block-uagb-image--layout-default wp-block-uagb-image--effect-static wp-block-uagb-image--align-left\"><figure class=\"wp-block-uagb-image__figure\"><img decoding=\"async\" srcset=\"https:\/\/firemanhouse.com\/wp-content\/uploads\/2024\/04\/wheel-valve-heating-2137043-1024x720.jpg \" sizes=\"(max-width: 480px) 150px\" src=\"https:\/\/firemanhouse.com\/wp-content\/uploads\/2024\/04\/wheel-valve-heating-2137043-1024x720.jpg\" alt=\"wheel, valve, heating-2137043.jpg\" class=\"uag-image-1348\" width=\"1024\" height=\"720\" title=\"\" loading=\"lazy\" role=\"img\"\/><\/figure><\/div>\n<\/div>\n\n\n\n<div class=\"wp-block-uagb-container uagb-block-7f7a52a4\">\n<div class=\"wp-block-uagb-info-box uagb-block-88e4694e uagb-infobox__content-wrap  uagb-infobox-icon-above-title uagb-infobox-image-valign-top\"><div class=\"uagb-ifb-content\"><div class=\"uagb-ifb-title-wrap\"><h3 class=\"uagb-ifb-title\">Dise\u00f1o de sistemas<\/h3><\/div><p class=\"uagb-ifb-desc\">Las redes contra incendios son una parte esencial de cualquier edificio y su funci\u00f3n principal es proporcionar una fuente constante de agua en caso de emergencia para combatir un incendio. En nuestra empresa, ofrecemos servicios integrales para dise\u00f1ar, instalar y mantener sistemas de redes contra incendios personalizados que cumplan con los requisitos y normas de seguridad establecidos.<\/p><div class=\"uagb-ifb-button-wrapper wp-block-button\"><a href=\"https:\/\/firemanhouse.com\/index.php\/contact\/\" class=\"uagb-infobox-cta-link wp-block-button__link\" target=\"_self\" rel=\"noopener noreferrer\" onclick=\"return true;\"><span class=\"uagb-inline-editing\">Asesor\u00eda.<\/span><\/a><\/div><\/div><\/div>\n<\/div>\n<\/div><\/div>\n\n\n\n<div class=\"wp-block-uagb-container uagb-block-b98192f5 alignfull uagb-is-root-container\"><div class=\"uagb-container-inner-blocks-wrap\">\n<div class=\"wp-block-uagb-container uagb-block-b9290c39\">\n<div class=\"wp-block-uagb-info-box uagb-block-74cd8554 uagb-infobox__content-wrap  uagb-infobox-icon-above-title uagb-infobox-image-valign-top\"><div class=\"uagb-ifb-content\"><div class=\"uagb-ifb-title-wrap\"><h3 class=\"uagb-ifb-title\">Sistemas de rociadores autom\u00e1ticos<\/h3><\/div><p class=\"uagb-ifb-desc\">Nos especializamos en sistemas de rociadores autom\u00e1ticos, sistemas de supresi\u00f3n de espuma, sistemas de agua nebulizada y otros sistemas de redes contra incendios avanzados para proteger tu propiedad de los peligros del fuego. Nuestro equipo de expertos altamente capacitados y con amplia experiencia trabajar\u00e1 contigo para crear una soluci\u00f3n personalizada que cumpla con tus necesidades espec\u00edficas.<\/p><div class=\"uagb-ifb-button-wrapper wp-block-button\"><a href=\"https:\/\/heyzine.com\/flip-book\/e229936729.html\" class=\"uagb-infobox-cta-link wp-block-button__link\" target=\"_self\" rel=\"noopener noreferrer\" onclick=\"return true;\"><span class=\"uagb-inline-editing\">Ver M\u00e1s.<\/span><\/a><\/div><\/div><\/div>\n<\/div>\n\n\n\n<div class=\"wp-block-uagb-container uagb-block-ddb759b4\">\n<figure class=\"wp-block-image size-large\"><img loading=\"lazy\" decoding=\"async\" width=\"1024\" height=\"576\" src=\"https:\/\/firemanhouse.com\/wp-content\/uploads\/2023\/04\/rociadores-contra-fuego-1024x576.jpg\" alt=\"\" class=\"wp-image-1211\" srcset=\"https:\/\/firemanhouse.com\/wp-content\/uploads\/2023\/04\/rociadores-contra-fuego-1024x576.jpg 1024w, https:\/\/firemanhouse.com\/wp-content\/uploads\/2023\/04\/rociadores-contra-fuego-300x169.jpg 300w, https:\/\/firemanhouse.com\/wp-content\/uploads\/2023\/04\/rociadores-contra-fuego-768x432.jpg 768w, https:\/\/firemanhouse.com\/wp-content\/uploads\/2023\/04\/rociadores-contra-fuego.jpg 1280w\" sizes=\"(max-width: 1024px) 100vw, 1024px\" \/><\/figure>\n<\/div>\n<\/div><\/div>\n\n\n\n<div class=\"wp-block-uagb-container uagb-block-bdfca9d8 alignfull uagb-is-root-container\"><div class=\"uagb-container-inner-blocks-wrap\">\n<div class=\"wp-block-uagb-container uagb-block-bd61b3fe\">\n<div class=\"wp-block-uagb-image alignleft uagb-block-27929446 wp-block-uagb-image--layout-default wp-block-uagb-image--effect-static wp-block-uagb-image--align-left\"><figure class=\"wp-block-uagb-image__figure\"><img decoding=\"async\" srcset=\"https:\/\/firemanhouse.com\/wp-content\/uploads\/2023\/04\/fire-safety-gae1ea8cca_1280-1024x682.jpg \" sizes=\"(max-width: 480px) 150px\" src=\"https:\/\/firemanhouse.com\/wp-content\/uploads\/2023\/04\/fire-safety-gae1ea8cca_1280-1024x682.jpg\" alt=\"\" class=\"uag-image-1210\" width=\"1024\" height=\"682\" title=\"\" loading=\"lazy\" role=\"img\"\/><\/figure><\/div>\n<\/div>\n\n\n\n<div class=\"wp-block-uagb-container uagb-block-d99c9f1b\">\n<div class=\"wp-block-uagb-info-box uagb-block-70ce1677 uagb-infobox__content-wrap  uagb-infobox-icon-above-title uagb-infobox-image-valign-top\"><div class=\"uagb-ifb-content\"><div class=\"uagb-ifb-title-wrap\"><h3 class=\"uagb-ifb-title\">Instalaci\u00f3n de sistemas<\/h3><\/div><p class=\"uagb-ifb-desc\">La instalaci\u00f3n de una red contra incendios es un proceso crucial y se debe realizar con la m\u00e1xima precisi\u00f3n y eficiencia. Utilizamos materiales de alta calidad y tecnolog\u00eda avanzada para asegurar que todos los sistemas instalados cumplan con los est\u00e1ndares de seguridad y calidad de la industria.<br>Adem\u00e1s de la instalaci\u00f3n, tambi\u00e9n ofrecemos servicios de mantenimiento y reparaci\u00f3n para garantizar que tu sistema de red contra incendios est\u00e9 siempre en condiciones \u00f3ptimas y listo para ser utilizado en caso de emergencia. Realizamos inspecciones regulares, pruebas de funcionamiento y reparaciones para mantener tu sistema en pleno funcionamiento.<\/p><div class=\"uagb-ifb-button-wrapper wp-block-button\"><a href=\"https:\/\/heyzine.com\/flip-book\/e229936729.html\" class=\"uagb-infobox-cta-link wp-block-button__link\" target=\"_self\" rel=\"noopener noreferrer\" onclick=\"return true;\"><span class=\"uagb-inline-editing\">Asesor\u00eda.<\/span><\/a><\/div><\/div><\/div>\n<\/div>\n<\/div><\/div>\n\n\n\n<div class=\"wp-block-uagb-container uagb-block-2771eb88 alignfull uagb-is-root-container\"><div class=\"uagb-container-inner-blocks-wrap\">\n<div class=\"wp-block-uagb-container uagb-block-5719ed0c\">\n<div class=\"wp-block-uagb-info-box uagb-block-1effc796 uagb-infobox__content-wrap  uagb-infobox-icon-above-title uagb-infobox-image-valign-top\"><div class=\"uagb-ifb-content\"><div class=\"uagb-ifb-title-wrap\"><h3 class=\"uagb-ifb-title\">Fireman House: Protegiendo tu propiedad y tu negocio con soluciones personalizadas de redes contra incendios<\/h3><\/div><p class=\"uagb-ifb-desc\">En Fireman House, nos comprometemos a brindar servicios integrales de alta calidad para garantizar la seguridad de tu propiedad, independientemente de su tama\u00f1o o industria. Ofrecemos soluciones personalizadas de dise\u00f1o, instalaci\u00f3n y mantenimiento de sistemas de redes contra incendios para ayudarte a proteger a tus empleados, tus bienes y tu negocio.<br>Si est\u00e1s buscando una empresa confiable y profesional que pueda adaptarse a las necesidades de tu industria, no dudes en ponerte en contacto con nosotros. Nuestro equipo altamente capacitado y experimentado est\u00e1 aqu\u00ed para ayudarte a mantener tu propiedad segura en todo momento.<\/p><div class=\"uagb-ifb-button-wrapper wp-block-button\"><a href=\"https:\/\/firemanhouse.com\/index.php\/contact\/\" class=\"uagb-infobox-cta-link wp-block-button__link\" target=\"_self\" rel=\"noopener noreferrer\" onclick=\"return true;\"><span class=\"uagb-inline-editing\">Cotiza ahora.<\/span><\/a><\/div><\/div><\/div>\n<\/div>\n\n\n\n<div class=\"wp-block-uagb-container uagb-block-ea25e26e\">\n<figure class=\"wp-block-gallery has-nested-images columns-default is-cropped wp-block-gallery-1 is-layout-flex wp-block-gallery-is-layout-flex\">\n<figure class=\"wp-block-image size-large\"><img loading=\"lazy\" decoding=\"async\" width=\"1024\" height=\"683\" src=\"https:\/\/firemanhouse.com\/wp-content\/uploads\/2023\/04\/redes-contra-incendio-1024x683.jpg\" alt=\"\" class=\"wp-image-1213\" srcset=\"https:\/\/firemanhouse.com\/wp-content\/uploads\/2023\/04\/redes-contra-incendio-1024x683.jpg 1024w, https:\/\/firemanhouse.com\/wp-content\/uploads\/2023\/04\/redes-contra-incendio-300x200.jpg 300w, https:\/\/firemanhouse.com\/wp-content\/uploads\/2023\/04\/redes-contra-incendio-768x512.jpg 768w, https:\/\/firemanhouse.com\/wp-content\/uploads\/2023\/04\/redes-contra-incendio.jpg 1152w\" sizes=\"(max-width: 1024px) 100vw, 1024px\" \/><\/figure>\n<\/figure>\n<\/div>\n<\/div><\/div>\n\n\n\n<div class=\"wp-block-uagb-container uagb-block-a46258c9 alignfull uagb-is-root-container\"><div class=\"uagb-container-inner-blocks-wrap\"><\/div><\/div>\n","protected":false},"excerpt":{"rendered":"","protected":false},"author":1,"featured_media":0,"parent":0,"menu_order":0,"comment_status":"closed","ping_status":"closed","template":"","meta":{"_uag_custom_page_level_css":"","site-sidebar-layout":"default","site-content-layout":"default","ast-global-header-display":"","ast-main-header-display":"","ast-hfb-above-header-display":"","ast-hfb-below-header-display":"","ast-hfb-mobile-header-display":"","site-post-title":"","ast-breadcrumbs-content":"","ast-featured-img":"","footer-sml-layout":"","theme-transparent-header-meta":"disabled","adv-header-id-meta":"","stick-header-meta":"","header-above-stick-meta":"","header-main-stick-meta":"","header-below-stick-meta":"","_joinchat":[],"footnotes":""},"_hostinger_reach_plugin_has_subscription_block":false,"_hostinger_reach_plugin_is_elementor":false,"uagb_featured_image_src":{"full":false,"thumbnail":false,"medium":false,"medium_large":false,"large":false,"1536x1536":false,"2048x2048":false},"uagb_author_info":{"display_name":"firemanhousevirtual@gmail.com","author_link":"https:\/\/firemanhouse.com\/index.php\/author\/firemanhousevirtualgmail-com\/"},"uagb_comment_info":0,"uagb_excerpt":null,"_links":{"self":[{"href":"https:\/\/firemanhouse.com\/index.php\/wp-json\/wp\/v2\/pages\/1003"}],"collection":[{"href":"https:\/\/firemanhouse.com\/index.php\/wp-json\/wp\/v2\/pages"}],"about":[{"href":"https:\/\/firemanhouse.com\/index.php\/wp-json\/wp\/v2\/types\/page"}],"author":[{"embeddable":true,"href":"https:\/\/firemanhouse.com\/index.php\/wp-json\/wp\/v2\/users\/1"}],"replies":[{"embeddable":true,"href":"https:\/\/firemanhouse.com\/index.php\/wp-json\/wp\/v2\/comments?post=1003"}],"version-history":[{"count":20,"href":"https:\/\/firemanhouse.com\/index.php\/wp-json\/wp\/v2\/pages\/1003\/revisions"}],"predecessor-version":[{"id":1918,"href":"https:\/\/firemanhouse.com\/index.php\/wp-json\/wp\/v2\/pages\/1003\/revisions\/1918"}],"wp:attachment":[{"href":"https:\/\/firemanhouse.com\/index.php\/wp-json\/wp\/v2\/media?parent=1003"}],"curies":[{"name":"wp","href":"https:\/\/api.w.org\/{rel}","templated":true}]}}