{"id":1090,"date":"2023-03-28T22:08:28","date_gmt":"2023-03-29T03:08:28","guid":{"rendered":"https:\/\/firemanhouse.com\/?page_id=1090"},"modified":"2026-03-13T19:02:28","modified_gmt":"2026-03-14T00:02:28","slug":"vehiculos-emergencia","status":"publish","type":"page","link":"https:\/\/firemanhouse.com\/index.php\/vehiculos-emergencia\/","title":{"rendered":"Veh\u00edculos de emergencia"},"content":{"rendered":"\n<div class=\"wp-block-uagb-image uagb-block-0f7e16b4 wp-block-uagb-image--layout-default wp-block-uagb-image--effect-static wp-block-uagb-image--align-none\"><figure class=\"wp-block-uagb-image__figure\"><img decoding=\"async\" srcset=\"https:\/\/firemanhouse.com\/wp-content\/uploads\/2026\/03\/web-6.png ,https:\/\/firemanhouse.com\/wp-content\/uploads\/2026\/03\/web-6.png 780w, https:\/\/firemanhouse.com\/wp-content\/uploads\/2026\/03\/web-6.png 360w\" sizes=\"(max-width: 480px) 150px\" src=\"https:\/\/firemanhouse.com\/wp-content\/uploads\/2026\/03\/web-6.png\" alt=\"\" class=\"uag-image-1848\" width=\"978\" height=\"614\" title=\"web 6\" loading=\"lazy\" role=\"img\"\/><\/figure><\/div>\n\n\n\n<div class=\"wp-block-uagb-image uagb-block-c79400bf wp-block-uagb-image--layout-default wp-block-uagb-image--effect-static wp-block-uagb-image--align-none\"><figure class=\"wp-block-uagb-image__figure\"><img decoding=\"async\" srcset=\"https:\/\/firemanhouse.com\/wp-content\/uploads\/2026\/03\/web-3.png ,https:\/\/firemanhouse.com\/wp-content\/uploads\/2026\/03\/web-3.png 780w, https:\/\/firemanhouse.com\/wp-content\/uploads\/2026\/03\/web-3.png 360w\" sizes=\"(max-width: 480px) 150px\" src=\"https:\/\/firemanhouse.com\/wp-content\/uploads\/2026\/03\/web-3.png\" alt=\"\" class=\"uag-image-1844\" width=\"978\" height=\"438\" title=\"web-3\" loading=\"lazy\" role=\"img\"\/><\/figure><\/div>\n\n\n\n<figure class=\"wp-block-embed is-type-video is-provider-youtube wp-block-embed-youtube wp-embed-aspect-16-9 wp-has-aspect-ratio\"><div class=\"wp-block-embed__wrapper\">\n<div class=\"ast-oembed-container\" style=\"height: 100%;\"><iframe loading=\"lazy\" title=\"Dise\u00f1o y Fabricaci\u00f3n de Veh\u00edculos de Bomberos | Modelos 3D \u2013 Fireman House\" width=\"500\" height=\"281\" src=\"https:\/\/www.youtube.com\/embed\/3hRfJTWAIQM?feature=oembed\" frameborder=\"0\" allow=\"accelerometer; autoplay; clipboard-write; encrypted-media; gyroscope; picture-in-picture; web-share\" referrerpolicy=\"strict-origin-when-cross-origin\" allowfullscreen><\/iframe><\/div>\n<\/div><\/figure>\n\n\n\n<div class=\"wp-block-uagb-container uagb-block-06b9fc9d alignfull uagb-is-root-container\"><div class=\"uagb-container-inner-blocks-wrap\">\n<div class=\"wp-block-uagb-container uagb-block-0568da95\">\n<div class=\"wp-block-uagb-info-box uagb-block-a73959eb uagb-infobox__content-wrap  uagb-infobox-icon-above-title uagb-infobox-image-valign-top\"><div class=\"uagb-ifb-content\"><div class=\"uagb-ifb-title-wrap\"><h3 class=\"uagb-ifb-title\">Veh\u00edculos extintores<\/h3><\/div><p class=\"uagb-ifb-desc\">En Fireman House ofrecemos una amplia gama de veh\u00edculos extintores para combatir los incendios de manera efectiva y segura. Nuestros veh\u00edculos est\u00e1n equipados con sistemas de extinci\u00f3n avanzados y cuentan con un amplio espacio para transportar todo el equipo necesario para las operaciones de extinci\u00f3n de incendios. Adem\u00e1s, trabajamos con las mejores marcas del mercado para garantizarte veh\u00edculos de emergencia confiables y duraderos.<\/p><div class=\"uagb-ifb-button-wrapper wp-block-button\"><a href=\"https:\/\/heyzine.com\/flip-book\/33a0f84616.html\" class=\"uagb-infobox-cta-link wp-block-button__link\" target=\"_self\" rel=\"noopener noreferrer\" onclick=\"return true;\"><span class=\"uagb-inline-editing\">Ficha T\u00e9cnica.<\/span><\/a><\/div><\/div><\/div>\n<\/div>\n\n\n\n<div class=\"wp-block-uagb-container uagb-block-13b0b675\">\n<figure class=\"wp-block-image size-large\"><img loading=\"lazy\" decoding=\"async\" width=\"1024\" height=\"683\" src=\"https:\/\/firemanhouse.com\/wp-content\/uploads\/2026\/03\/web-9-1024x683.png\" alt=\"\" class=\"wp-image-1853\" srcset=\"https:\/\/firemanhouse.com\/wp-content\/uploads\/2026\/03\/web-9-1024x683.png 1024w, https:\/\/firemanhouse.com\/wp-content\/uploads\/2026\/03\/web-9-300x200.png 300w, https:\/\/firemanhouse.com\/wp-content\/uploads\/2026\/03\/web-9-768x512.png 768w, https:\/\/firemanhouse.com\/wp-content\/uploads\/2026\/03\/web-9.png 1536w\" sizes=\"(max-width: 1024px) 100vw, 1024px\" \/><\/figure>\n<\/div>\n<\/div><\/div>\n\n\n\n<div class=\"wp-block-uagb-container uagb-block-8b9ba1ea alignfull uagb-is-root-container\"><div class=\"uagb-container-inner-blocks-wrap\">\n<div class=\"wp-block-uagb-container uagb-block-01e14fb3\">\n<div class=\"wp-block-uagb-image alignleft uagb-block-508260c8 wp-block-uagb-image--layout-default wp-block-uagb-image--effect-static wp-block-uagb-image--align-left\"><figure class=\"wp-block-uagb-image__figure\"><img decoding=\"async\" srcset=\"https:\/\/firemanhouse.com\/wp-content\/uploads\/2026\/03\/web-12-2-1024x683.png ,https:\/\/firemanhouse.com\/wp-content\/uploads\/2026\/03\/web-12-2.png 780w, https:\/\/firemanhouse.com\/wp-content\/uploads\/2026\/03\/web-12-2.png 360w\" sizes=\"(max-width: 480px) 150px\" src=\"https:\/\/firemanhouse.com\/wp-content\/uploads\/2026\/03\/web-12-2-1024x683.png\" alt=\"\" class=\"uag-image-1860\" width=\"1024\" height=\"678\" title=\"web-12-2\" loading=\"lazy\" role=\"img\"\/><\/figure><\/div>\n<\/div>\n\n\n\n<div class=\"wp-block-uagb-container uagb-block-5b96cf14\">\n<div class=\"wp-block-uagb-info-box uagb-block-a2a7887c uagb-infobox__content-wrap  uagb-infobox-icon-above-title uagb-infobox-image-valign-top\"><div class=\"uagb-ifb-content\"><div class=\"uagb-ifb-title-wrap\"><h3 class=\"uagb-ifb-title\">Unidades de rescate.<\/h3><\/div><p class=\"uagb-ifb-desc\">En situaciones de emergencia, cada segundo cuenta. Por ello ofrecemos <strong>unidades de rescate sobre plataforma tipo camioneta<\/strong>, dise\u00f1adas para transportar y organizar herramientas y equipos de intervenci\u00f3n que son utilizados con frecuencia durante las operaciones.<br>Estas unidades cuentan con <strong>compartimientos funcionales que permiten un acceso r\u00e1pido y seguro a los equipos<\/strong>, facilitando el trabajo del personal en el lugar de la emergencia. Su dise\u00f1o \u00e1gil y vers\u00e1til permite llegar a zonas de dif\u00edcil acceso y operar como veh\u00edculo de apoyo para m\u00e1quinas extintoras o cisternas durante las labores de respuesta.<\/p><div class=\"uagb-ifb-button-wrapper wp-block-button\"><a href=\"https:\/\/heyzine.com\/flip-book\/d1c2b6fff2.html\" class=\"uagb-infobox-cta-link wp-block-button__link\" target=\"_self\" rel=\"noopener noreferrer\" onclick=\"return true;\"><span class=\"uagb-inline-editing\">Ficha T\u00e9cnica.<\/span><\/a><\/div><\/div><\/div>\n<\/div>\n<\/div><\/div>\n\n\n\n<div class=\"wp-block-uagb-container uagb-block-c851e904 alignfull uagb-is-root-container\"><div class=\"uagb-container-inner-blocks-wrap\">\n<div class=\"wp-block-uagb-container uagb-block-65487cc7\">\n<div class=\"wp-block-uagb-info-box uagb-block-4cc8cfd3 uagb-infobox__content-wrap  uagb-infobox-icon-above-title uagb-infobox-image-valign-top\"><div class=\"uagb-ifb-content\"><div class=\"uagb-ifb-title-wrap\"><h3 class=\"uagb-ifb-title\">Unidades de ataque r\u00e1pido.<\/h3><\/div><p class=\"uagb-ifb-desc\">En situaciones de emergencia, cada segundo cuenta. Por ello ofrecemos <strong>camionetas 100% personalizadas de ataque r\u00e1pido sobre plataforma tipo pickup<\/strong>, dise\u00f1adas para brindar una intervenci\u00f3n inicial \u00e1gil y eficiente en incendios incipientes y otras situaciones que requieren una respuesta inmediata. Estas unidades cuentan con <strong>sistemas de almacenamiento para equipos de primera intervenci\u00f3n<\/strong>, permitiendo transportar herramientas, l\u00edneas de ataque, equipos de extinci\u00f3n y otros recursos necesarios para la atenci\u00f3n inicial de la emergencia en zonas urbanas o rurales de dif\u00edcil acceso.<\/p><div class=\"uagb-ifb-button-wrapper wp-block-button\"><a href=\"https:\/\/heyzine.com\/flip-book\/d1c2b6fff2.html\" class=\"uagb-infobox-cta-link wp-block-button__link\" target=\"_self\" rel=\"noopener noreferrer\" onclick=\"return true;\"><span class=\"uagb-inline-editing\">Ficha T\u00e9cnica.<\/span><\/a><\/div><\/div><\/div>\n<\/div>\n\n\n\n<div class=\"wp-block-uagb-container uagb-block-1757d01f\">\n<figure class=\"wp-block-image size-large\"><img loading=\"lazy\" decoding=\"async\" width=\"1024\" height=\"683\" src=\"https:\/\/firemanhouse.com\/wp-content\/uploads\/2026\/03\/web-13-1024x683.jpeg\" alt=\"\" class=\"wp-image-1864\" srcset=\"https:\/\/firemanhouse.com\/wp-content\/uploads\/2026\/03\/web-13-1024x683.jpeg 1024w, https:\/\/firemanhouse.com\/wp-content\/uploads\/2026\/03\/web-13-300x200.jpeg 300w, https:\/\/firemanhouse.com\/wp-content\/uploads\/2026\/03\/web-13-768x512.jpeg 768w, https:\/\/firemanhouse.com\/wp-content\/uploads\/2026\/03\/web-13.jpeg 1536w\" sizes=\"(max-width: 1024px) 100vw, 1024px\" \/><\/figure>\n<\/div>\n<\/div><\/div>\n\n\n\n<div class=\"wp-block-uagb-container uagb-block-a7408229 alignfull uagb-is-root-container\"><div class=\"uagb-container-inner-blocks-wrap\">\n<div class=\"wp-block-uagb-container uagb-block-57969b74\">\n<div class=\"wp-block-uagb-image alignleft uagb-block-5ef13896 wp-block-uagb-image--layout-default wp-block-uagb-image--effect-static wp-block-uagb-image--align-left\"><figure class=\"wp-block-uagb-image__figure\"><img decoding=\"async\" srcset=\"https:\/\/firemanhouse.com\/wp-content\/uploads\/2026\/03\/web-7-1024x683.png ,https:\/\/firemanhouse.com\/wp-content\/uploads\/2026\/03\/web-7.png 780w, https:\/\/firemanhouse.com\/wp-content\/uploads\/2026\/03\/web-7.png 360w\" sizes=\"(max-width: 480px) 150px\" src=\"https:\/\/firemanhouse.com\/wp-content\/uploads\/2026\/03\/web-7-1024x683.png\" alt=\"\" class=\"uag-image-1851\" width=\"1024\" height=\"768\" title=\"web-7\" loading=\"lazy\" role=\"img\"\/><\/figure><\/div>\n<\/div>\n\n\n\n<div class=\"wp-block-uagb-container uagb-block-a6a258fc\">\n<div class=\"wp-block-uagb-info-box uagb-block-8bad949d uagb-infobox__content-wrap  uagb-infobox-icon-above-title uagb-infobox-image-valign-top\"><div class=\"uagb-ifb-content\"><div class=\"uagb-ifb-title-wrap\"><h3 class=\"uagb-ifb-title\">Ambulancias<\/h3><\/div><p class=\"uagb-ifb-desc\">En Fireman House sabemos que cada segundo cuenta en una emergencia m\u00e9dica, por lo que ofrecemos ambulancias de la m\u00e1s alta calidad para brindar un servicio de atenci\u00f3n m\u00e9dica inmediata y eficiente. Nuestras ambulancias est\u00e1n equipadas con tecnolog\u00eda avanzada y cuentan con un amplio espacio para el transporte de pacientes y equipo m\u00e9dico. Adem\u00e1s, trabajamos con las mejores marcas del mercado para garantizarte veh\u00edculos de emergencia confiables y duraderos.<\/p><div class=\"uagb-ifb-button-wrapper wp-block-button\"><a href=\"https:\/\/heyzine.com\/flip-book\/a8365750e0.html\" class=\"uagb-infobox-cta-link wp-block-button__link\" target=\"_self\" rel=\"noopener noreferrer\" onclick=\"return true;\"><span class=\"uagb-inline-editing\">Ficha T\u00e9cnica.<\/span><\/a><\/div><\/div><\/div>\n<\/div>\n<\/div><\/div>\n\n\n\n<div class=\"wp-block-uagb-container uagb-block-0ae6ac8f alignfull uagb-is-root-container\"><div class=\"uagb-container-inner-blocks-wrap\">\n<div class=\"wp-block-uagb-container uagb-block-30048adb\">\n<div class=\"wp-block-uagb-info-box uagb-block-0c99cc3e uagb-infobox__content-wrap  uagb-infobox-icon-above-title uagb-infobox-image-valign-top\"><div class=\"uagb-ifb-content\"><div class=\"uagb-ifb-title-wrap\"><h3 class=\"uagb-ifb-title\">Camiones cisterna.<\/h3><\/div><p class=\"uagb-ifb-desc\">En Fireman House sabemos que el suministro de agua es esencial para las operaciones de extinci\u00f3n de incendios, por lo que ofrecemos camiones cisterna de alta capacidad para garantizar el suministro constante de agua durante las operaciones de emergencia. Nuestros camiones cisterna est\u00e1n equipados con tecnolog\u00eda avanzada y cuentan con un amplio espacio para transportar grandes cantidades de agua. Adem\u00e1s, trabajamos con las mejores marcas del mercado para garantizarte veh\u00edculos de emergencia confiables y duraderos.<\/p><div class=\"uagb-ifb-button-wrapper wp-block-button\"><a href=\"https:\/\/heyzine.com\/flip-book\/33a0f84616.html\" class=\"uagb-infobox-cta-link wp-block-button__link\" target=\"_self\" rel=\"noopener noreferrer\" onclick=\"return true;\"><span class=\"uagb-inline-editing\">Cat\u00e1logo<\/span><\/a><\/div><\/div><\/div>\n<\/div>\n\n\n\n<div class=\"wp-block-uagb-container uagb-block-df8c7541\">\n<figure class=\"wp-block-image size-large\"><img loading=\"lazy\" decoding=\"async\" width=\"1024\" height=\"683\" src=\"https:\/\/firemanhouse.com\/wp-content\/uploads\/2026\/03\/web-8-1024x683.png\" alt=\"\" class=\"wp-image-1852\" srcset=\"https:\/\/firemanhouse.com\/wp-content\/uploads\/2026\/03\/web-8-1024x683.png 1024w, https:\/\/firemanhouse.com\/wp-content\/uploads\/2026\/03\/web-8-300x200.png 300w, https:\/\/firemanhouse.com\/wp-content\/uploads\/2026\/03\/web-8-768x512.png 768w, https:\/\/firemanhouse.com\/wp-content\/uploads\/2026\/03\/web-8.png 1536w\" sizes=\"(max-width: 1024px) 100vw, 1024px\" \/><\/figure>\n<\/div>\n<\/div><\/div>\n\n\n\n<div class=\"wp-block-uagb-image uagb-block-d38e58fc wp-block-uagb-image--layout-default wp-block-uagb-image--effect-static wp-block-uagb-image--align-none\"><figure class=\"wp-block-uagb-image__figure\"><img decoding=\"async\" srcset=\"https:\/\/firemanhouse.com\/wp-content\/uploads\/2026\/03\/web-11-1-1024x342.png ,https:\/\/firemanhouse.com\/wp-content\/uploads\/2026\/03\/web-11-1.png 780w, https:\/\/firemanhouse.com\/wp-content\/uploads\/2026\/03\/web-11-1.png 360w\" sizes=\"(max-width: 480px) 150px\" src=\"https:\/\/firemanhouse.com\/wp-content\/uploads\/2026\/03\/web-11-1-1024x342.png\" alt=\"\" class=\"uag-image-1861\" width=\"1196\" height=\"399\" title=\"web-11-1\" loading=\"lazy\" role=\"img\"\/><\/figure><\/div>\n\n\n\n<div class=\"wp-block-uagb-container uagb-block-2ef6ba68 alignfull uagb-is-root-container\"><div class=\"uagb-container-inner-blocks-wrap\"><\/div><\/div>\n","protected":false},"excerpt":{"rendered":"","protected":false},"author":1,"featured_media":0,"parent":0,"menu_order":0,"comment_status":"closed","ping_status":"closed","template":"","meta":{"_uag_custom_page_level_css":"","site-sidebar-layout":"default","site-content-layout":"default","ast-global-header-display":"","ast-main-header-display":"","ast-hfb-above-header-display":"","ast-hfb-below-header-display":"","ast-hfb-mobile-header-display":"","site-post-title":"","ast-breadcrumbs-content":"","ast-featured-img":"","footer-sml-layout":"","theme-transparent-header-meta":"disabled","adv-header-id-meta":"","stick-header-meta":"","header-above-stick-meta":"","header-main-stick-meta":"","header-below-stick-meta":"","_joinchat":[],"footnotes":""},"_hostinger_reach_plugin_has_subscription_block":false,"_hostinger_reach_plugin_is_elementor":false,"uagb_featured_image_src":{"full":false,"thumbnail":false,"medium":false,"medium_large":false,"large":false,"1536x1536":false,"2048x2048":false},"uagb_author_info":{"display_name":"firemanhousevirtual@gmail.com","author_link":"https:\/\/firemanhouse.com\/index.php\/author\/firemanhousevirtualgmail-com\/"},"uagb_comment_info":0,"uagb_excerpt":null,"_links":{"self":[{"href":"https:\/\/firemanhouse.com\/index.php\/wp-json\/wp\/v2\/pages\/1090"}],"collection":[{"href":"https:\/\/firemanhouse.com\/index.php\/wp-json\/wp\/v2\/pages"}],"about":[{"href":"https:\/\/firemanhouse.com\/index.php\/wp-json\/wp\/v2\/types\/page"}],"author":[{"embeddable":true,"href":"https:\/\/firemanhouse.com\/index.php\/wp-json\/wp\/v2\/users\/1"}],"replies":[{"embeddable":true,"href":"https:\/\/firemanhouse.com\/index.php\/wp-json\/wp\/v2\/comments?post=1090"}],"version-history":[{"count":28,"href":"https:\/\/firemanhouse.com\/index.php\/wp-json\/wp\/v2\/pages\/1090\/revisions"}],"predecessor-version":[{"id":1914,"href":"https:\/\/firemanhouse.com\/index.php\/wp-json\/wp\/v2\/pages\/1090\/revisions\/1914"}],"wp:attachment":[{"href":"https:\/\/firemanhouse.com\/index.php\/wp-json\/wp\/v2\/media?parent=1090"}],"curies":[{"name":"wp","href":"https:\/\/api.w.org\/{rel}","templated":true}]}}