{"id":1092,"date":"2023-03-28T22:09:28","date_gmt":"2023-03-29T03:09:28","guid":{"rendered":"https:\/\/firemanhouse.com\/?page_id=1092"},"modified":"2023-04-13T14:02:05","modified_gmt":"2023-04-13T19:02:05","slug":"extintores","status":"publish","type":"page","link":"https:\/\/firemanhouse.com\/index.php\/extintores\/","title":{"rendered":"Mantenimiento de extintores"},"content":{"rendered":"\n<div class=\"wp-block-uagb-container uagb-block-032a2eec alignfull uagb-is-root-container\"><div class=\"uagb-container-inner-blocks-wrap\">\n<div class=\"wp-block-uagb-advanced-heading uagb-block-aac17907\"><h1 class=\"uagb-heading-text\">Recarga y mantenimiento de extintores.<\/h1><\/div>\n<\/div><\/div>\n\n\n\n<div class=\"wp-block-uagb-container uagb-block-c0967be3 alignfull uagb-is-root-container\"><div class=\"uagb-container-inner-blocks-wrap\">\n<div class=\"wp-block-uagb-container uagb-block-d946dd23\">\n<div class=\"wp-block-uagb-info-box uagb-block-511fc96f uagb-infobox__content-wrap  uagb-infobox-icon-above-title uagb-infobox-image-valign-top\"><div class=\"uagb-ifb-content\"><div class=\"uagb-ifb-title-wrap\"><h3 class=\"uagb-ifb-title\">Recarga, siempre alerta.<\/h3><\/div><p class=\"uagb-ifb-desc\">En Firemanhouse, sabemos que la seguridad contra incendios es de vital importancia, y es por eso que ofrecemos un servicio completo de recarga de extintores que incluye recordatorios de mantenimiento anual. Adem\u00e1s, nuestro servicio de recarga de extintores puerta a puerta asegura que el proceso de mantenimiento sea lo m\u00e1s f\u00e1cil y conveniente posible para nuestros clientes.<\/p><div class=\"uagb-ifb-button-wrapper wp-block-button\"><a href=\"https:\/\/firemanhouse.com\/index.php\/contact\/\" class=\"uagb-infobox-cta-link wp-block-button__link\" target=\"_self\" rel=\"noopener noreferrer\" onclick=\"return true;\" alt=\"\"><span class=\"uagb-inline-editing\">Cotiza ahora!<\/span><\/a><\/div><\/div><\/div>\n<\/div>\n\n\n\n<div class=\"wp-block-uagb-container uagb-block-47f9c1f5\">\n<figure class=\"wp-block-image size-large is-resized\"><a href=\"https:\/\/www.facebook.com\/FiremanH\"><img loading=\"lazy\" decoding=\"async\" src=\"http:\/\/firemanhouse.com\/wp-content\/uploads\/2023\/03\/2.1-carrusel-firemanhouse_Mesa-de-trabajo-1-1024x1024.png\" alt=\"\" class=\"wp-image-904\" width=\"512\" height=\"512\" srcset=\"https:\/\/firemanhouse.com\/wp-content\/uploads\/2023\/03\/2.1-carrusel-firemanhouse_Mesa-de-trabajo-1-1024x1024.png 1024w, https:\/\/firemanhouse.com\/wp-content\/uploads\/2023\/03\/2.1-carrusel-firemanhouse_Mesa-de-trabajo-1-300x300.png 300w, https:\/\/firemanhouse.com\/wp-content\/uploads\/2023\/03\/2.1-carrusel-firemanhouse_Mesa-de-trabajo-1-150x150.png 150w, https:\/\/firemanhouse.com\/wp-content\/uploads\/2023\/03\/2.1-carrusel-firemanhouse_Mesa-de-trabajo-1-768x768.png 768w, https:\/\/firemanhouse.com\/wp-content\/uploads\/2023\/03\/2.1-carrusel-firemanhouse_Mesa-de-trabajo-1-1536x1536.png 1536w, https:\/\/firemanhouse.com\/wp-content\/uploads\/2023\/03\/2.1-carrusel-firemanhouse_Mesa-de-trabajo-1-2048x2048.png 2048w\" sizes=\"(max-width: 512px) 100vw, 512px\" \/><\/a><\/figure>\n<\/div>\n<\/div><\/div>\n\n\n\n<div class=\"wp-block-uagb-container uagb-block-117fd346 alignfull uagb-is-root-container\"><div class=\"uagb-container-inner-blocks-wrap\">\n<div class=\"wp-block-uagb-container uagb-block-9e15d82a\">\n<div class=\"wp-block-uagb-image alignleft uagb-block-d8eed765 wp-block-uagb-image--layout-default wp-block-uagb-image--effect-static wp-block-uagb-image--align-left\"><figure class=\"wp-block-uagb-image__figure\"><img decoding=\"async\" srcset=\"https:\/\/firemanhouse.com\/wp-content\/uploads\/2023\/03\/thirst-quencher-fun-thirst-1729044-1024x723.jpg \" src=\"https:\/\/firemanhouse.com\/wp-content\/uploads\/2023\/03\/thirst-quencher-fun-thirst-1729044-1024x723.jpg\" alt=\"thirst quencher, fun, thirst-1729044.jpg\" class=\"uag-image-1145\" width=\"\" height=\"\" title=\"\" loading=\"lazy\"\/><\/figure><\/div>\n<\/div>\n\n\n\n<div class=\"wp-block-uagb-container uagb-block-5858c496\">\n<div class=\"wp-block-uagb-info-box uagb-block-db5c7a11 uagb-infobox__content-wrap  uagb-infobox-icon-above-title uagb-infobox-image-valign-top\"><div class=\"uagb-ifb-content\"><div class=\"uagb-ifb-title-wrap\"><h3 class=\"uagb-ifb-title\">Servicio puerta a puerta.<\/h3><\/div><p class=\"uagb-ifb-desc\">Nuestros expertos certificados recogen los extintores en la ubicaci\u00f3n del cliente, los llevan a nuestro laboratorio y realizan el mantenimiento o recarga necesarios para que est\u00e9n listos para cualquier emergencia. Adem\u00e1s, nuestro servicio incluye la revisi\u00f3n visual del equipo, la sustituci\u00f3n de piezas defectuosas y la recertificaci\u00f3n del extintor de acuerdo con las normativas de seguridad y cumplimiento.<br>En Firemanhouse, nos enorgullece ofrecer un servicio al cliente excepcional. Trabajamos de manera r\u00e1pida y eficiente para minimizar el tiempo de inactividad de sus equipos y asegurarnos de que su propiedad est\u00e9 protegida contra incendios. Adem\u00e1s, nuestro servicio puerta a puerta asegura que la recarga de extintores sea m\u00e1s c\u00f3moda y conveniente para nuestros clientes.<\/p><div class=\"uagb-ifb-button-wrapper wp-block-button\"><a href=\"https:\/\/firemanhouse.com\/index.php\/contact\/\" class=\"uagb-infobox-cta-link wp-block-button__link\" target=\"_self\" rel=\"noopener noreferrer\" onclick=\"return true;\" alt=\"\"><span class=\"uagb-inline-editing\">Asesor\u00eda.<\/span><\/a><\/div><\/div><\/div>\n<\/div>\n<\/div><\/div>\n\n\n\n<div class=\"wp-block-uagb-container uagb-block-d1d7bc75 alignfull uagb-is-root-container\"><div class=\"uagb-container-inner-blocks-wrap\">\n<div class=\"wp-block-uagb-container uagb-block-7c554094\">\n<div class=\"wp-block-uagb-info-box uagb-block-a45a7297 uagb-infobox__content-wrap  uagb-infobox-icon-above-title uagb-infobox-image-valign-top\"><div class=\"uagb-ifb-content\"><div class=\"uagb-ifb-title-wrap\"><h3 class=\"uagb-ifb-title\">cumplimiento normativo.<\/h3><\/div><p class=\"uagb-ifb-desc\">Nuestro servicio de recordatorio de mantenimiento anual asegura que nuestros clientes no se olviden de la importancia de mantener sus extintores en buen estado. Enviamos recordatorios anuales para que nuestros clientes puedan programar f\u00e1cilmente su mantenimiento y cumplir con las regulaciones de seguridad.<br>No dude en ponerse en contacto con nosotros para obtener m\u00e1s informaci\u00f3n sobre nuestros servicios de recarga de extintores, incluyendo nuestro servicio de recordatorio de mantenimiento anual. Conf\u00ede en nuestra experiencia y conocimientos t\u00e9cnicos para mantener su equipo de seguridad contra incendios en perfecto estado.<\/p><div class=\"uagb-ifb-button-wrapper wp-block-button\"><a href=\"https:\/\/firemanhouse.com\/index.php\/contact\/\" class=\"uagb-infobox-cta-link wp-block-button__link\" target=\"_self\" rel=\"noopener noreferrer\" onclick=\"return true;\" alt=\"\"><span class=\"uagb-inline-editing\">Asesor\u00eda.<\/span><\/a><\/div><\/div><\/div>\n<\/div>\n\n\n\n<div class=\"wp-block-uagb-container uagb-block-61329436\">\n<figure class=\"wp-block-image size-large\"><img decoding=\"async\" src=\"http:\/\/firemanhouse.com\/wp-content\/uploads\/2023\/03\/cockpit-plane-fire-extinguisher-2324610-1024x682.jpg\" alt=\"cockpit, plane, fire extinguisher-2324610.jpg\" class=\"wp-image-1146\"\/><\/figure>\n<\/div>\n<\/div><\/div>\n\n\n\n<div class=\"wp-block-uagb-container uagb-block-d0c5508a alignfull uagb-is-root-container\"><div class=\"uagb-container-inner-blocks-wrap\"><\/div><\/div>\n","protected":false},"excerpt":{"rendered":"<p>Recarga y mantenimiento de extintores.<\/p>\n","protected":false},"author":1,"featured_media":0,"parent":0,"menu_order":0,"comment_status":"closed","ping_status":"closed","template":"","meta":{"_uag_custom_page_level_css":"","site-sidebar-layout":"default","site-content-layout":"default","ast-global-header-display":"","ast-main-header-display":"","ast-hfb-above-header-display":"","ast-hfb-below-header-display":"","ast-hfb-mobile-header-display":"","site-post-title":"disabled","ast-breadcrumbs-content":"","ast-featured-img":"","footer-sml-layout":"","theme-transparent-header-meta":"disabled","adv-header-id-meta":"","stick-header-meta":"","header-above-stick-meta":"","header-main-stick-meta":"","header-below-stick-meta":"","_joinchat":[],"footnotes":""},"_hostinger_reach_plugin_has_subscription_block":false,"_hostinger_reach_plugin_is_elementor":false,"uagb_featured_image_src":{"full":false,"thumbnail":false,"medium":false,"medium_large":false,"large":false,"1536x1536":false,"2048x2048":false},"uagb_author_info":{"display_name":"firemanhousevirtual@gmail.com","author_link":"https:\/\/firemanhouse.com\/index.php\/author\/firemanhousevirtualgmail-com\/"},"uagb_comment_info":0,"uagb_excerpt":"Recarga y mantenimiento de extintores.","_links":{"self":[{"href":"https:\/\/firemanhouse.com\/index.php\/wp-json\/wp\/v2\/pages\/1092"}],"collection":[{"href":"https:\/\/firemanhouse.com\/index.php\/wp-json\/wp\/v2\/pages"}],"about":[{"href":"https:\/\/firemanhouse.com\/index.php\/wp-json\/wp\/v2\/types\/page"}],"author":[{"embeddable":true,"href":"https:\/\/firemanhouse.com\/index.php\/wp-json\/wp\/v2\/users\/1"}],"replies":[{"embeddable":true,"href":"https:\/\/firemanhouse.com\/index.php\/wp-json\/wp\/v2\/comments?post=1092"}],"version-history":[{"count":12,"href":"https:\/\/firemanhouse.com\/index.php\/wp-json\/wp\/v2\/pages\/1092\/revisions"}],"predecessor-version":[{"id":1222,"href":"https:\/\/firemanhouse.com\/index.php\/wp-json\/wp\/v2\/pages\/1092\/revisions\/1222"}],"wp:attachment":[{"href":"https:\/\/firemanhouse.com\/index.php\/wp-json\/wp\/v2\/media?parent=1092"}],"curies":[{"name":"wp","href":"https:\/\/api.w.org\/{rel}","templated":true}]}}