{"id":1100,"date":"2023-03-28T22:12:53","date_gmt":"2023-03-29T03:12:53","guid":{"rendered":"https:\/\/firemanhouse.com\/?page_id=1100"},"modified":"2025-11-04T12:43:42","modified_gmt":"2025-11-04T17:43:42","slug":"deteccion","status":"publish","type":"page","link":"https:\/\/firemanhouse.com\/index.php\/deteccion\/","title":{"rendered":"Detecci\u00f3n contra incendios"},"content":{"rendered":"\n<div class=\"wp-block-uagb-container uagb-block-950fb3b9 alignfull uagb-is-root-container\"><div class=\"uagb-container-inner-blocks-wrap\">\n<div class=\"wp-block-uagb-advanced-heading uagb-block-f175dd32\"><h1 class=\"uagb-heading-text\"><br>Detecci\u00f3n contra incendios<\/h1><\/div>\n<\/div><\/div>\n\n\n\n<div class=\"wp-block-uagb-container uagb-block-492ee483 alignfull uagb-is-root-container\"><div class=\"uagb-container-inner-blocks-wrap\">\n<div class=\"wp-block-uagb-container uagb-block-0c2a71ed\">\n<div class=\"wp-block-uagb-info-box uagb-block-1f805c9f uagb-infobox__content-wrap  uagb-infobox-icon-above-title uagb-infobox-image-valign-top\"><div class=\"uagb-ifb-content\"><div class=\"uagb-ifb-title-wrap\"><h3 class=\"uagb-ifb-title\">Mant\u00e9n tu negocio y tu hogar seguro con los sistemas de detecci\u00f3n de Fireman House.<\/h3><\/div><p class=\"uagb-ifb-desc\">En Firemanhouse, entendemos la importancia de mantener tu negocio protegido contra incendios. Por eso, ofrecemos una amplia gama de sistemas de detecci\u00f3n contra incendios para adaptarse a las necesidades \u00fanicas de tu negocio.<br>Nuestros sistemas de detecci\u00f3n contra incendios est\u00e1n dise\u00f1ados para detectar r\u00e1pidamente cualquier signo de fuego, lo que permite a los ocupantes del edificio evacuar de manera segura y alertar a los servicios de emergencia en caso de que se necesite su intervenci\u00f3n.<br>Adem\u00e1s, nuestros sistemas de detecci\u00f3n contra incendios est\u00e1n equipados con la \u00faltima tecnolog\u00eda en detecci\u00f3n, lo que garantiza que cualquier signo de fuego sea detectado de manera r\u00e1pida y efectiva.<\/p><div class=\"uagb-ifb-button-wrapper wp-block-button\"><a href=\"https:\/\/firemanhouse.com\/index.php\/contact\/\" class=\"uagb-infobox-cta-link wp-block-button__link\" target=\"_self\" rel=\"noopener noreferrer\" onclick=\"return true;\"><span class=\"uagb-inline-editing\">Cotiza Ahora!<\/span><\/a><\/div><\/div><\/div>\n<\/div>\n\n\n\n<div class=\"wp-block-uagb-container uagb-block-581f8b40\">\n<figure class=\"wp-block-image size-large\"><img loading=\"lazy\" decoding=\"async\" width=\"1024\" height=\"731\" src=\"http:\/\/firemanhouse.com\/wp-content\/uploads\/2023\/03\/sailor-us-navy-radar-technician-79529-1024x731.jpg\" alt=\"sailor, us navy, radar technician-79529.jpg\" class=\"wp-image-1109\" srcset=\"https:\/\/firemanhouse.com\/wp-content\/uploads\/2023\/03\/sailor-us-navy-radar-technician-79529-1024x731.jpg 1024w, https:\/\/firemanhouse.com\/wp-content\/uploads\/2023\/03\/sailor-us-navy-radar-technician-79529-300x214.jpg 300w, https:\/\/firemanhouse.com\/wp-content\/uploads\/2023\/03\/sailor-us-navy-radar-technician-79529-768x548.jpg 768w, https:\/\/firemanhouse.com\/wp-content\/uploads\/2023\/03\/sailor-us-navy-radar-technician-79529.jpg 1280w\" sizes=\"(max-width: 1024px) 100vw, 1024px\" \/><\/figure>\n<\/div>\n<\/div><\/div>\n\n\n\n<div class=\"wp-block-uagb-container uagb-block-3f34ef20 alignfull uagb-is-root-container\"><div class=\"uagb-container-inner-blocks-wrap\">\n<div class=\"wp-block-uagb-container uagb-block-b9889777\">\n<div class=\"wp-block-uagb-image alignleft uagb-block-30ce051e wp-block-uagb-image--layout-default wp-block-uagb-image--effect-static wp-block-uagb-image--align-left\"><figure class=\"wp-block-uagb-image__figure\"><img decoding=\"async\" srcset=\"https:\/\/firemanhouse.com\/wp-content\/uploads\/2023\/03\/th.jpg \" sizes=\"(max-width: 480px) 150px\" src=\"https:\/\/firemanhouse.com\/wp-content\/uploads\/2023\/03\/th.jpg\" alt=\"\" class=\"uag-image-1106\" width=\"474\" height=\"361\" title=\"\" loading=\"lazy\"\/><\/figure><\/div>\n<\/div>\n\n\n\n<div class=\"wp-block-uagb-container uagb-block-d93fb1a8\">\n<div class=\"wp-block-uagb-info-box uagb-block-941f915e uagb-infobox__content-wrap  uagb-infobox-icon-above-title uagb-infobox-image-valign-top\"><div class=\"uagb-ifb-content\"><div class=\"uagb-ifb-title-wrap\"><h3 class=\"uagb-ifb-title\">Sistemas de detecci\u00f3n por humo<\/h3><\/div><p class=\"uagb-ifb-desc\">Estos sistemas son capaces de detectar el humo producido por un incendio antes de que se propague y se convierta en llamas. Los sistemas de detecci\u00f3n por humo son ideales para espacios con alta cantidad de materiales combustibles y donde el fuego puede propagarse r\u00e1pidamente, como almacenes, f\u00e1bricas y hospitales. Los beneficios de los sistemas de detecci\u00f3n por humo incluyen una detecci\u00f3n temprana del incendio, lo que permite a los ocupantes del edificio evacuar de manera segura y alertar a los servicios de emergencia a tiempo.<\/p><div class=\"uagb-ifb-button-wrapper wp-block-button\"><a href=\"https:\/\/heyzine.com\/flip-book\/e229936729.html\" class=\"uagb-infobox-cta-link wp-block-button__link\" target=\"_self\" rel=\"noopener noreferrer\" onclick=\"return true;\"><span class=\"uagb-inline-editing\">Ver M\u00e1s.<\/span><\/a><\/div><\/div><\/div>\n<\/div>\n<\/div><\/div>\n\n\n\n<div class=\"wp-block-uagb-container uagb-block-fb39d33a alignfull uagb-is-root-container\"><div class=\"uagb-container-inner-blocks-wrap\">\n<div class=\"wp-block-uagb-container uagb-block-ae91b260\">\n<div class=\"wp-block-uagb-info-box uagb-block-07ce43e5 uagb-infobox__content-wrap  uagb-infobox-icon-above-title uagb-infobox-image-valign-top\"><div class=\"uagb-ifb-content\"><div class=\"uagb-ifb-title-wrap\"><h3 class=\"uagb-ifb-title\">Sistemas de detecci\u00f3n de llamas.<\/h3><\/div><p class=\"uagb-ifb-desc\">Los sistemas de detecci\u00f3n de llamas son ideales para entornos con alta probabilidad de incendios por combusti\u00f3n. Estos sistemas utilizan sensores \u00f3pticos para detectar la radiaci\u00f3n infrarroja emitida por las llamas y activan la alarma en caso de detecci\u00f3n. Son sistemas muy sensibles y pueden detectar incendios en etapas muy tempranas, lo que ayuda a prevenir da\u00f1os mayores.<\/p><div class=\"uagb-ifb-button-wrapper wp-block-button\"><a href=\"https:\/\/firemanhouse.com\/index.php\/contact\/\" class=\"uagb-infobox-cta-link wp-block-button__link\" target=\"_self\" rel=\"noopener noreferrer\" onclick=\"return true;\"><span class=\"uagb-inline-editing\">COTIZAR<\/span><\/a><\/div><\/div><\/div>\n<\/div>\n\n\n\n<div class=\"wp-block-uagb-container uagb-block-10fa6135\">\n<figure class=\"wp-block-image size-large\"><img loading=\"lazy\" decoding=\"async\" width=\"1024\" height=\"540\" src=\"http:\/\/firemanhouse.com\/wp-content\/uploads\/2023\/03\/flame-lighter-light-1363095-1024x540.jpg\" alt=\"flame, lighter, light-1363095.jpg\" class=\"wp-image-1110\" srcset=\"https:\/\/firemanhouse.com\/wp-content\/uploads\/2023\/03\/flame-lighter-light-1363095-1024x540.jpg 1024w, https:\/\/firemanhouse.com\/wp-content\/uploads\/2023\/03\/flame-lighter-light-1363095-300x158.jpg 300w, https:\/\/firemanhouse.com\/wp-content\/uploads\/2023\/03\/flame-lighter-light-1363095-768x405.jpg 768w, https:\/\/firemanhouse.com\/wp-content\/uploads\/2023\/03\/flame-lighter-light-1363095.jpg 1280w\" sizes=\"(max-width: 1024px) 100vw, 1024px\" \/><\/figure>\n<\/div>\n<\/div><\/div>\n\n\n\n<div class=\"wp-block-uagb-container uagb-block-eed7f065 alignfull uagb-is-root-container\"><div class=\"uagb-container-inner-blocks-wrap\">\n<div class=\"wp-block-uagb-container uagb-block-2462a912\">\n<div class=\"wp-block-uagb-image alignleft uagb-block-5d5300dc wp-block-uagb-image--layout-default wp-block-uagb-image--effect-static wp-block-uagb-image--align-left\"><figure class=\"wp-block-uagb-image__figure\"><img decoding=\"async\" srcset=\"https:\/\/firemanhouse.com\/wp-content\/uploads\/2023\/03\/temperature-climate-change-the-global-warming-7164936-1024x682.jpg \" sizes=\"(max-width: 480px) 150px\" src=\"https:\/\/firemanhouse.com\/wp-content\/uploads\/2023\/03\/temperature-climate-change-the-global-warming-7164936-1024x682.jpg\" alt=\"temperature, climate change, the global warming-7164936.jpg\" class=\"uag-image-1113\" width=\"1024\" height=\"682\" title=\"\" loading=\"lazy\"\/><\/figure><\/div>\n<\/div>\n\n\n\n<div class=\"wp-block-uagb-container uagb-block-6db9350c\">\n<div class=\"wp-block-uagb-info-box uagb-block-7c420345 uagb-infobox__content-wrap  uagb-infobox-icon-above-title uagb-infobox-image-valign-top\"><div class=\"uagb-ifb-content\"><div class=\"uagb-ifb-title-wrap\"><h3 class=\"uagb-ifb-title\">Sistemas de detecci\u00f3n por calor.<\/h3><\/div><p class=\"uagb-ifb-desc\">Los sistemas de detecci\u00f3n de calor son ideales para entornos donde los sistemas de detecci\u00f3n de humo pueden generar falsas alarmas, como en \u00e1reas con altos niveles de polvo o vapor. Estos sistemas detectan el aumento de temperatura mediante la activaci\u00f3n de un sensor de calor, y pueden incluir sistemas de alarma que alertan a los ocupantes del edificio y a los servicios de emergencia en caso de incendio.<\/p><div class=\"uagb-ifb-button-wrapper wp-block-button\"><a href=\"https:\/\/heyzine.com\/flip-book\/e229936729.html\" class=\"uagb-infobox-cta-link wp-block-button__link\" target=\"_self\" rel=\"noopener noreferrer\" onclick=\"return true;\"><span class=\"uagb-inline-editing\">Ver M\u00e1s.<\/span><\/a><\/div><\/div><\/div>\n<\/div>\n<\/div><\/div>\n\n\n\n<div class=\"wp-block-uagb-container uagb-block-b68612d4 alignfull uagb-is-root-container\"><div class=\"uagb-container-inner-blocks-wrap\">\n<div class=\"wp-block-uagb-container uagb-block-00ae054c\">\n<div class=\"wp-block-uagb-info-box uagb-block-02a16353 uagb-infobox__content-wrap  uagb-infobox-icon-above-title uagb-infobox-image-valign-top\"><div class=\"uagb-ifb-content\"><div class=\"uagb-ifb-title-wrap\"><h3 class=\"uagb-ifb-title\">Sistemas de detecci\u00f3n de mon\u00f3xido de carbono.<\/h3><\/div><p class=\"uagb-ifb-desc\">Los sistemas de detecci\u00f3n de mon\u00f3xido de carbono son ideales para entornos donde existe la posibilidad de una fuga de gas, como en instalaciones de calefacci\u00f3n o en garajes cerrados. Estos sistemas detectan los niveles de mon\u00f3xido de carbono en el aire mediante un sensor y activan la alarma en caso de detectar niveles peligrosos. Los sistemas de detecci\u00f3n de mon\u00f3xido de carbono son esenciales para prevenir intoxicaciones por mon\u00f3xido de carbono y garantizar la seguridad de los ocupantes del edificio.<\/p><div class=\"uagb-ifb-button-wrapper wp-block-button\"><a href=\"https:\/\/firemanhouse.com\/index.php\/contact\/\" class=\"uagb-infobox-cta-link wp-block-button__link\" target=\"_self\" rel=\"noopener noreferrer\" onclick=\"return true;\"><span class=\"uagb-inline-editing\">COTIZAR<\/span><\/a><\/div><\/div><\/div>\n<\/div>\n\n\n\n<div class=\"wp-block-uagb-container uagb-block-6b7978cc\">\n<figure class=\"wp-block-image size-large\"><img loading=\"lazy\" decoding=\"async\" width=\"1024\" height=\"576\" src=\"http:\/\/firemanhouse.com\/wp-content\/uploads\/2023\/03\/atoms-molecule-chemistry-5064796-1024x576.jpg\" alt=\"atoms, molecule, chemistry-5064796.jpg\" class=\"wp-image-1114\" srcset=\"https:\/\/firemanhouse.com\/wp-content\/uploads\/2023\/03\/atoms-molecule-chemistry-5064796-1024x576.jpg 1024w, https:\/\/firemanhouse.com\/wp-content\/uploads\/2023\/03\/atoms-molecule-chemistry-5064796-300x169.jpg 300w, https:\/\/firemanhouse.com\/wp-content\/uploads\/2023\/03\/atoms-molecule-chemistry-5064796-768x432.jpg 768w, https:\/\/firemanhouse.com\/wp-content\/uploads\/2023\/03\/atoms-molecule-chemistry-5064796.jpg 1280w\" sizes=\"(max-width: 1024px) 100vw, 1024px\" \/><\/figure>\n<\/div>\n<\/div><\/div>\n\n\n\n<div class=\"wp-block-uagb-container uagb-block-c115b248 alignfull uagb-is-root-container\"><div class=\"uagb-container-inner-blocks-wrap\"><\/div><\/div>\n","protected":false},"excerpt":{"rendered":"<p>Detecci\u00f3n contra incendios<\/p>\n","protected":false},"author":1,"featured_media":0,"parent":0,"menu_order":0,"comment_status":"closed","ping_status":"closed","template":"","meta":{"_uag_custom_page_level_css":"","site-sidebar-layout":"default","site-content-layout":"default","ast-global-header-display":"","ast-main-header-display":"","ast-hfb-above-header-display":"","ast-hfb-below-header-display":"","ast-hfb-mobile-header-display":"","site-post-title":"disabled","ast-breadcrumbs-content":"","ast-featured-img":"","footer-sml-layout":"","theme-transparent-header-meta":"disabled","adv-header-id-meta":"","stick-header-meta":"","header-above-stick-meta":"","header-main-stick-meta":"","header-below-stick-meta":"","_joinchat":[],"footnotes":""},"_hostinger_reach_plugin_has_subscription_block":false,"_hostinger_reach_plugin_is_elementor":false,"uagb_featured_image_src":{"full":false,"thumbnail":false,"medium":false,"medium_large":false,"large":false,"1536x1536":false,"2048x2048":false},"uagb_author_info":{"display_name":"firemanhousevirtual@gmail.com","author_link":"https:\/\/firemanhouse.com\/index.php\/author\/firemanhousevirtualgmail-com\/"},"uagb_comment_info":0,"uagb_excerpt":"Detecci\u00f3n contra incendios","_links":{"self":[{"href":"https:\/\/firemanhouse.com\/index.php\/wp-json\/wp\/v2\/pages\/1100"}],"collection":[{"href":"https:\/\/firemanhouse.com\/index.php\/wp-json\/wp\/v2\/pages"}],"about":[{"href":"https:\/\/firemanhouse.com\/index.php\/wp-json\/wp\/v2\/types\/page"}],"author":[{"embeddable":true,"href":"https:\/\/firemanhouse.com\/index.php\/wp-json\/wp\/v2\/users\/1"}],"replies":[{"embeddable":true,"href":"https:\/\/firemanhouse.com\/index.php\/wp-json\/wp\/v2\/comments?post=1100"}],"version-history":[{"count":11,"href":"https:\/\/firemanhouse.com\/index.php\/wp-json\/wp\/v2\/pages\/1100\/revisions"}],"predecessor-version":[{"id":1805,"href":"https:\/\/firemanhouse.com\/index.php\/wp-json\/wp\/v2\/pages\/1100\/revisions\/1805"}],"wp:attachment":[{"href":"https:\/\/firemanhouse.com\/index.php\/wp-json\/wp\/v2\/media?parent=1100"}],"curies":[{"name":"wp","href":"https:\/\/api.w.org\/{rel}","templated":true}]}}