{"id":1335,"date":"2024-04-18T12:09:10","date_gmt":"2024-04-18T17:09:10","guid":{"rendered":"https:\/\/firemanhouse.com\/?page_id=1335"},"modified":"2025-11-04T12:56:29","modified_gmt":"2025-11-04T17:56:29","slug":"productos","status":"publish","type":"page","link":"https:\/\/firemanhouse.com\/index.php\/productos\/","title":{"rendered":"Productos"},"content":{"rendered":"\n<div class=\"wp-block-uagb-container uagb-block-bd8134b9 alignfull uagb-is-root-container\"><div class=\"uagb-container-inner-blocks-wrap\">\n<div class=\"wp-block-uagb-advanced-heading uagb-block-19baf334\"><h1 class=\"uagb-heading-text\">PRODUCTOS<\/h1><\/div>\n<\/div><\/div>\n\n\n\n<div class=\"wp-block-uagb-container uagb-block-bf77279c alignfull uagb-is-root-container\"><div class=\"uagb-container-inner-blocks-wrap\">\n<div class=\"wp-block-uagb-container uagb-block-5b82ffe3\">\n<div class=\"wp-block-uagb-info-box uagb-block-20e242d5 uagb-infobox__content-wrap  uagb-infobox-icon-above-title uagb-infobox-image-valign-top\"><div class=\"uagb-ifb-content\"><div class=\"uagb-ifb-title-wrap\"><h3 class=\"uagb-ifb-title\">Espumas contra incendio<\/h3><\/div><p class=\"uagb-ifb-desc\">De la mano de <strong>3F AMERICAS<\/strong>, Fireman House ofrece una gama completa de <strong>espum\u00f3genos Smart Foams<\/strong>, soluciones ecol\u00f3gicas y de alto rendimiento para el control y extinci\u00f3n de incendios. Formuladas con <strong>tensioactivos y pol\u00edmeros de origen natural<\/strong>, estas espumas est\u00e1n libres de compuestos t\u00f3xicos, fluorados y derivados del petr\u00f3leo, garantizando m\u00e1xima eficacia con el menor impacto ambiental.<br>Nuestras <strong>Smart Foams<\/strong> combinan tecnolog\u00eda avanzada y seguridad, cumpliendo con los m\u00e1s altos est\u00e1ndares internacionales para aplicaciones industriales, comerciales y de alto riesgo.<\/p><div class=\"uagb-ifb-button-wrapper wp-block-button\"><a href=\"https:\/\/firemanhouse.com\/index.php\/ecopol-bio-for\/\" class=\"uagb-infobox-cta-link wp-block-button__link\" target=\"_self\" rel=\"noopener noreferrer\" onclick=\"return true;\"><span class=\"uagb-inline-editing\">Gama Completa<\/span><\/a><\/div><\/div><\/div>\n<\/div>\n\n\n\n<div class=\"wp-block-uagb-container uagb-block-7d4b677f\">\n<figure class=\"wp-block-image size-full\"><img loading=\"lazy\" decoding=\"async\" width=\"700\" height=\"600\" src=\"https:\/\/firemanhouse.com\/wp-content\/uploads\/2024\/04\/ECOPOL.jpg\" alt=\"\" class=\"wp-image-1337\" srcset=\"https:\/\/firemanhouse.com\/wp-content\/uploads\/2024\/04\/ECOPOL.jpg 700w, https:\/\/firemanhouse.com\/wp-content\/uploads\/2024\/04\/ECOPOL-300x257.jpg 300w\" sizes=\"(max-width: 700px) 100vw, 700px\" \/><\/figure>\n<\/div>\n<\/div><\/div>\n\n\n\n<div class=\"wp-block-uagb-container uagb-block-156d0b51 alignfull uagb-is-root-container\"><div class=\"uagb-container-inner-blocks-wrap\">\n<div class=\"wp-block-uagb-container uagb-block-6f12e32d\">\n<div class=\"wp-block-uagb-image alignleft uagb-block-fb2eddb3 wp-block-uagb-image--layout-default wp-block-uagb-image--effect-static wp-block-uagb-image--align-left\"><figure class=\"wp-block-uagb-image__figure\"><img decoding=\"async\" srcset=\"https:\/\/firemanhouse.com\/wp-content\/uploads\/2025\/05\/Baptiste-Davaud-DSC03487_resized-e1719308676686-955x1024.jpg \" sizes=\"(max-width: 480px) 150px\" src=\"https:\/\/firemanhouse.com\/wp-content\/uploads\/2025\/05\/Baptiste-Davaud-DSC03487_resized-e1719308676686-955x1024.jpg\" alt=\"\" class=\"uag-image-1527\" width=\"955\" height=\"1024\" title=\"\" loading=\"lazy\"\/><\/figure><\/div>\n<\/div>\n\n\n\n<div class=\"wp-block-uagb-container uagb-block-a6fd0079\">\n<div class=\"wp-block-uagb-info-box uagb-block-3138e004 uagb-infobox__content-wrap  uagb-infobox-icon-above-title uagb-infobox-image-valign-top\"><div class=\"uagb-ifb-content\"><div class=\"uagb-ifb-title-wrap\"><h3 class=\"uagb-ifb-title\">Herramientas de rescate Scorpe Technologies<\/h3><\/div><p class=\"uagb-ifb-desc\">Fireman House pone a su alcance las soluciones de <strong>Scorpe Technologies<\/strong>, herramientas de rescate de \u00faltima generaci\u00f3n, dise\u00f1adas para ofrecer <strong>portabilidad, confiabilidad y alto desempe\u00f1o<\/strong> en situaciones de emergencia. Utilizadas por equipos de rescate a nivel mundial, estas tecnolog\u00edas est\u00e1n fabricadas en los <strong>Ardenes, Francia<\/strong>, bajo estrictos est\u00e1ndares de calidad.<br>Con una amplia gama de <strong>equipos especializados<\/strong>, Scorpe proporciona la potencia y precisi\u00f3n que los rescatistas necesitan cuando cada segundo cuenta.<\/p><div class=\"uagb-ifb-button-wrapper wp-block-button\"><a href=\"https:\/\/heyzine.com\/flip-book\/e229936729.html\" class=\"uagb-infobox-cta-link wp-block-button__link\" target=\"_self\" rel=\"noopener noreferrer\" onclick=\"return true;\"><span class=\"uagb-inline-editing\">Ver m\u00e1s<\/span><\/a><\/div><\/div><\/div>\n<\/div>\n<\/div><\/div>\n\n\n\n<div class=\"wp-block-uagb-container uagb-block-759c4e76 alignfull uagb-is-root-container\"><div class=\"uagb-container-inner-blocks-wrap\">\n<div class=\"wp-block-uagb-container uagb-block-ecba52c9\">\n<div class=\"wp-block-uagb-info-box uagb-block-fc3055d0 uagb-infobox__content-wrap  uagb-infobox-icon-above-title uagb-infobox-image-valign-top\"><div class=\"uagb-ifb-content\"><div class=\"uagb-ifb-title-wrap\"><h3 class=\"uagb-ifb-title\">Equipos de control de agua y espuma POK<\/h3><\/div><p class=\"uagb-ifb-desc\">Fireman House presenta la l\u00ednea de <strong>POK<\/strong>, fabricante franc\u00e9s reconocido por su amplia gama de <strong>boquillas, monitores y equipos de espuma<\/strong> para operaciones bomberiles. Con un portafolio robusto que incluye <strong>acoples, bifurcadores, v\u00e1lvulas y accesorios<\/strong>, POK combina <strong>innovaci\u00f3n, calidad y precisi\u00f3n<\/strong> para brindar soluciones adaptadas a cualquier escenario de emergencia.<br>Sus <strong>boquillas<\/strong> de mano incorporan caracter\u00edsticas de seguridad avanzadas, mientras que sus <strong>monitores<\/strong>, fabricados con materiales de alto desempe\u00f1o, ofrecen control y potencia desde <strong>250 hasta 6000 GPM<\/strong>, cubriendo un amplio rango de aplicaciones industriales y bomberiles.<\/p><div class=\"uagb-ifb-button-wrapper wp-block-button\"><a href=\"https:\/\/firemanhouse.com\/index.php\/contact\/\" class=\"uagb-infobox-cta-link wp-block-button__link\" target=\"_self\" rel=\"noopener noreferrer\" onclick=\"return true;\"><span class=\"uagb-inline-editing\">Ver m\u00e1s<\/span><\/a><\/div><\/div><\/div>\n<\/div>\n\n\n\n<div class=\"wp-block-uagb-container uagb-block-03fe5a4e\">\n<figure class=\"wp-block-image size-full\"><img loading=\"lazy\" decoding=\"async\" width=\"575\" height=\"384\" src=\"https:\/\/firemanhouse.com\/wp-content\/uploads\/2025\/05\/lanza-pok.png\" alt=\"\" class=\"wp-image-1528\" srcset=\"https:\/\/firemanhouse.com\/wp-content\/uploads\/2025\/05\/lanza-pok.png 575w, https:\/\/firemanhouse.com\/wp-content\/uploads\/2025\/05\/lanza-pok-300x200.png 300w\" sizes=\"(max-width: 575px) 100vw, 575px\" \/><\/figure>\n<\/div>\n<\/div><\/div>\n\n\n\n<p><\/p>\n\n\n\n<p><\/p>\n\n\n\n<div class=\"wp-block-uagb-container uagb-block-00c08571 alignfull uagb-is-root-container\"><div class=\"uagb-container-inner-blocks-wrap\">\n<div class=\"wp-block-uagb-container uagb-block-6ba1d7eb\">\n<div class=\"wp-block-uagb-image alignleft uagb-block-8a7eb998 wp-block-uagb-image--layout-default wp-block-uagb-image--effect-static wp-block-uagb-image--align-left\"><figure class=\"wp-block-uagb-image__figure\"><img decoding=\"async\" srcset=\"https:\/\/firemanhouse.com\/wp-content\/uploads\/2025\/05\/ruth-lee.jpg \" sizes=\"(max-width: 480px) 150px\" src=\"https:\/\/firemanhouse.com\/wp-content\/uploads\/2025\/05\/ruth-lee.jpg\" alt=\"\" class=\"uag-image-1529\" width=\"1000\" height=\"750\" title=\"\" loading=\"lazy\"\/><\/figure><\/div>\n<\/div>\n\n\n\n<div class=\"wp-block-uagb-container uagb-block-2756e7ac\">\n<div class=\"wp-block-uagb-info-box uagb-block-04049d03 uagb-infobox__content-wrap  uagb-infobox-icon-above-title uagb-infobox-image-valign-top\"><div class=\"uagb-ifb-content\"><div class=\"uagb-ifb-title-wrap\"><h3 class=\"uagb-ifb-title\">Maniqu\u00edes de formaci\u00f3n para profesionales de rescate.<\/h3><\/div><p class=\"uagb-ifb-desc\">Fireman House pone a su disposici\u00f3n la gama de <strong>Ruth Lee<\/strong>, l\u00edder mundial en <strong>maniqu\u00edes para entrenamiento realista<\/strong>. Dise\u00f1ados con una distribuci\u00f3n de peso anat\u00f3mica que simula a la perfecci\u00f3n el cuerpo humano, estos maniqu\u00edes permiten entrenamientos precisos y exigentes, adapt\u00e1ndose a <strong>diversos escenarios de rescate y emergencia<\/strong>.<br>Con m\u00faltiples modelos disponibles, Ruth Lee garantiza pr\u00e1cticas m\u00e1s <strong>realistas, eficaces y seguras<\/strong>, preparando a los equipos de primera respuesta para cualquier eventualidad.<\/p><div class=\"uagb-ifb-button-wrapper wp-block-button\"><a href=\"https:\/\/heyzine.com\/flip-book\/e229936729.html\" class=\"uagb-infobox-cta-link wp-block-button__link\" target=\"_self\" rel=\"noopener noreferrer\" onclick=\"return true;\"><span class=\"uagb-inline-editing\">Ver m\u00e1s<\/span><\/a><\/div><\/div><\/div>\n<\/div>\n<\/div><\/div>\n\n\n\n<div class=\"wp-block-uagb-container uagb-block-e1d7d1dd alignfull uagb-is-root-container\"><div class=\"uagb-container-inner-blocks-wrap\">\n<div class=\"wp-block-uagb-container uagb-block-1d104ef5\">\n<div class=\"wp-block-uagb-info-box uagb-block-c5e308d3 uagb-infobox__content-wrap  uagb-infobox-icon-above-title uagb-infobox-image-valign-top\"><div class=\"uagb-ifb-content\"><div class=\"uagb-ifb-title-wrap\"><h3 class=\"uagb-ifb-title\">ROVER \u2013 Robot de extinci\u00f3n de incendios<\/h3><\/div><p class=\"uagb-ifb-desc\">Fireman House, en alianza con <strong>3F AMERICAS<\/strong> y la reconocida empresa francesa <strong>JCM<\/strong>, pone a su alcance <strong>ROVER<\/strong>, el robot dise\u00f1ado para intervenir en incendios de alta complejidad, garantizando <strong>seguridad y eficiencia<\/strong> en las operaciones m\u00e1s exigentes.<br>Con una trayectoria de m\u00e1s de 25 a\u00f1os en la fabricaci\u00f3n de equipos contra incendio a la medida, JCM ha desarrollado ROVER para apoyar a los cuerpos de bomberos en <strong>situaciones de alto riesgo<\/strong>, permitiendo actuar a distancia con una herramienta <strong>robusta, simple y eficaz<\/strong>. Ya probado con \u00e9xito por los bomberos franceses, ROVER representa la <strong>soluci\u00f3n ideal<\/strong> para reducir la exposici\u00f3n de los rescatistas y maximizar el control en escenarios impredecibles.<\/p><div class=\"uagb-ifb-button-wrapper wp-block-button\"><a href=\"https:\/\/heyzine.com\/flip-book\/e229936729.html\" class=\"uagb-infobox-cta-link wp-block-button__link\" target=\"_self\" rel=\"noopener noreferrer\" onclick=\"return true;\"><span class=\"uagb-inline-editing\">Ver m\u00e1s<\/span><\/a><\/div><\/div><\/div>\n<\/div>\n\n\n\n<div class=\"wp-block-uagb-container uagb-block-12691f54\">\n<figure class=\"wp-block-image size-full is-resized\"><img loading=\"lazy\" decoding=\"async\" width=\"240\" height=\"320\" src=\"https:\/\/firemanhouse.com\/wp-content\/uploads\/2025\/05\/Rover05-rotated-1.jpeg\" alt=\"\" class=\"wp-image-1530\" style=\"width:550px;height:auto\" srcset=\"https:\/\/firemanhouse.com\/wp-content\/uploads\/2025\/05\/Rover05-rotated-1.jpeg 240w, https:\/\/firemanhouse.com\/wp-content\/uploads\/2025\/05\/Rover05-rotated-1-225x300.jpeg 225w\" sizes=\"(max-width: 240px) 100vw, 240px\" \/><\/figure>\n<\/div>\n<\/div><\/div>\n\n\n\n<div class=\"wp-block-uagb-container uagb-block-aee544de alignfull uagb-is-root-container\"><div class=\"uagb-container-inner-blocks-wrap\"><\/div><\/div>\n","protected":false},"excerpt":{"rendered":"<p>PRODUCTOS<\/p>\n","protected":false},"author":1,"featured_media":0,"parent":0,"menu_order":0,"comment_status":"closed","ping_status":"closed","template":"","meta":{"_uag_custom_page_level_css":"","site-sidebar-layout":"default","site-content-layout":"default","ast-global-header-display":"","ast-main-header-display":"","ast-hfb-above-header-display":"","ast-hfb-below-header-display":"","ast-hfb-mobile-header-display":"","site-post-title":"disabled","ast-breadcrumbs-content":"","ast-featured-img":"","footer-sml-layout":"","theme-transparent-header-meta":"disabled","adv-header-id-meta":"","stick-header-meta":"","header-above-stick-meta":"","header-main-stick-meta":"","header-below-stick-meta":"","_joinchat":[],"footnotes":""},"_hostinger_reach_plugin_has_subscription_block":false,"_hostinger_reach_plugin_is_elementor":false,"uagb_featured_image_src":{"full":false,"thumbnail":false,"medium":false,"medium_large":false,"large":false,"1536x1536":false,"2048x2048":false},"uagb_author_info":{"display_name":"firemanhousevirtual@gmail.com","author_link":"https:\/\/firemanhouse.com\/index.php\/author\/firemanhousevirtualgmail-com\/"},"uagb_comment_info":0,"uagb_excerpt":"PRODUCTOS","_links":{"self":[{"href":"https:\/\/firemanhouse.com\/index.php\/wp-json\/wp\/v2\/pages\/1335"}],"collection":[{"href":"https:\/\/firemanhouse.com\/index.php\/wp-json\/wp\/v2\/pages"}],"about":[{"href":"https:\/\/firemanhouse.com\/index.php\/wp-json\/wp\/v2\/types\/page"}],"author":[{"embeddable":true,"href":"https:\/\/firemanhouse.com\/index.php\/wp-json\/wp\/v2\/users\/1"}],"replies":[{"embeddable":true,"href":"https:\/\/firemanhouse.com\/index.php\/wp-json\/wp\/v2\/comments?post=1335"}],"version-history":[{"count":7,"href":"https:\/\/firemanhouse.com\/index.php\/wp-json\/wp\/v2\/pages\/1335\/revisions"}],"predecessor-version":[{"id":1813,"href":"https:\/\/firemanhouse.com\/index.php\/wp-json\/wp\/v2\/pages\/1335\/revisions\/1813"}],"wp:attachment":[{"href":"https:\/\/firemanhouse.com\/index.php\/wp-json\/wp\/v2\/media?parent=1335"}],"curies":[{"name":"wp","href":"https:\/\/api.w.org\/{rel}","templated":true}]}}