{"id":1352,"date":"2024-04-18T13:09:01","date_gmt":"2024-04-18T18:09:01","guid":{"rendered":"https:\/\/firemanhouse.com\/?page_id=1352"},"modified":"2025-05-07T20:31:42","modified_gmt":"2025-05-08T01:31:42","slug":"ecopol-bio-for","status":"publish","type":"page","link":"https:\/\/firemanhouse.com\/index.php\/ecopol-bio-for\/","title":{"rendered":"Espum\u00f3genos"},"content":{"rendered":"\n<div class=\"wp-block-uagb-container uagb-block-a0b7f96c alignfull uagb-is-root-container\"><div class=\"uagb-container__video-wrap\"><video autoplay loop muted playsinline><source src=\"https:\/\/firemanhouse.com\/wp-content\/uploads\/2023\/03\/logo-fire-hotizontal.mp4\" type=\"video\/mp4\"\/><\/video><\/div><div class=\"uagb-container-inner-blocks-wrap\">\n<div class=\"wp-block-uagb-advanced-heading uagb-block-269e24e9\"><h1 class=\"uagb-heading-text\">Tecnolog\u00eda 3F AMERICAS, respaldada por Fireman House en Colombia.<\/h1><\/div>\n<\/div><\/div>\n\n\n\n<figure class=\"wp-block-embed is-type-video is-provider-youtube wp-block-embed-youtube wp-embed-aspect-16-9 wp-has-aspect-ratio\"><div class=\"wp-block-embed__wrapper\">\n<div class=\"ast-oembed-container\" style=\"height: 100%;\"><iframe loading=\"lazy\" title=\"3F Espuma Expansion\" width=\"500\" height=\"281\" src=\"https:\/\/www.youtube.com\/embed\/8wMQlP02d6o?feature=oembed\" frameborder=\"0\" allow=\"accelerometer; autoplay; clipboard-write; encrypted-media; gyroscope; picture-in-picture; web-share\" referrerpolicy=\"strict-origin-when-cross-origin\" allowfullscreen><\/iframe><\/div>\n<\/div><\/figure>\n\n\n\n<h2 class=\"wp-block-heading\">SMART FOAM<sup>\u00ae<\/sup><\/h2>\n\n\n\n<p><strong>En Fireman House, fortalecemos nuestro compromiso con la seguridad, la sostenibilidad y la innovaci\u00f3n al convertirnos en <strong>distribuidores de representaci\u00f3n exclusiva de 3F AMERICAS<\/strong>, l\u00edder internacional en <strong>espum\u00f3genos y aditivos contra incendios ecol\u00f3gicos<\/strong>.<\/strong> <strong>3F AMERICAS<\/strong>, certificada bajo la Norma ISO 9001:2015, ofrece una <strong>amplia gama de espumas contra incendio<\/strong> dise\u00f1adas para proporcionar m\u00e1xima eficacia en el control de emergencias, con un enfoque respetuoso hacia el medio ambiente. Su tecnolog\u00eda <strong>Smart Foams\u00ae<\/strong> se destaca por ser <strong>libre de PBT, sin fl\u00faor y sin solventes<\/strong>, garantizando soluciones seguras para las personas y sostenibles para el planeta.<\/p>\n\n\n\n<p>Como representantes exclusivos de 3F AMERICAS en Colombia, ponemos a su disposici\u00f3n m\u00e1s de <strong>30 referencias<\/strong> que abarcan todas las necesidades de protecci\u00f3n contra incendios:<br>\u2714\ufe0f <strong>Clase A<\/strong><br>\u2714\ufe0f <strong>Sint\u00e9ticas<\/strong><br>\u2714\ufe0f <strong>AFFF y anti alcoholes<\/strong><br>\u2714\ufe0f <strong>Gama especial de espumas ecol\u00f3gicas<\/strong><\/p>\n\n\n\n<p>Adem\u00e1s, ofrecemos productos especializados para aplicaciones industriales como <strong>STOPAL<\/strong> (neutralizante de vapores t\u00f3xicos), <strong>OD 4000<\/strong> (dispersante de hidrocarburos) y <strong>D-CON Flash<\/strong> (concentrado descontaminante).<\/p>\n\n\n\n<p>Con esta alianza estrat\u00e9gica, Fireman House ampl\u00eda su portafolio con soluciones de \u00faltima generaci\u00f3n, garantizando a nuestros clientes <strong>productos eficaces, innovadores y alineados con las m\u00e1s altas exigencias internacionales<\/strong>.<\/p>\n\n\n\n<div class=\"wp-block-uagb-container uagb-block-f6e642ff alignfull uagb-is-root-container\"><div class=\"uagb-container-inner-blocks-wrap\">\n<div class=\"wp-block-uagb-container uagb-block-a2695ce7\">\n<div class=\"wp-block-uagb-info-box uagb-block-c279a4df uagb-infobox__content-wrap  uagb-infobox-icon-above-title uagb-infobox-image-valign-top\"><div class=\"uagb-ifb-content\"><div class=\"uagb-ifb-title-wrap\"><h3 class=\"uagb-ifb-title\">Monitoreo de Espumas.<\/h3><\/div><p class=\"uagb-ifb-desc\">Adem\u00e1s de ofrecer una completa gama de espum\u00f3genos y aditivos contra incendios, <strong>3F AMERICAS<\/strong>, a trav\u00e9s de Fireman House, brinda un <strong>servicio especializado de monitoreo de espumas<\/strong> para garantizar su m\u00e1xima eficacia en momentos cr\u00edticos.<br>Este servicio asegura que los espum\u00f3genos mantengan un <strong>rendimiento estable<\/strong> en caso de emergencia. Con <strong>laboratorios en Inglaterra<\/strong> y tecnolog\u00eda avanzada, realizamos an\u00e1lisis que eval\u00faan la estabilidad y efectividad de las espumas a lo largo del tiempo.<br>De esta manera, nuestros clientes no solo obtienen productos de alto desempe\u00f1o, sino tambi\u00e9n un <strong>respaldo t\u00e9cnico constante<\/strong>, cumpliendo con los m\u00e1s altos est\u00e1ndares internacionales.<\/p><div class=\"uagb-ifb-button-wrapper wp-block-button\"><a href=\"https:\/\/firemanhouse.com\/index.php\/contact\/\" class=\"uagb-infobox-cta-link wp-block-button__link\" target=\"_self\" rel=\"noopener noreferrer\" onclick=\"return true;\" alt=\"\"><span class=\"uagb-inline-editing\">Asesor\u00eda.<\/span><\/a><\/div><\/div><\/div>\n<\/div>\n\n\n\n<div class=\"wp-block-uagb-container uagb-block-271c1cb2\">\n<figure class=\"wp-block-image size-full\"><img loading=\"lazy\" decoding=\"async\" width=\"1024\" height=\"680\" src=\"https:\/\/firemanhouse.com\/wp-content\/uploads\/2025\/05\/Monitoreo-de-Espumas.jpg\" alt=\"\" class=\"wp-image-1516\" srcset=\"https:\/\/firemanhouse.com\/wp-content\/uploads\/2025\/05\/Monitoreo-de-Espumas.jpg 1024w, https:\/\/firemanhouse.com\/wp-content\/uploads\/2025\/05\/Monitoreo-de-Espumas-300x199.jpg 300w, https:\/\/firemanhouse.com\/wp-content\/uploads\/2025\/05\/Monitoreo-de-Espumas-768x510.jpg 768w\" sizes=\"(max-width: 1024px) 100vw, 1024px\" \/><\/figure>\n<\/div>\n<\/div><\/div>\n\n\n\n<div class=\"wp-block-uagb-container uagb-block-0f14f3d8 alignfull uagb-is-root-container\"><div class=\"uagb-container-inner-blocks-wrap\">\n<div class=\"wp-block-uagb-container uagb-block-f7a13e16\">\n<div class=\"wp-block-uagb-image alignleft uagb-block-4843d6c0 wp-block-uagb-image--layout-default wp-block-uagb-image--effect-static wp-block-uagb-image--align-left\"><figure class=\"wp-block-uagb-image__figure\"><img decoding=\"async\" srcset=\"https:\/\/firemanhouse.com\/wp-content\/uploads\/2025\/05\/fire-truck-foam-he-plays-firefighter-put-out-foam-firefighter-firefighter-firefighter-firefighter-firefighter-1474975-1024x678.jpg \" src=\"https:\/\/firemanhouse.com\/wp-content\/uploads\/2025\/05\/fire-truck-foam-he-plays-firefighter-put-out-foam-firefighter-firefighter-firefighter-firefighter-firefighter-1474975-1024x678.jpg\" alt=\"fire truck, foam, he plays, firefighter, put out, foam, firefighter, firefighter, firefighter, firefighter, firefighter-1474975.jpg\" class=\"uag-image-1517\" width=\"\" height=\"\" title=\"\" loading=\"lazy\"\/><\/figure><\/div>\n<\/div>\n\n\n\n<div class=\"wp-block-uagb-container uagb-block-961b4c01\">\n<div class=\"wp-block-uagb-info-box uagb-block-213766c4 uagb-infobox__content-wrap  uagb-infobox-icon-above-title uagb-infobox-image-valign-top\"><div class=\"uagb-ifb-content\"><div class=\"uagb-ifb-title-wrap\"><h3 class=\"uagb-ifb-title\"><br>La ecolog\u00eda es una diferencia que hemos estado cultivando durante m\u00e1s de 30 a\u00f1os<\/h3><\/div><p class=\"uagb-ifb-desc\">Desde su creaci\u00f3n, 3F ha presentado a sus Clientes un rango de productos con el menor impacto posible sobre el Medio Ambiente.<br>Los Equipos han sido seleccionados con el fin de hacer el mejor uso posible del agua, como materia imprescindible en las t\u00e9cnicas de extinci\u00f3n del fuego: Alta Presi\u00f3n, Dosificaci\u00f3n precisa sin desperdicio, bombas duraderas, confiables y eficaces, \u2026<br>En cuanto a las Espumas, nuestros qu\u00edmicos fueron los primeros en desarrollar espumas sin fl\u00faor: no Persistentes y No toxicas. Antes que otras marcas, nuestra tecnolog\u00eda \u00fanica SMART FOAM ha eliminado todos los Solventes \u2013 glicoles y derivados: contaminantes y consumidores de oxigeno, que sofocan los seres vivos en los r\u00edos.<\/p><div class=\"uagb-ifb-button-wrapper wp-block-button\"><a href=\"https:\/\/firemanhouse.com\/index.php\/contact\/\" class=\"uagb-infobox-cta-link wp-block-button__link\" target=\"_self\" rel=\"noopener noreferrer\" onclick=\"return true;\" alt=\"\"><span class=\"uagb-inline-editing\">Asesor\u00eda.<\/span><\/a><\/div><\/div><\/div>\n<\/div>\n<\/div><\/div>\n\n\n\n<div class=\"wp-block-uagb-container uagb-block-4bd04827 alignfull uagb-is-root-container\"><div class=\"uagb-container-inner-blocks-wrap\">\n<div class=\"wp-block-uagb-container uagb-block-7e542d1f\">\n<div class=\"wp-block-uagb-info-box uagb-block-6d29fe8b uagb-infobox__content-wrap  uagb-infobox-icon-above-title uagb-infobox-image-valign-top\"><div class=\"uagb-ifb-content\"><div class=\"uagb-ifb-title-wrap\"><h3 class=\"uagb-ifb-title\">\u00bfPorque nuestros productos son diferentes?<\/h3><\/div><p class=\"uagb-ifb-desc\"><strong>\u00bfPor qu\u00e9 nuestros productos marcan la diferencia?<\/strong><br>El riguroso estudio de las materias primas nos ha permitido <strong>eliminar compuestos com\u00fanmente utilizados<\/strong> que representan riesgos para la salud y el medio ambiente, como:<br><strong>-Tensioactivos derivados del petr\u00f3leo<br>-Tensioactivos ramificados y\/o arom\u00e1ticos<br>-Glicoles qu\u00edmicos (Butil Glicol, Butil Carbitol)<br>-Alcoholes<br>-Compuestos de silicona<br>-Compuestos fluorados en productos no AFFF<br>-Sustancias da\u00f1inas o t\u00f3xicas<\/strong><br>En su lugar, hemos desarrollado una <strong>formulaci\u00f3n basada en tensioactivos y pol\u00edmeros de origen natural<\/strong>, cuya combinaci\u00f3n sin\u00e9rgica permite ofrecer una <strong>gama completa de espum\u00f3genos<\/strong>, eficaces, seguros y respetuosos con el medio ambiente.<\/p><div class=\"uagb-ifb-button-wrapper wp-block-button\"><a href=\"https:\/\/firemanhouse.com\/index.php\/contact\/\" class=\"uagb-infobox-cta-link wp-block-button__link\" target=\"_self\" rel=\"noopener noreferrer\" onclick=\"return true;\" alt=\"\"><span class=\"uagb-inline-editing\">Asesor\u00eda.<\/span><\/a><\/div><\/div><\/div>\n<\/div>\n\n\n\n<div class=\"wp-block-uagb-container uagb-block-e878936c\">\n<figure class=\"wp-block-image size-large\"><img loading=\"lazy\" decoding=\"async\" width=\"1024\" height=\"686\" src=\"https:\/\/firemanhouse.com\/wp-content\/uploads\/2024\/04\/firefighters-nature-fire-115800-1024x686.jpg\" alt=\"firefighters, nature, fire-115800.jpg\" class=\"wp-image-1354\" srcset=\"https:\/\/firemanhouse.com\/wp-content\/uploads\/2024\/04\/firefighters-nature-fire-115800-1024x686.jpg 1024w, https:\/\/firemanhouse.com\/wp-content\/uploads\/2024\/04\/firefighters-nature-fire-115800-300x201.jpg 300w, https:\/\/firemanhouse.com\/wp-content\/uploads\/2024\/04\/firefighters-nature-fire-115800-768x514.jpg 768w, https:\/\/firemanhouse.com\/wp-content\/uploads\/2024\/04\/firefighters-nature-fire-115800.jpg 1280w\" sizes=\"(max-width: 1024px) 100vw, 1024px\" \/><\/figure>\n<\/div>\n<\/div><\/div>\n\n\n\n<figure class=\"wp-block-image size-large\"><a href=\"https:\/\/3f-latam.com\/index.php\/smart-foam\/\"><img loading=\"lazy\" decoding=\"async\" width=\"1024\" height=\"310\" src=\"https:\/\/firemanhouse.com\/wp-content\/uploads\/2025\/05\/fichas-espumas-1024x310.png\" alt=\"\" class=\"wp-image-1523\" srcset=\"https:\/\/firemanhouse.com\/wp-content\/uploads\/2025\/05\/fichas-espumas-1024x310.png 1024w, https:\/\/firemanhouse.com\/wp-content\/uploads\/2025\/05\/fichas-espumas-300x91.png 300w, https:\/\/firemanhouse.com\/wp-content\/uploads\/2025\/05\/fichas-espumas-768x232.png 768w, https:\/\/firemanhouse.com\/wp-content\/uploads\/2025\/05\/fichas-espumas.png 1193w\" sizes=\"(max-width: 1024px) 100vw, 1024px\" \/><\/a><\/figure>\n\n\n\n<div class=\"wp-block-uagb-container uagb-block-9cec57d3 alignfull uagb-is-root-container\"><div class=\"uagb-container-inner-blocks-wrap\"><\/div><\/div>\n","protected":false},"excerpt":{"rendered":"<p>Tecnolog\u00eda 3F AMERICAS, respaldada por Fireman House en Colombia. SMART FOAM\u00ae En Fireman House, fortalecemos nuestro compromiso con la seguridad, la sostenibilidad y la innovaci\u00f3n al convertirnos en distribuidores de representaci\u00f3n exclusiva de 3F AMERICAS, l\u00edder internacional en espum\u00f3genos y aditivos contra incendios ecol\u00f3gicos. 3F AMERICAS, certificada bajo la Norma ISO 9001:2015, ofrece una amplia &hellip;<\/p>\n<p class=\"read-more\"> <a class=\"\" href=\"https:\/\/firemanhouse.com\/index.php\/ecopol-bio-for\/\"> <span class=\"screen-reader-text\">Espum\u00f3genos<\/span> Leer m\u00e1s &raquo;<\/a><\/p>\n","protected":false},"author":1,"featured_media":0,"parent":0,"menu_order":0,"comment_status":"closed","ping_status":"closed","template":"","meta":{"_uag_custom_page_level_css":"","site-sidebar-layout":"default","site-content-layout":"default","ast-global-header-display":"","ast-main-header-display":"","ast-hfb-above-header-display":"","ast-hfb-below-header-display":"","ast-hfb-mobile-header-display":"","site-post-title":"disabled","ast-breadcrumbs-content":"","ast-featured-img":"","footer-sml-layout":"","theme-transparent-header-meta":"disabled","adv-header-id-meta":"","stick-header-meta":"","header-above-stick-meta":"","header-main-stick-meta":"","header-below-stick-meta":"","_joinchat":[],"footnotes":""},"_hostinger_reach_plugin_has_subscription_block":false,"_hostinger_reach_plugin_is_elementor":false,"uagb_featured_image_src":{"full":false,"thumbnail":false,"medium":false,"medium_large":false,"large":false,"1536x1536":false,"2048x2048":false},"uagb_author_info":{"display_name":"firemanhousevirtual@gmail.com","author_link":"https:\/\/firemanhouse.com\/index.php\/author\/firemanhousevirtualgmail-com\/"},"uagb_comment_info":0,"uagb_excerpt":"Tecnolog\u00eda 3F AMERICAS, respaldada por Fireman House en Colombia. SMART FOAM\u00ae En Fireman House, fortalecemos nuestro compromiso con la seguridad, la sostenibilidad y la innovaci\u00f3n al convertirnos en distribuidores de representaci\u00f3n exclusiva de 3F AMERICAS, l\u00edder internacional en espum\u00f3genos y aditivos contra incendios ecol\u00f3gicos. 3F AMERICAS, certificada bajo la Norma ISO 9001:2015, ofrece una amplia&hellip;","_links":{"self":[{"href":"https:\/\/firemanhouse.com\/index.php\/wp-json\/wp\/v2\/pages\/1352"}],"collection":[{"href":"https:\/\/firemanhouse.com\/index.php\/wp-json\/wp\/v2\/pages"}],"about":[{"href":"https:\/\/firemanhouse.com\/index.php\/wp-json\/wp\/v2\/types\/page"}],"author":[{"embeddable":true,"href":"https:\/\/firemanhouse.com\/index.php\/wp-json\/wp\/v2\/users\/1"}],"replies":[{"embeddable":true,"href":"https:\/\/firemanhouse.com\/index.php\/wp-json\/wp\/v2\/comments?post=1352"}],"version-history":[{"count":12,"href":"https:\/\/firemanhouse.com\/index.php\/wp-json\/wp\/v2\/pages\/1352\/revisions"}],"predecessor-version":[{"id":1524,"href":"https:\/\/firemanhouse.com\/index.php\/wp-json\/wp\/v2\/pages\/1352\/revisions\/1524"}],"wp:attachment":[{"href":"https:\/\/firemanhouse.com\/index.php\/wp-json\/wp\/v2\/media?parent=1352"}],"curies":[{"name":"wp","href":"https:\/\/api.w.org\/{rel}","templated":true}]}}