{"id":1371,"date":"2025-05-21T00:14:53","date_gmt":"2025-05-21T05:14:53","guid":{"rendered":"https:\/\/firemanhouse.com\/?page_id=1371"},"modified":"2025-11-04T12:22:44","modified_gmt":"2025-11-04T17:22:44","slug":"textiles-tecnicos","status":"publish","type":"page","link":"https:\/\/firemanhouse.com\/index.php\/textiles-tecnicos\/","title":{"rendered":"Barreras flotantes y  textiles t\u00e9cnicos"},"content":{"rendered":"\n<div class=\"wp-block-uagb-container uagb-block-bd5a3b9f alignfull uagb-is-root-container\"><div class=\"uagb-container__video-wrap\"><video autoplay loop muted playsinline><source src=\"https:\/\/firemanhouse.com\/wp-content\/uploads\/2023\/03\/logo-fire-hotizontal.mp4\" type=\"video\/mp4\"\/><\/video><\/div><div class=\"uagb-container-inner-blocks-wrap\">\n<div class=\"wp-block-uagb-advanced-heading uagb-block-5f0e94a1\"><h1 class=\"uagb-heading-text\">Textiles T\u00e9cnicos de Alto Desempe\u00f1o<\/h1><\/div>\n<\/div><\/div>\n\n\n\n<h3 class=\"wp-block-heading\">Soluciones T\u00e9cnicas en Protecci\u00f3n Ambiental<\/h3>\n\n\n\n<p>En <strong>Fireman House<\/strong> distribuimos en Colombia los productos especializados de <strong>DELAO<\/strong>, empresa reconocida en Europa por su calidad y experiencia en textiles t\u00e9cnicos. Sus soluciones son utilizadas por fuerzas de \u00e9lite como la <strong>Marina Nacional Francesa<\/strong>, la <strong>Armada Suiza<\/strong>, la <strong>Armada Espa\u00f1ola<\/strong> y el <strong>Bundeswehr Alem\u00e1n<\/strong>.<\/p>\n\n\n\n<p>Ofrecemos:<\/p>\n\n\n\n<ul>\n<li><strong>Barreras anti contaminaci\u00f3n<\/strong> para contener derrames en tierra o agua, con equipos como bombas, desnatadoras y absorbentes.<\/li>\n\n\n\n<li><strong>Tanques flexibles<\/strong> (1 m\u00b3 a 1200 m\u00b3) para almacenar agua potable, qu\u00edmicos, combustibles y residuos.<\/li>\n\n\n\n<li><strong>Carpas inflables<\/strong> y <strong>unidades de descontaminaci\u00f3n<\/strong> listas para emergencias, uso militar o zonas de riesgo.<\/li>\n\n\n\n<li><strong>Barreras anti inundaci\u00f3n<\/strong>, modulares y reutilizables, ideales para prevenir desbordamientos y proteger infraestructura.<\/li>\n<\/ul>\n\n\n\n<p>Tecnolog\u00eda de nivel internacional, ahora disponible para Colombia.<\/p>\n\n\n\n<div class=\"wp-block-uagb-container uagb-block-f37cf361 alignfull uagb-is-root-container\"><div class=\"uagb-container-inner-blocks-wrap\">\n<div class=\"wp-block-uagb-container uagb-block-d2cae3fe\">\n<div class=\"wp-block-uagb-info-box uagb-block-198aea4a uagb-infobox__content-wrap  uagb-infobox-icon-above-title uagb-infobox-image-valign-top\"><div class=\"uagb-ifb-content\"><div class=\"uagb-ifb-title-wrap\"><h3 class=\"uagb-ifb-title\">Barreras Flotantes de Contenci\u00f3n<\/h3><\/div><p class=\"uagb-ifb-desc\">Distribuidas en Colombia por <strong>Fireman House<\/strong>, las barreras flotantes de <strong>DELAO<\/strong> est\u00e1n dise\u00f1adas para contener derrames de hidrocarburos en cuerpos de agua. Se fabrican a medida, ya sea con espuma f\u00edsica o tubos inflables, seg\u00fan la necesidad del terreno y el tipo de operaci\u00f3n.<br>Adem\u00e1s de controlar derrames, son efectivas para combatir la presencia de <strong>desechos flotantes, algas, medusas y residuos naturales<\/strong> en r\u00edos, lagos, puertos o zonas costeras.<br><strong>Soluciones flexibles y adaptadas a escenarios reales<\/strong>, utilizadas por fuerzas de defensa y servicios ambientales en Europa.<\/p><div class=\"uagb-ifb-button-wrapper wp-block-button\"><a href=\"https:\/\/heyzine.com\/flip-book\/e229936729.html\/contact\/\" class=\"uagb-infobox-cta-link wp-block-button__link\" target=\"_self\" rel=\"noopener noreferrer\" onclick=\"return true;\"><span class=\"uagb-inline-editing\">Ver mas.<\/span><\/a><\/div><\/div><\/div>\n<\/div>\n\n\n\n<div class=\"wp-block-uagb-container uagb-block-582440f9\">\n<figure class=\"wp-block-image size-full is-resized\"><img loading=\"lazy\" decoding=\"async\" width=\"675\" height=\"362\" src=\"https:\/\/firemanhouse.com\/wp-content\/uploads\/2025\/05\/barreras-flotantess.png\" alt=\"\" class=\"wp-image-1667\" style=\"width:569px;height:auto\" srcset=\"https:\/\/firemanhouse.com\/wp-content\/uploads\/2025\/05\/barreras-flotantess.png 675w, https:\/\/firemanhouse.com\/wp-content\/uploads\/2025\/05\/barreras-flotantess-300x161.png 300w\" sizes=\"(max-width: 675px) 100vw, 675px\" \/><\/figure>\n<\/div>\n<\/div><\/div>\n\n\n\n<div class=\"wp-block-uagb-container uagb-block-3e39305f alignfull uagb-is-root-container\"><div class=\"uagb-container-inner-blocks-wrap\">\n<div class=\"wp-block-uagb-container uagb-block-a32d3606\">\n<div class=\"wp-block-uagb-image alignleft uagb-block-971aa254 wp-block-uagb-image--layout-default wp-block-uagb-image--effect-static wp-block-uagb-image--align-left\"><figure class=\"wp-block-uagb-image__figure\"><img decoding=\"async\" srcset=\"https:\/\/firemanhouse.com\/wp-content\/uploads\/2025\/05\/carpas.png \" sizes=\"(max-width: 480px) 150px\" src=\"https:\/\/firemanhouse.com\/wp-content\/uploads\/2025\/05\/carpas.png\" alt=\"\" class=\"uag-image-1668\" width=\"677\" height=\"511\" title=\"\" loading=\"lazy\"\/><\/figure><\/div>\n<\/div>\n\n\n\n<div class=\"wp-block-uagb-container uagb-block-ddd332d7\">\n<div class=\"wp-block-uagb-info-box uagb-block-0e577291 uagb-infobox__content-wrap  uagb-infobox-icon-above-title uagb-infobox-image-valign-top\"><div class=\"uagb-ifb-content\"><div class=\"uagb-ifb-title-wrap\"><h3 class=\"uagb-ifb-title\"><br>Carpas Inflables<\/h3><\/div><p class=\"uagb-ifb-desc\">Distribuidas por <strong>Fireman House<\/strong>, las carpas inflables de <strong>DELAO<\/strong> est\u00e1n dise\u00f1adas para una instalaci\u00f3n <strong>r\u00e1pida y eficiente<\/strong> en situaciones cr\u00edticas como <strong>descontaminaci\u00f3n, confinamiento, campamentos militares o de obra<\/strong>.<br>Su dise\u00f1o sin estructura met\u00e1lica permite que, con solo accionar el inflador, <strong>est\u00e9n listas en minutos<\/strong> con <strong>m\u00ednimo personal<\/strong>, adapt\u00e1ndose a m\u00faltiples configuraciones y necesidades en campo.<br><strong>Dise\u00f1o inteligente, despliegue inmediato.<\/strong><\/p><div class=\"uagb-ifb-button-wrapper wp-block-button\"><a href=\"https:\/\/heyzine.com\/flip-book\/e229936729.html\/contact\/\" class=\"uagb-infobox-cta-link wp-block-button__link\" target=\"_self\" rel=\"noopener noreferrer\" onclick=\"return true;\"><span class=\"uagb-inline-editing\">Ver M\u00e1s<\/span><\/a><\/div><\/div><\/div>\n<\/div>\n<\/div><\/div>\n\n\n\n<div class=\"wp-block-uagb-container uagb-block-75c4156c alignfull uagb-is-root-container\"><div class=\"uagb-container-inner-blocks-wrap\">\n<div class=\"wp-block-uagb-container uagb-block-fa7d060a\">\n<div class=\"wp-block-uagb-info-box uagb-block-abc96317 uagb-infobox__content-wrap  uagb-infobox-icon-above-title uagb-infobox-image-valign-top\"><div class=\"uagb-ifb-content\"><div class=\"uagb-ifb-title-wrap\"><h3 class=\"uagb-ifb-title\">Tanques Flexibles<\/h3><\/div><p class=\"uagb-ifb-desc\">Distribuidos por <strong>Fireman House<\/strong>, los tanques flexibles de <strong>DELAO<\/strong> est\u00e1n disponibles en capacidades desde <strong>1 m\u00b3 hasta 1200 m\u00b3<\/strong>. Equipados con v\u00e1lvulas y accesorios adaptados, ofrecen una soluci\u00f3n vers\u00e1til para el almacenamiento seguro de l\u00edquidos como <strong>agua potable, aguas pluviales, desechos agr\u00edcolas, lodos, combustibles y productos qu\u00edmicos<\/strong>.<br>Fabricados con materiales resistentes y seleccionados seg\u00fan la aplicaci\u00f3n, son f\u00e1ciles de instalar y usar en diversos entornos.<br><strong>Almacenamiento seguro y adaptable para m\u00faltiples l\u00edquidos.<\/strong><\/p><div class=\"uagb-ifb-button-wrapper wp-block-button\"><a href=\"https:\/\/heyzine.com\/flip-book\/e229936729.html\" class=\"uagb-infobox-cta-link wp-block-button__link\" target=\"_self\" rel=\"noopener noreferrer\" onclick=\"return true;\"><span class=\"uagb-inline-editing\">Ver M\u00e1s.<\/span><\/a><\/div><\/div><\/div>\n<\/div>\n\n\n\n<div class=\"wp-block-uagb-container uagb-block-207d9253\">\n<figure class=\"wp-block-image size-full\"><img loading=\"lazy\" decoding=\"async\" width=\"676\" height=\"518\" src=\"https:\/\/firemanhouse.com\/wp-content\/uploads\/2025\/05\/tanques.png\" alt=\"\" class=\"wp-image-1669\" srcset=\"https:\/\/firemanhouse.com\/wp-content\/uploads\/2025\/05\/tanques.png 676w, https:\/\/firemanhouse.com\/wp-content\/uploads\/2025\/05\/tanques-300x230.png 300w\" sizes=\"(max-width: 676px) 100vw, 676px\" \/><\/figure>\n<\/div>\n<\/div><\/div>\n\n\n\n<div class=\"wp-block-uagb-container uagb-block-14a8a7c5 alignfull uagb-is-root-container\"><div class=\"uagb-container-inner-blocks-wrap\">\n<div class=\"wp-block-uagb-container uagb-block-450f36b9\">\n<div class=\"wp-block-uagb-image alignleft uagb-block-92fbef9a wp-block-uagb-image--layout-default wp-block-uagb-image--effect-static wp-block-uagb-image--align-left\"><figure class=\"wp-block-uagb-image__figure\"><img decoding=\"async\" srcset=\"https:\/\/firemanhouse.com\/wp-content\/uploads\/2025\/05\/anti-inundacion.png \" sizes=\"(max-width: 480px) 150px\" src=\"https:\/\/firemanhouse.com\/wp-content\/uploads\/2025\/05\/anti-inundacion.png\" alt=\"\" class=\"uag-image-1670\" width=\"549\" height=\"336\" title=\"\" loading=\"lazy\"\/><\/figure><\/div>\n<\/div>\n\n\n\n<div class=\"wp-block-uagb-container uagb-block-d4a4e5da\">\n<div class=\"wp-block-uagb-info-box uagb-block-9270554d uagb-infobox__content-wrap  uagb-infobox-icon-above-title uagb-infobox-image-valign-top\"><div class=\"uagb-ifb-content\"><div class=\"uagb-ifb-title-wrap\"><h3 class=\"uagb-ifb-title\">Barreras Anti Inundaci\u00f3n<\/h3><\/div><p class=\"uagb-ifb-desc\">Distribuidas por <strong>Fireman House<\/strong>, las barreras anti inundaci\u00f3n de <strong>DELAO<\/strong> est\u00e1n fabricadas con tubos flexibles que se llenan de agua para garantizar estabilidad en el suelo. Los tramos se apilan y conectan, formando barreras modulares con medidas ajustables en largo y alto seg\u00fan la necesidad espec\u00edfica.<br>Una soluci\u00f3n pr\u00e1ctica y eficiente para proteger \u00e1reas vulnerables frente a inundaciones.<\/p><div class=\"uagb-ifb-button-wrapper wp-block-button\"><a href=\"https:\/\/heyzine.com\/flip-book\/e229936729.html\" class=\"uagb-infobox-cta-link wp-block-button__link\" target=\"_self\" rel=\"noopener noreferrer\" onclick=\"return true;\"><span class=\"uagb-inline-editing\">Ver M\u00e1s.<\/span><\/a><\/div><\/div><\/div>\n<\/div>\n<\/div><\/div>\n\n\n\n<div class=\"wp-block-uagb-container uagb-block-bae27f36 alignfull uagb-is-root-container\"><div class=\"uagb-container-inner-blocks-wrap\"><\/div><\/div>\n","protected":false},"excerpt":{"rendered":"<p>Textiles T\u00e9cnicos de Alto Desempe\u00f1o Soluciones T\u00e9cnicas en Protecci\u00f3n Ambiental En Fireman House distribuimos en Colombia los productos especializados de DELAO, empresa reconocida en Europa por su calidad y experiencia en textiles t\u00e9cnicos. Sus soluciones son utilizadas por fuerzas de \u00e9lite como la Marina Nacional Francesa, la Armada Suiza, la Armada Espa\u00f1ola y el Bundeswehr &hellip;<\/p>\n<p class=\"read-more\"> <a class=\"\" href=\"https:\/\/firemanhouse.com\/index.php\/textiles-tecnicos\/\"> <span class=\"screen-reader-text\">Barreras flotantes y  textiles t\u00e9cnicos<\/span> Leer m\u00e1s &raquo;<\/a><\/p>\n","protected":false},"author":1,"featured_media":0,"parent":0,"menu_order":0,"comment_status":"closed","ping_status":"closed","template":"","meta":{"_uag_custom_page_level_css":"","site-sidebar-layout":"default","site-content-layout":"default","ast-global-header-display":"","ast-main-header-display":"","ast-hfb-above-header-display":"","ast-hfb-below-header-display":"","ast-hfb-mobile-header-display":"","site-post-title":"disabled","ast-breadcrumbs-content":"","ast-featured-img":"","footer-sml-layout":"","theme-transparent-header-meta":"disabled","adv-header-id-meta":"","stick-header-meta":"","header-above-stick-meta":"","header-main-stick-meta":"","header-below-stick-meta":"","_joinchat":[],"footnotes":""},"_hostinger_reach_plugin_has_subscription_block":false,"_hostinger_reach_plugin_is_elementor":false,"uagb_featured_image_src":{"full":false,"thumbnail":false,"medium":false,"medium_large":false,"large":false,"1536x1536":false,"2048x2048":false},"uagb_author_info":{"display_name":"firemanhousevirtual@gmail.com","author_link":"https:\/\/firemanhouse.com\/index.php\/author\/firemanhousevirtualgmail-com\/"},"uagb_comment_info":0,"uagb_excerpt":"Textiles T\u00e9cnicos de Alto Desempe\u00f1o Soluciones T\u00e9cnicas en Protecci\u00f3n Ambiental En Fireman House distribuimos en Colombia los productos especializados de DELAO, empresa reconocida en Europa por su calidad y experiencia en textiles t\u00e9cnicos. Sus soluciones son utilizadas por fuerzas de \u00e9lite como la Marina Nacional Francesa, la Armada Suiza, la Armada Espa\u00f1ola y el Bundeswehr&hellip;","_links":{"self":[{"href":"https:\/\/firemanhouse.com\/index.php\/wp-json\/wp\/v2\/pages\/1371"}],"collection":[{"href":"https:\/\/firemanhouse.com\/index.php\/wp-json\/wp\/v2\/pages"}],"about":[{"href":"https:\/\/firemanhouse.com\/index.php\/wp-json\/wp\/v2\/types\/page"}],"author":[{"embeddable":true,"href":"https:\/\/firemanhouse.com\/index.php\/wp-json\/wp\/v2\/users\/1"}],"replies":[{"embeddable":true,"href":"https:\/\/firemanhouse.com\/index.php\/wp-json\/wp\/v2\/comments?post=1371"}],"version-history":[{"count":7,"href":"https:\/\/firemanhouse.com\/index.php\/wp-json\/wp\/v2\/pages\/1371\/revisions"}],"predecessor-version":[{"id":1800,"href":"https:\/\/firemanhouse.com\/index.php\/wp-json\/wp\/v2\/pages\/1371\/revisions\/1800"}],"wp:attachment":[{"href":"https:\/\/firemanhouse.com\/index.php\/wp-json\/wp\/v2\/media?parent=1371"}],"curies":[{"name":"wp","href":"https:\/\/api.w.org\/{rel}","templated":true}]}}