{"id":1373,"date":"2024-06-07T14:52:42","date_gmt":"2024-06-07T19:52:42","guid":{"rendered":"https:\/\/firemanhouse.com\/?page_id=1373"},"modified":"2025-11-04T12:39:19","modified_gmt":"2025-11-04T17:39:19","slug":"boquillas","status":"publish","type":"page","link":"https:\/\/firemanhouse.com\/index.php\/boquillas\/","title":{"rendered":"Boquillas, Monitores y Equipos contra incendios."},"content":{"rendered":"\n<div class=\"wp-block-uagb-container uagb-block-8b2afbb0 alignfull uagb-is-root-container\"><div class=\"uagb-container-inner-blocks-wrap\">\n<div class=\"wp-block-uagb-advanced-heading uagb-block-e029216a\"><h1 class=\"uagb-heading-text\">Boquillas, Monitores y Equipos contra incendios para uso bomberil.<\/h1><\/div>\n<\/div><\/div>\n\n\n\n<p><strong>POK<\/strong> es un fabricante franc\u00e9s l\u00edder en <strong>boquillas, monitores y equipos de espuma<\/strong>, con un amplio cat\u00e1logo para cuerpos de bomberos e industria. Sus productos combinan <strong>tecnolog\u00eda avanzada y materiales de alta calidad<\/strong> como aluminio, bronce y acero inoxidable, garantizando confiabilidad y rendimiento.<\/p>\n\n\n\n<p>Ofrece <strong>boquillas manuales y forestales<\/strong>, <strong>monitores port\u00e1tiles, fijos y motorizados<\/strong> (hasta 10,000 GPM), adem\u00e1s de una completa l\u00ednea de <strong>accesorios<\/strong> como acoples, v\u00e1lvulas y difusores, adapt\u00e1ndose a cualquier necesidad operativa.<\/p>\n\n\n\n<p>Con <strong>POK y Fireman House<\/strong>, usted accede a soluciones precisas y robustas para su sistema de protecci\u00f3n contra incendio.<\/p>\n\n\n\n<div class=\"wp-block-uagb-container uagb-block-d7dfc6af alignfull uagb-is-root-container\"><div class=\"uagb-container-inner-blocks-wrap\">\n<div class=\"wp-block-uagb-container uagb-block-b56d0803\">\n<div class=\"wp-block-uagb-info-box uagb-block-fa09039e uagb-infobox__content-wrap  uagb-infobox-icon-above-title uagb-infobox-image-valign-top\"><div class=\"uagb-ifb-content\"><div class=\"uagb-ifb-title-wrap\"><h3 class=\"uagb-ifb-title\">Lanzas de mano POK<\/h3><\/div><p class=\"uagb-ifb-desc\">En <strong>Fireman House<\/strong> ofrecemos las boquillas de mano de <strong>POK<\/strong>, dise\u00f1adas para un control preciso, m\u00e1xima seguridad y resistencia. Con ajuste de caudal, chorro regulable (niebla o lleno), funci\u00f3n de purga y cierre r\u00e1pido, permiten una respuesta eficaz en cualquier escenario.<br>Fabricadas en aluminio, bronce y acero inoxidable, cumplen con las certificaciones <strong>EN 659 y EN 15182<\/strong>, garantizando calidad y fiabilidad para operaciones exigentes.<br>Con <strong>POK y Fireman House<\/strong>, su equipo cuenta con lanzas robustas, seguras y adaptables.<\/p><div class=\"uagb-ifb-button-wrapper wp-block-button\"><a href=\"https:\/\/firemanhouse.com\/index.php\/contact\/\" class=\"uagb-infobox-cta-link wp-block-button__link\" target=\"_self\" rel=\"noopener noreferrer\" onclick=\"return true;\"><span class=\"uagb-inline-editing\">Asesor\u00eda.<\/span><\/a><\/div><\/div><\/div>\n<\/div>\n\n\n\n<div class=\"wp-block-uagb-container uagb-block-d3b9020f\">\n<figure class=\"wp-block-image size-full\"><img loading=\"lazy\" decoding=\"async\" width=\"591\" height=\"531\" src=\"https:\/\/firemanhouse.com\/wp-content\/uploads\/2025\/05\/boquilla-pok.png\" alt=\"\" class=\"wp-image-1532\" srcset=\"https:\/\/firemanhouse.com\/wp-content\/uploads\/2025\/05\/boquilla-pok.png 591w, https:\/\/firemanhouse.com\/wp-content\/uploads\/2025\/05\/boquilla-pok-300x270.png 300w\" sizes=\"(max-width: 591px) 100vw, 591px\" \/><\/figure>\n<\/div>\n<\/div><\/div>\n\n\n\n<div class=\"wp-block-uagb-container uagb-block-d9e0b6c5 alignfull uagb-is-root-container\"><div class=\"uagb-container-inner-blocks-wrap\">\n<div class=\"wp-block-uagb-container uagb-block-0fc4e54b\">\n<figure class=\"wp-block-image size-full\"><img loading=\"lazy\" decoding=\"async\" width=\"542\" height=\"549\" src=\"https:\/\/firemanhouse.com\/wp-content\/uploads\/2025\/05\/equipo-para-forestales.png\" alt=\"\" class=\"wp-image-1533\" srcset=\"https:\/\/firemanhouse.com\/wp-content\/uploads\/2025\/05\/equipo-para-forestales.png 542w, https:\/\/firemanhouse.com\/wp-content\/uploads\/2025\/05\/equipo-para-forestales-296x300.png 296w\" sizes=\"(max-width: 542px) 100vw, 542px\" \/><\/figure>\n<\/div>\n\n\n\n<div class=\"wp-block-uagb-container uagb-block-1cd2052f\">\n<div class=\"wp-block-uagb-info-box uagb-block-95a94fa9 uagb-infobox__content-wrap  uagb-infobox-icon-above-title uagb-infobox-image-valign-top\"><div class=\"uagb-ifb-content\"><div class=\"uagb-ifb-title-wrap\"><h3 class=\"uagb-ifb-title\"><br>Divisiones Forestales KOMANDO: Confiabilidad y Versatilidad para el Control de Incendios<\/h3><\/div><p class=\"uagb-ifb-desc\"><strong>Divisiones forestales KOMANDO \u2014 Fireman House<\/strong><br>En <strong>Fireman House<\/strong>, distribuimos las divisiones forestales <strong>KOMANDO<\/strong> de <strong>POK<\/strong>, dise\u00f1adas para operaciones \u00e1giles y seguras en incendios de vegetaci\u00f3n. Fabricadas en aluminio tratado y recubiertas en poli\u00e9ster, ofrecen resistencia a la corrosi\u00f3n, bajo peso y alta durabilidad.<br>Disponibles en configuraciones de <strong>2 y 3 salidas<\/strong>, incluyen v\u00e1lvula antirretorno para mayor seguridad y conexiones compatibles (BSP, NST, DSP, Storz). Con certificaci\u00f3n <strong>EN 14420-8<\/strong>, cumplen los m\u00e1s altos est\u00e1ndares europeos.<br>Con <strong>POK y Fireman House<\/strong>, optimice su respuesta en escenarios forestales con equipos confiables y robustos.<br><br><\/p><div class=\"uagb-ifb-button-wrapper wp-block-button\"><a href=\"https:\/\/heyzine.com\/flip-book\/e229936729.html\/contact\/\" class=\"uagb-infobox-cta-link wp-block-button__link\" target=\"_self\" rel=\"noopener noreferrer\" onclick=\"return true;\"><span class=\"uagb-inline-editing\">Ver M\u00e1s.<\/span><\/a><\/div><\/div><\/div>\n<\/div>\n<\/div><\/div>\n\n\n\n<div class=\"wp-block-uagb-container uagb-block-3ad0bb6f alignfull uagb-is-root-container\"><div class=\"uagb-container-inner-blocks-wrap\">\n<div class=\"wp-block-uagb-container uagb-block-f12d2d6f\">\n<div class=\"wp-block-uagb-info-box uagb-block-f4595d28 uagb-infobox__content-wrap  uagb-infobox-icon-above-title uagb-infobox-image-valign-top\"><div class=\"uagb-ifb-content\"><div class=\"uagb-ifb-title-wrap\"><h3 class=\"uagb-ifb-title\">Lanzas monitor port\u00e1tiles POK<\/h3><\/div><p class=\"uagb-ifb-desc\">En Fireman House distribuimos las lanzas monitor port\u00e1tiles de POK, dise\u00f1adas para un despliegue r\u00e1pido y seguro en escenarios industriales y de emergencia. Fabricadas en aluminio anodizado, combinan ligereza, resistencia y facilidad de transporte.<br>Disponibles en modelos est\u00e1ndar y \u201cLight\u201d, permiten \u00e1ngulos de elevaci\u00f3n de -35\u00b0 a +85\u00b0 y barrido horizontal hasta 60\u00b0, con sistemas de bloqueo y estabilizadores plegables para operaci\u00f3n estable. Admiten caudales de hasta 4000 l\/min con conexiones DN80 (2 \u00bd\u201d) y diversas opciones de entrada y salida (BSP, Storz, NST).<br>Con Fireman House y POK, lleve a su equipo herramientas port\u00e1tiles que ofrecen control, potencia y confiabilidad para la supresi\u00f3n de incendios de gran magnitud.<\/p><div class=\"uagb-ifb-button-wrapper wp-block-button\"><a href=\"https:\/\/firemanhouse.com\/index.php\/contact\/\" class=\"uagb-infobox-cta-link wp-block-button__link\" target=\"_self\" rel=\"noopener noreferrer\" onclick=\"return true;\"><span class=\"uagb-inline-editing\">Asesor\u00eda.<\/span><\/a><\/div><\/div><\/div>\n<\/div>\n\n\n\n<div class=\"wp-block-uagb-container uagb-block-1f87bc55\">\n<figure class=\"wp-block-image size-full\"><img loading=\"lazy\" decoding=\"async\" width=\"561\" height=\"492\" src=\"https:\/\/firemanhouse.com\/wp-content\/uploads\/2025\/05\/Lanza-monitor.png\" alt=\"\" class=\"wp-image-1534\" srcset=\"https:\/\/firemanhouse.com\/wp-content\/uploads\/2025\/05\/Lanza-monitor.png 561w, https:\/\/firemanhouse.com\/wp-content\/uploads\/2025\/05\/Lanza-monitor-300x263.png 300w\" sizes=\"(max-width: 561px) 100vw, 561px\" \/><\/figure>\n<\/div>\n<\/div><\/div>\n\n\n\n<div class=\"wp-block-uagb-container uagb-block-eed4fa24 alignfull uagb-is-root-container\"><div class=\"uagb-container-inner-blocks-wrap\">\n<div class=\"wp-block-uagb-container uagb-block-c734b583\">\n<div class=\"wp-block-uagb-image alignleft uagb-block-38157cf3 wp-block-uagb-image--layout-default wp-block-uagb-image--effect-static wp-block-uagb-image--align-left\"><figure class=\"wp-block-uagb-image__figure\"><img decoding=\"async\" srcset=\"https:\/\/firemanhouse.com\/wp-content\/uploads\/2025\/05\/quipo-de-salida.png \" sizes=\"(max-width: 480px) 150px\" src=\"https:\/\/firemanhouse.com\/wp-content\/uploads\/2025\/05\/quipo-de-salida.png\" alt=\"\" class=\"uag-image-1535\" width=\"564\" height=\"502\" title=\"\" loading=\"lazy\"\/><\/figure><\/div>\n<\/div>\n\n\n\n<div class=\"wp-block-uagb-container uagb-block-fb13fb54\">\n<div class=\"wp-block-uagb-info-box uagb-block-a9350460 uagb-infobox__content-wrap  uagb-infobox-icon-above-title uagb-infobox-image-valign-top\"><div class=\"uagb-ifb-content\"><div class=\"uagb-ifb-title-wrap\"><h3 class=\"uagb-ifb-title\">Pitones de agua-espuma POWER FOAM POK<\/h3><\/div><p class=\"uagb-ifb-desc\">En Fireman House distribuimos los pitones de agua-espuma POWER FOAM de POK, dise\u00f1ados para maximizar la eficiencia en la extinci\u00f3n de incendios industriales y de grandes magnitudes. Fabricados en aleaci\u00f3n de aluminio con anodizaci\u00f3n y recubrimiento en poli\u00e9ster, garantizan resistencia y durabilidad.<br>Estos equipos permiten caudales de 2000 a 6000 l\/min a 7 bar, con un sistema patentado que optimiza el rendimiento hidr\u00e1ulico en un 30% y mejora el alcance hasta 68 metros. Incorporan dispensadores motorizados y mandos de control a distancia FULL opcionales para una operaci\u00f3n precisa y segura.<br>Con Fireman House y POK, equipe sus sistemas de salida con herramientas de alta capacidad, confiables y listas para enfrentar escenarios de alta demanda.<\/p><div class=\"uagb-ifb-button-wrapper wp-block-button\"><a href=\"https:\/\/heyzine.com\/flip-book\/e229936729.html\" class=\"uagb-infobox-cta-link wp-block-button__link\" target=\"_self\" rel=\"noopener noreferrer\" onclick=\"return true;\"><span class=\"uagb-inline-editing\">Ver M\u00e1s.<\/span><\/a><\/div><\/div><\/div>\n<\/div>\n<\/div><\/div>\n\n\n\n<div class=\"wp-block-uagb-container uagb-block-caef086c alignfull uagb-is-root-container\"><div class=\"uagb-container-inner-blocks-wrap\">\n<div class=\"wp-block-uagb-container uagb-block-ef5ebb65\">\n<div class=\"wp-block-uagb-info-box uagb-block-66766345 uagb-infobox__content-wrap  uagb-infobox-icon-above-title uagb-infobox-image-valign-top\"><div class=\"uagb-ifb-content\"><div class=\"uagb-ifb-title-wrap\"><h3 class=\"uagb-ifb-title\">LANZA&nbsp;CONTRA INCENDIOS MULTIFUNCI\u00d3N AGUA\/ESPUMA<br>TWIN-ACTION<\/h3><\/div><p class=\"uagb-ifb-desc\">En Fireman House ponemos a su disposici\u00f3n la l\u00ednea de <strong>generadores de espuma de alta expansi\u00f3n POK<\/strong>, reconocidos por su capacidad de cobertura eficiente en incendios de grandes superficies y espacios confinados.<br>Fabricados principalmente en aleaci\u00f3n de aluminio y equipados con turbinas de acero inoxidable, estos equipos aseguran un funcionamiento continuo y confiable durante largas jornadas de operaci\u00f3n. Su tecnolog\u00eda permite generar espuma de gran expansi\u00f3n, ideal para control de vapores, supresi\u00f3n de incendios y ventilaci\u00f3n de humos en instalaciones industriales, bodegas, t\u00faneles y hangares.<br>Los generadores POK ofrecen configuraciones modulares que permiten su integraci\u00f3n con dispositivos autaspirantes y mangueras de espuma, alcanzando distancias de hasta 10 metros y altos vol\u00famenes de espuma (con coeficientes de expansi\u00f3n superiores a 200).<br>Cumplen con la <strong>norma ZAG DN300 (NF S 61-707)<\/strong> y est\u00e1n dise\u00f1ados para un despliegue r\u00e1pido, eficiente y seguro, respaldando la protecci\u00f3n contra incendios en escenarios de alta exigencia.<\/p><div class=\"uagb-ifb-button-wrapper wp-block-button\"><a href=\"https:\/\/firemanhouse.com\/index.php\/contact\/\" class=\"uagb-infobox-cta-link wp-block-button__link\" target=\"_self\" rel=\"noopener noreferrer\" onclick=\"return true;\"><span class=\"uagb-inline-editing\">Cotiza ahora.<\/span><\/a><\/div><\/div><\/div>\n<\/div>\n\n\n\n<div class=\"wp-block-uagb-container uagb-block-453c33a2\">\n<figure class=\"wp-block-gallery has-nested-images columns-default is-cropped wp-block-gallery-1 is-layout-flex wp-block-gallery-is-layout-flex\">\n<figure class=\"wp-block-image size-full\"><img loading=\"lazy\" decoding=\"async\" width=\"540\" height=\"518\" src=\"https:\/\/firemanhouse.com\/wp-content\/uploads\/2025\/05\/equipo-de-espuma.png\" alt=\"\" class=\"wp-image-1536\" srcset=\"https:\/\/firemanhouse.com\/wp-content\/uploads\/2025\/05\/equipo-de-espuma.png 540w, https:\/\/firemanhouse.com\/wp-content\/uploads\/2025\/05\/equipo-de-espuma-300x288.png 300w\" sizes=\"(max-width: 540px) 100vw, 540px\" \/><\/figure>\n<\/figure>\n<\/div>\n<\/div><\/div>\n\n\n\n<div class=\"wp-block-uagb-container uagb-block-e15b8ec2 alignfull uagb-is-root-container\"><div class=\"uagb-container-inner-blocks-wrap\">\n<div class=\"wp-block-uagb-container uagb-block-3c15f80a\">\n<div class=\"wp-block-uagb-image alignleft uagb-block-219dc7b1 wp-block-uagb-image--layout-default wp-block-uagb-image--effect-static wp-block-uagb-image--align-left\"><figure class=\"wp-block-uagb-image__figure\"><img decoding=\"async\" srcset=\"https:\/\/firemanhouse.com\/wp-content\/uploads\/2025\/05\/divisiones.png \" sizes=\"(max-width: 480px) 150px\" src=\"https:\/\/firemanhouse.com\/wp-content\/uploads\/2025\/05\/divisiones.png\" alt=\"\" class=\"uag-image-1537\" width=\"555\" height=\"557\" title=\"\" loading=\"lazy\"\/><\/figure><\/div>\n<\/div>\n\n\n\n<div class=\"wp-block-uagb-container uagb-block-adc3a6d2\">\n<div class=\"wp-block-uagb-info-box uagb-block-8323f05d uagb-infobox__content-wrap  uagb-infobox-icon-above-title uagb-infobox-image-valign-top\"><div class=\"uagb-ifb-content\"><div class=\"uagb-ifb-title-wrap\"><h3 class=\"uagb-ifb-title\">Divisiones, codos y v\u00e1lvulas POK: control eficiente y distribuci\u00f3n precisa en redes contra incendio<\/h3><\/div><p class=\"uagb-ifb-desc\">En Fireman House distribuimos divisiones, codos y v\u00e1lvulas POK, dise\u00f1ados para optimizar la gesti\u00f3n y distribuci\u00f3n de caudales en redes contra incendio. Fabricados en aleaci\u00f3n de aluminio con recubrimiento en poli\u00e9ster, ofrecen resistencia, durabilidad y bajo mantenimiento.<br>Las divisiones POK cuentan con apertura progresiva y paso \u00edntegro, minimizando la p\u00e9rdida de carga y permitiendo un control preciso incluso bajo altas presiones. Disponibles en configuraciones de 2 a 4 salidas, con m\u00faltiples combinaciones de entrada y salida.<br>Con Fireman House y POK, equipe sus sistemas con accesorios robustos y confiables, listos para operar con eficiencia en cualquier escenario de emergencia.<\/p><div class=\"uagb-ifb-button-wrapper wp-block-button\"><a href=\"https:\/\/heyzine.com\/flip-book\/e229936729.html\" class=\"uagb-infobox-cta-link wp-block-button__link\" target=\"_self\" rel=\"noopener noreferrer\" onclick=\"return true;\"><span class=\"uagb-inline-editing\">Ver M\u00e1s.<\/span><\/a><\/div><\/div><\/div>\n<\/div>\n<\/div><\/div>\n\n\n\n<div class=\"wp-block-uagb-container uagb-block-0a5b8ba5 alignfull uagb-is-root-container\"><div class=\"uagb-container-inner-blocks-wrap\"><\/div><\/div>\n","protected":false},"excerpt":{"rendered":"<p>Boquillas, Monitores y Equipos contra incendios para uso bomberil. POK es un fabricante franc\u00e9s l\u00edder en boquillas, monitores y equipos de espuma, con un amplio cat\u00e1logo para cuerpos de bomberos e industria. Sus productos combinan tecnolog\u00eda avanzada y materiales de alta calidad como aluminio, bronce y acero inoxidable, garantizando confiabilidad y rendimiento. Ofrece boquillas manuales &hellip;<\/p>\n<p class=\"read-more\"> <a class=\"\" href=\"https:\/\/firemanhouse.com\/index.php\/boquillas\/\"> <span class=\"screen-reader-text\">Boquillas, Monitores y Equipos contra incendios.<\/span> Leer m\u00e1s &raquo;<\/a><\/p>\n","protected":false},"author":1,"featured_media":0,"parent":0,"menu_order":0,"comment_status":"closed","ping_status":"closed","template":"","meta":{"_uag_custom_page_level_css":"","site-sidebar-layout":"default","site-content-layout":"default","ast-global-header-display":"","ast-main-header-display":"","ast-hfb-above-header-display":"","ast-hfb-below-header-display":"","ast-hfb-mobile-header-display":"","site-post-title":"disabled","ast-breadcrumbs-content":"","ast-featured-img":"","footer-sml-layout":"","theme-transparent-header-meta":"disabled","adv-header-id-meta":"","stick-header-meta":"","header-above-stick-meta":"","header-main-stick-meta":"","header-below-stick-meta":"","_joinchat":[],"footnotes":""},"_hostinger_reach_plugin_has_subscription_block":false,"_hostinger_reach_plugin_is_elementor":false,"uagb_featured_image_src":{"full":false,"thumbnail":false,"medium":false,"medium_large":false,"large":false,"1536x1536":false,"2048x2048":false},"uagb_author_info":{"display_name":"firemanhousevirtual@gmail.com","author_link":"https:\/\/firemanhouse.com\/index.php\/author\/firemanhousevirtualgmail-com\/"},"uagb_comment_info":0,"uagb_excerpt":"Boquillas, Monitores y Equipos contra incendios para uso bomberil. POK es un fabricante franc\u00e9s l\u00edder en boquillas, monitores y equipos de espuma, con un amplio cat\u00e1logo para cuerpos de bomberos e industria. Sus productos combinan tecnolog\u00eda avanzada y materiales de alta calidad como aluminio, bronce y acero inoxidable, garantizando confiabilidad y rendimiento. Ofrece boquillas manuales&hellip;","_links":{"self":[{"href":"https:\/\/firemanhouse.com\/index.php\/wp-json\/wp\/v2\/pages\/1373"}],"collection":[{"href":"https:\/\/firemanhouse.com\/index.php\/wp-json\/wp\/v2\/pages"}],"about":[{"href":"https:\/\/firemanhouse.com\/index.php\/wp-json\/wp\/v2\/types\/page"}],"author":[{"embeddable":true,"href":"https:\/\/firemanhouse.com\/index.php\/wp-json\/wp\/v2\/users\/1"}],"replies":[{"embeddable":true,"href":"https:\/\/firemanhouse.com\/index.php\/wp-json\/wp\/v2\/comments?post=1373"}],"version-history":[{"count":7,"href":"https:\/\/firemanhouse.com\/index.php\/wp-json\/wp\/v2\/pages\/1373\/revisions"}],"predecessor-version":[{"id":1802,"href":"https:\/\/firemanhouse.com\/index.php\/wp-json\/wp\/v2\/pages\/1373\/revisions\/1802"}],"wp:attachment":[{"href":"https:\/\/firemanhouse.com\/index.php\/wp-json\/wp\/v2\/media?parent=1373"}],"curies":[{"name":"wp","href":"https:\/\/api.w.org\/{rel}","templated":true}]}}