{"id":1379,"date":"2025-05-20T20:40:15","date_gmt":"2025-05-21T01:40:15","guid":{"rendered":"https:\/\/firemanhouse.com\/?page_id=1379"},"modified":"2025-11-04T12:50:55","modified_gmt":"2025-11-04T17:50:55","slug":"guantes","status":"publish","type":"page","link":"https:\/\/firemanhouse.com\/index.php\/guantes\/","title":{"rendered":"Guantes"},"content":{"rendered":"\n<div class=\"wp-block-uagb-container uagb-block-899fb841 alignfull uagb-is-root-container\"><div class=\"uagb-container-inner-blocks-wrap\">\n<div class=\"wp-block-uagb-advanced-heading uagb-block-11e63043\"><h1 class=\"uagb-heading-text\">Guantes de intervenci\u00f3n<\/h1><\/div>\n<\/div><\/div>\n\n\n\n<p>Fireman House presenta su l\u00ednea de guantes t\u00e9cnicos en alianza con <strong>Shanghai Hygloves Co., Ltd.<\/strong>, fabricante chino con m\u00e1s de 20 a\u00f1os de experiencia en soluciones especializadas para bomberos, rescate t\u00e9cnico, fuerzas militares, polic\u00edas e industrias de alto riesgo.<\/p>\n\n\n\n<p>Hygloves abastece los principales mercados de <strong>Estados Unidos, Alemania, Europa del Norte, Jap\u00f3n y Australia<\/strong>, consolid\u00e1ndose como un referente global en protecci\u00f3n manual de alto desempe\u00f1o.<\/p>\n\n\n\n<p>Esta alianza permite a Fireman House ofrecer en Colombia guantes certificados, dise\u00f1ados para responder a las exigencias operativas m\u00e1s complejas.<\/p>\n\n\n\n<div class=\"wp-block-uagb-container uagb-block-da417ab1 alignfull uagb-is-root-container\"><div class=\"uagb-container-inner-blocks-wrap\">\n<div class=\"wp-block-uagb-container uagb-block-f285d721\">\n<div class=\"wp-block-uagb-info-box uagb-block-20a29b42 uagb-infobox__content-wrap  uagb-infobox-icon-above-title uagb-infobox-image-valign-top\"><div class=\"uagb-ifb-content\"><div class=\"uagb-ifb-title-wrap\"><h3 class=\"uagb-ifb-title\">Bombero estructural Gloves Wristlet Cuff de la alta destreza de NFPA 1971<\/h3><\/div><p class=\"uagb-ifb-desc\">Guante t\u00e9cnico de intervenci\u00f3n con materiales de alta resistencia y dise\u00f1o ergon\u00f3mico.<br><strong>Capa exterior:<\/strong> Cuero natural importado, duradero, suave y resistente al agua. Conserva su flexibilidad y textura incluso despu\u00e9s del lavado.<br><strong>Palma reforzada<\/strong> para mayor protecci\u00f3n en zonas de alto desgaste.<br><strong>Dedos curvados<\/strong> que mejoran la comodidad y la maniobrabilidad.<br><strong>Puntas reforzadas<\/strong> que aumentan la destreza y prolongan la vida \u00fatil del guante.<br>Ofrece alta resistencia al calor, a la abrasi\u00f3n, al rasgado y a la punci\u00f3n.<br><strong>Barrera de humedad:<\/strong> Membrana <strong>Porelle\u00ae<\/strong> (Europa), ign\u00edfuga, transpirable y duradera. Brinda protecci\u00f3n frente a agentes pat\u00f3genos, sustancias qu\u00edmicas y fluidos biol\u00f3gicos.<br><strong>Forro t\u00e9rmico:<\/strong> Tecnolog\u00eda <strong>Kovenex\u00ae<\/strong> (EE. UU.), con excelente capacidad de aislamiento t\u00e9rmico y transpirabilidad.<br><strong>Costuras y pu\u00f1o en Kevlar\u00ae<\/strong>, para m\u00e1xima resistencia estructural en condiciones extremas.<\/p><div class=\"uagb-ifb-button-wrapper wp-block-button\"><a href=\"https:\/\/heyzine.com\/flip-book\/e229936729.html\" class=\"uagb-infobox-cta-link wp-block-button__link\" target=\"_self\" rel=\"noopener noreferrer\" onclick=\"return true;\"><span class=\"uagb-inline-editing\">Ver M\u00e1s.<\/span><\/a><\/div><\/div><\/div>\n<\/div>\n\n\n\n<div class=\"wp-block-uagb-container uagb-block-6ad3783a\">\n<figure class=\"wp-block-image size-full is-resized\"><img loading=\"lazy\" decoding=\"async\" width=\"400\" height=\"400\" src=\"https:\/\/firemanhouse.com\/wp-content\/uploads\/2025\/05\/76nm.webp\" alt=\"\" class=\"wp-image-1631\" style=\"width:549px;height:auto\" srcset=\"https:\/\/firemanhouse.com\/wp-content\/uploads\/2025\/05\/76nm.webp 400w, https:\/\/firemanhouse.com\/wp-content\/uploads\/2025\/05\/76nm-300x300.webp 300w, https:\/\/firemanhouse.com\/wp-content\/uploads\/2025\/05\/76nm-150x150.webp 150w\" sizes=\"(max-width: 400px) 100vw, 400px\" \/><\/figure>\n<\/div>\n<\/div><\/div>\n\n\n\n<div class=\"wp-block-uagb-container uagb-block-2afd2288 alignfull uagb-is-root-container\"><div class=\"uagb-container-inner-blocks-wrap\">\n<div class=\"wp-block-uagb-container uagb-block-fd942c3e\">\n<div class=\"wp-block-uagb-image alignleft uagb-block-592d3ac0 wp-block-uagb-image--layout-default wp-block-uagb-image--effect-static wp-block-uagb-image--align-left\"><figure class=\"wp-block-uagb-image__figure\"><img decoding=\"async\" srcset=\"https:\/\/firemanhouse.com\/wp-content\/uploads\/2025\/05\/pd198784771-firefighter_work_gloves_xf_633_2006.webp \" sizes=\"(max-width: 480px) 150px\" src=\"https:\/\/firemanhouse.com\/wp-content\/uploads\/2025\/05\/pd198784771-firefighter_work_gloves_xf_633_2006.webp\" alt=\"\" class=\"uag-image-1633\" width=\"551\" height=\"551\" title=\"\" loading=\"lazy\"\/><\/figure><\/div>\n<\/div>\n\n\n\n<div class=\"wp-block-uagb-container uagb-block-6be09106\">\n<div class=\"wp-block-uagb-info-box uagb-block-634dac03 uagb-infobox__content-wrap  uagb-infobox-icon-above-title uagb-infobox-image-valign-top\"><div class=\"uagb-ifb-content\"><div class=\"uagb-ifb-title-wrap\"><h3 class=\"uagb-ifb-title\"><br>Guantes de trabajo para bomberos XF 633-2006<\/h3><\/div><p class=\"uagb-ifb-desc\">Este guante t\u00e9cnico, desarrollado bajo el est\u00e1ndar de prueba XF 633-2006, ha sido dise\u00f1ado para cumplir con los m\u00e1s altos niveles de exigencia operativa. Su resistencia a la abrasi\u00f3n supera los 8000 ciclos de fricci\u00f3n, y ofrece una protecci\u00f3n superior al corte y a la perforaci\u00f3n mec\u00e1nica, con valores que alcanzan hasta 247N. Integra propiedades ign\u00edfugas certificadas, con una longitud de da\u00f1o inferior a 14 mm y combusti\u00f3n nula, garantizando la integridad del usuario frente a llamas directas. Su estructura presenta una contracci\u00f3n t\u00e9rmica m\u00ednima, inferior al 3,2%, incluso en condiciones extremas. Adem\u00e1s, destaca por su excelente destreza (108,6%), agarre (88,6%) y un tiempo de colocaci\u00f3n eficiente de solo 3,5 segundos, lo que lo convierte en una herramienta confiable en intervenciones cr\u00edticas.<\/p><div class=\"uagb-ifb-button-wrapper wp-block-button\"><a href=\"https:\/\/firemanhouse.com\/index.php\/contact\/\" class=\"uagb-infobox-cta-link wp-block-button__link\" target=\"_self\" rel=\"noopener noreferrer\" onclick=\"return true;\"><span class=\"uagb-inline-editing\">Asesor\u00eda.<\/span><\/a><\/div><\/div><\/div>\n<\/div>\n<\/div><\/div>\n\n\n\n<div class=\"wp-block-uagb-container uagb-block-01a70aa8 alignfull uagb-is-root-container\"><div class=\"uagb-container-inner-blocks-wrap\">\n<div class=\"wp-block-uagb-container uagb-block-3efed783\">\n<div class=\"wp-block-uagb-info-box uagb-block-362e0b70 uagb-infobox__content-wrap  uagb-infobox-icon-above-title uagb-infobox-image-valign-top\"><div class=\"uagb-ifb-content\"><div class=\"uagb-ifb-title-wrap\"><h3 class=\"uagb-ifb-title\"><strong>guantes&nbsp;NFPA1971&nbsp;del&nbsp;bombero&nbsp;de<\/strong>&nbsp;la&nbsp;<strong>proximidad zurriagan el guantelete de Eversoft&nbsp;certificado por SEI<\/strong><\/h3><\/div><p class=\"uagb-ifb-desc\">Dise\u00f1ados bajo la norma NFPA 1971-2018 y certificados por SEI, estos guantes han sido desarrollados para operaciones de proximidad en entornos de alta exigencia t\u00e9rmica, como aeropuertos o escenarios con fuego envolvente. Su construcci\u00f3n combina comodidad y flexibilidad con una densidad \u00f3ptima para maximizar la protecci\u00f3n. La palma est\u00e1 fabricada en cuero dividido de alta calidad, tratado e importado, con refuerzo en PBI aluminizado y Kevlar\u00ae de origen estadounidense. Ofrecen alta resistencia t\u00e9rmica, a la abrasi\u00f3n, al rasgado y a la perforaci\u00f3n. Incorporan una barrera de humedad Porelle\u00ae ign\u00edfuga, resistente a pat\u00f3genos presentes en la sangre, y un forro t\u00e9rmico interior compuesto por lana y fibras Aramidas. Las costuras reforzadas en Kevlar\u00ae garantizan una durabilidad superior incluso en las condiciones m\u00e1s extremas.<\/p><div class=\"uagb-ifb-button-wrapper wp-block-button\"><a href=\"https:\/\/heyzine.com\/flip-book\/e229936729.html\" class=\"uagb-infobox-cta-link wp-block-button__link\" target=\"_self\" rel=\"noopener noreferrer\" onclick=\"return true;\"><span class=\"uagb-inline-editing\">Ver M\u00e1s.<\/span><\/a><\/div><\/div><\/div>\n<\/div>\n\n\n\n<div class=\"wp-block-uagb-container uagb-block-c55ab206\">\n<figure class=\"wp-block-image size-full is-resized\"><img loading=\"lazy\" decoding=\"async\" width=\"400\" height=\"400\" src=\"https:\/\/firemanhouse.com\/wp-content\/uploads\/2025\/05\/pd34564968-cowhide_leather_proximity_structural_firefighting_gloves_tear_resistant_npfa1971_2018ed.webp\" alt=\"\" class=\"wp-image-1634\" style=\"width:568px;height:auto\" srcset=\"https:\/\/firemanhouse.com\/wp-content\/uploads\/2025\/05\/pd34564968-cowhide_leather_proximity_structural_firefighting_gloves_tear_resistant_npfa1971_2018ed.webp 400w, https:\/\/firemanhouse.com\/wp-content\/uploads\/2025\/05\/pd34564968-cowhide_leather_proximity_structural_firefighting_gloves_tear_resistant_npfa1971_2018ed-300x300.webp 300w, https:\/\/firemanhouse.com\/wp-content\/uploads\/2025\/05\/pd34564968-cowhide_leather_proximity_structural_firefighting_gloves_tear_resistant_npfa1971_2018ed-150x150.webp 150w\" sizes=\"(max-width: 400px) 100vw, 400px\" \/><\/figure>\n<\/div>\n<\/div><\/div>\n\n\n\n<div class=\"wp-block-uagb-container uagb-block-95ebcd4b alignfull uagb-is-root-container\"><div class=\"uagb-container-inner-blocks-wrap\">\n<div class=\"wp-block-uagb-container uagb-block-1b4d1187\">\n<div class=\"wp-block-uagb-image alignleft uagb-block-5c1c1fd2 wp-block-uagb-image--layout-default wp-block-uagb-image--effect-static wp-block-uagb-image--align-left\"><figure class=\"wp-block-uagb-image__figure\"><img decoding=\"async\" srcset=\"https:\/\/firemanhouse.com\/wp-content\/uploads\/2025\/05\/pd33896872-en_388_rescue_extrication_gloves.webp \" sizes=\"(max-width: 480px) 150px\" src=\"https:\/\/firemanhouse.com\/wp-content\/uploads\/2025\/05\/pd33896872-en_388_rescue_extrication_gloves.webp\" alt=\"\" class=\"uag-image-1635\" width=\"550\" height=\"550\" title=\"\" loading=\"lazy\"\/><\/figure><\/div>\n<\/div>\n\n\n\n<div class=\"wp-block-uagb-container uagb-block-a8031993\">\n<div class=\"wp-block-uagb-info-box uagb-block-b7c5ffb9 uagb-infobox__content-wrap  uagb-infobox-icon-above-title uagb-infobox-image-valign-top\"><div class=\"uagb-ifb-content\"><div class=\"uagb-ifb-title-wrap\"><h3 class=\"uagb-ifb-title\">Guantes de la liberaci\u00f3n del rescate del EN 388<\/h3><\/div><p class=\"uagb-ifb-desc\">Dise\u00f1ados para operaciones de rescate exigentes, estos guantes ofrecen protecci\u00f3n integral contra impactos, cortes, abrasi\u00f3n, desgarros y perforaciones, con una destreza sobresaliente calificada en nivel 5. Su palma est\u00e1 fabricada con tecnolog\u00eda Cala reforzada con parches de nitrilo para mayor resistencia y agarre. El dorso incorpora una tela resistente al aceite y al agua, certificada bajo el est\u00e1ndar AATCC Grado 6 en repelencia al aceite. Cuentan con protecci\u00f3n TPR (goma termopl\u00e1stica) suave en toda la parte posterior para absorber impactos directos. El pu\u00f1o largo en Hyprene, con etiqueta de ajuste y dise\u00f1o tipo cuello cisne, ofrece un cierre seguro y evita la entrada de residuos. Todas las costuras est\u00e1n reforzadas con hilo Kevlar\u00ae, garantizando durabilidad en condiciones extremas. Certificaci\u00f3n EN 388:2016 \u2013 3X44EP.<\/p><div class=\"uagb-ifb-button-wrapper wp-block-button\"><a href=\"https:\/\/heyzine.com\/flip-book\/e229936729.html\" class=\"uagb-infobox-cta-link wp-block-button__link\" target=\"_self\" rel=\"noopener noreferrer\" onclick=\"return true;\"><span class=\"uagb-inline-editing\">Ver M\u00e1s.<\/span><\/a><\/div><\/div><\/div>\n<\/div>\n<\/div><\/div>\n\n\n\n<div class=\"wp-block-uagb-container uagb-block-7f462193 alignfull uagb-is-root-container\"><div class=\"uagb-container-inner-blocks-wrap\">\n<div class=\"wp-block-uagb-container uagb-block-cce83925\">\n<div class=\"wp-block-uagb-info-box uagb-block-b5c17533 uagb-infobox__content-wrap  uagb-infobox-icon-above-title uagb-infobox-image-valign-top\"><div class=\"uagb-ifb-content\"><div class=\"uagb-ifb-title-wrap\"><h3 class=\"uagb-ifb-title\">Pu\u00f1o largo EN388: Cinta 2016 de Gloves With Reflective del bombero<\/h3><\/div><p class=\"uagb-ifb-desc\">Dise\u00f1ados para responder en condiciones extremas, estos guantes certificados bajo las normas EN659, EN388:2016 y GOST R 53264-2009 ofrecen una protecci\u00f3n robusta para bomberos en todo tipo de escenarios operativos. Su capa exterior en cuero vacuno natural proporciona durabilidad, flexibilidad y resistencia al agua con una absorci\u00f3n m\u00ednima. Incorporan protecci\u00f3n en nudillos con acolchado interno, ofreciendo alta resistencia t\u00e9rmica, a la abrasi\u00f3n, al desgarro y a la perforaci\u00f3n.<br>El pu\u00f1o largo est\u00e1 fabricado en cuero reforzado e incluye cinta reflectiva para mayor visibilidad, junto con sistema de cierre con gancho y lazo para un ajuste seguro. La barrera de humedad es ign\u00edfuga, respirable y resistente, protegiendo contra agentes qu\u00edmicos y pat\u00f3genos de sangre. En su interior, el forro t\u00e9rmico est\u00e1 compuesto por para-aramida con fibra de vidrio, que brinda resistencia al calor sin sacrificar transpirabilidad. Todas las costuras est\u00e1n realizadas con hilo Kevlar\u00ae, garantizando solidez y durabilidad incluso en los entornos m\u00e1s exigentes.<\/p><div class=\"uagb-ifb-button-wrapper wp-block-button\"><a href=\"https:\/\/firemanhouse.com\/index.php\/contact\/\" class=\"uagb-infobox-cta-link wp-block-button__link\" target=\"_self\" rel=\"noopener noreferrer\" onclick=\"return true;\"><span class=\"uagb-inline-editing\">Cotiza ahora.<\/span><\/a><\/div><\/div><\/div>\n<\/div>\n\n\n\n<div class=\"wp-block-uagb-container uagb-block-66543c26\">\n<figure class=\"wp-block-gallery has-nested-images columns-default is-cropped wp-block-gallery-1 is-layout-flex wp-block-gallery-is-layout-flex\">\n<figure class=\"wp-block-image size-full\"><img loading=\"lazy\" decoding=\"async\" width=\"400\" height=\"400\" src=\"https:\/\/firemanhouse.com\/wp-content\/uploads\/2025\/05\/pd34524202-long_cuff_en388_2016_firefighter_gloves_with_reflective_tape.webp\" alt=\"\" class=\"wp-image-1636\" srcset=\"https:\/\/firemanhouse.com\/wp-content\/uploads\/2025\/05\/pd34524202-long_cuff_en388_2016_firefighter_gloves_with_reflective_tape.webp 400w, https:\/\/firemanhouse.com\/wp-content\/uploads\/2025\/05\/pd34524202-long_cuff_en388_2016_firefighter_gloves_with_reflective_tape-300x300.webp 300w, https:\/\/firemanhouse.com\/wp-content\/uploads\/2025\/05\/pd34524202-long_cuff_en388_2016_firefighter_gloves_with_reflective_tape-150x150.webp 150w\" sizes=\"(max-width: 400px) 100vw, 400px\" \/><\/figure>\n<\/figure>\n<\/div>\n<\/div><\/div>\n\n\n\n<div class=\"wp-block-uagb-container uagb-block-3eac7038 alignfull uagb-is-root-container\"><div class=\"uagb-container-inner-blocks-wrap\"><\/div><\/div>\n\n\n\n<div class=\"wp-block-uagb-container uagb-block-cb003d29 alignfull uagb-is-root-container\"><div class=\"uagb-container-inner-blocks-wrap\"><\/div><\/div>\n","protected":false},"excerpt":{"rendered":"<p>Guantes de intervenci\u00f3n Fireman House presenta su l\u00ednea de guantes t\u00e9cnicos en alianza con Shanghai Hygloves Co., Ltd., fabricante chino con m\u00e1s de 20 a\u00f1os de experiencia en soluciones especializadas para bomberos, rescate t\u00e9cnico, fuerzas militares, polic\u00edas e industrias de alto riesgo. Hygloves abastece los principales mercados de Estados Unidos, Alemania, Europa del Norte, Jap\u00f3n &hellip;<\/p>\n<p class=\"read-more\"> <a class=\"\" href=\"https:\/\/firemanhouse.com\/index.php\/guantes\/\"> <span class=\"screen-reader-text\">Guantes<\/span> Leer m\u00e1s &raquo;<\/a><\/p>\n","protected":false},"author":1,"featured_media":0,"parent":0,"menu_order":0,"comment_status":"closed","ping_status":"closed","template":"","meta":{"_uag_custom_page_level_css":"","site-sidebar-layout":"default","site-content-layout":"default","ast-global-header-display":"","ast-main-header-display":"","ast-hfb-above-header-display":"","ast-hfb-below-header-display":"","ast-hfb-mobile-header-display":"","site-post-title":"disabled","ast-breadcrumbs-content":"","ast-featured-img":"","footer-sml-layout":"","theme-transparent-header-meta":"disabled","adv-header-id-meta":"","stick-header-meta":"","header-above-stick-meta":"","header-main-stick-meta":"","header-below-stick-meta":"","_joinchat":[],"footnotes":""},"_hostinger_reach_plugin_has_subscription_block":false,"_hostinger_reach_plugin_is_elementor":false,"uagb_featured_image_src":{"full":false,"thumbnail":false,"medium":false,"medium_large":false,"large":false,"1536x1536":false,"2048x2048":false},"uagb_author_info":{"display_name":"firemanhousevirtual@gmail.com","author_link":"https:\/\/firemanhouse.com\/index.php\/author\/firemanhousevirtualgmail-com\/"},"uagb_comment_info":0,"uagb_excerpt":"Guantes de intervenci\u00f3n Fireman House presenta su l\u00ednea de guantes t\u00e9cnicos en alianza con Shanghai Hygloves Co., Ltd., fabricante chino con m\u00e1s de 20 a\u00f1os de experiencia en soluciones especializadas para bomberos, rescate t\u00e9cnico, fuerzas militares, polic\u00edas e industrias de alto riesgo. Hygloves abastece los principales mercados de Estados Unidos, Alemania, Europa del Norte, Jap\u00f3n&hellip;","_links":{"self":[{"href":"https:\/\/firemanhouse.com\/index.php\/wp-json\/wp\/v2\/pages\/1379"}],"collection":[{"href":"https:\/\/firemanhouse.com\/index.php\/wp-json\/wp\/v2\/pages"}],"about":[{"href":"https:\/\/firemanhouse.com\/index.php\/wp-json\/wp\/v2\/types\/page"}],"author":[{"embeddable":true,"href":"https:\/\/firemanhouse.com\/index.php\/wp-json\/wp\/v2\/users\/1"}],"replies":[{"embeddable":true,"href":"https:\/\/firemanhouse.com\/index.php\/wp-json\/wp\/v2\/comments?post=1379"}],"version-history":[{"count":3,"href":"https:\/\/firemanhouse.com\/index.php\/wp-json\/wp\/v2\/pages\/1379\/revisions"}],"predecessor-version":[{"id":1809,"href":"https:\/\/firemanhouse.com\/index.php\/wp-json\/wp\/v2\/pages\/1379\/revisions\/1809"}],"wp:attachment":[{"href":"https:\/\/firemanhouse.com\/index.php\/wp-json\/wp\/v2\/media?parent=1379"}],"curies":[{"name":"wp","href":"https:\/\/api.w.org\/{rel}","templated":true}]}}