{"id":1412,"date":"2024-06-12T21:10:47","date_gmt":"2024-06-13T02:10:47","guid":{"rendered":"https:\/\/firemanhouse.com\/?page_id=1412"},"modified":"2025-11-04T12:48:16","modified_gmt":"2025-11-04T17:48:16","slug":"equipos-de-busqueda-y-rescate-urbano","status":"publish","type":"page","link":"https:\/\/firemanhouse.com\/index.php\/equipos-de-busqueda-y-rescate-urbano\/","title":{"rendered":"Equipos de b\u00fasqueda y rescate urbano"},"content":{"rendered":"\n<div class=\"wp-block-uagb-container uagb-block-b450cb5f alignfull uagb-is-root-container\"><div class=\"uagb-container__video-wrap\"><video autoplay loop muted playsinline><source src=\"https:\/\/firemanhouse.com\/wp-content\/uploads\/2023\/03\/logo-fire-hotizontal.mp4\" type=\"video\/mp4\"\/><\/video><\/div><div class=\"uagb-container-inner-blocks-wrap\">\n<div class=\"wp-block-uagb-advanced-heading uagb-block-09ac526d\"><h1 class=\"uagb-heading-text\">Equipos de b\u00fasqueda y rescate urbano.<\/h1><\/div>\n<\/div><\/div>\n\n\n\n<p><\/p>\n\n\n\n<figure class=\"wp-block-embed is-type-video is-provider-youtube wp-block-embed-youtube wp-embed-aspect-16-9 wp-has-aspect-ratio\"><div class=\"wp-block-embed__wrapper\">\n<div class=\"ast-oembed-container\" style=\"height: 100%;\"><iframe loading=\"lazy\" title=\"Scorpe GREENSPIT herramienta vehicular\" width=\"500\" height=\"281\" src=\"https:\/\/www.youtube.com\/embed\/YLMmeeoEJGM?start=1&#038;feature=oembed\" frameborder=\"0\" allow=\"accelerometer; autoplay; clipboard-write; encrypted-media; gyroscope; picture-in-picture; web-share\" referrerpolicy=\"strict-origin-when-cross-origin\" allowfullscreen><\/iframe><\/div>\n<\/div><\/figure>\n\n\n\n<p><\/p>\n\n\n\n<div class=\"wp-block-uagb-container uagb-block-f2f814e7 alignfull uagb-is-root-container\"><div class=\"uagb-container-inner-blocks-wrap\">\n<div class=\"wp-block-uagb-container uagb-block-0ec674b0\">\n<div class=\"wp-block-uagb-info-box uagb-block-6b47a47f uagb-infobox__content-wrap  uagb-infobox-icon-above-title uagb-infobox-image-valign-top\"><div class=\"uagb-ifb-content\"><div class=\"uagb-ifb-title-wrap\"><h3 class=\"uagb-ifb-title\">Herramienta combinada de rescate COMBI MK \u2014 Scorpe<\/h3><\/div><p class=\"uagb-ifb-desc\">En Fireman House distribuimos la herramienta combinada COMBI MK de Scorpe, dise\u00f1ada para operaciones de rescate urbano que exigen versatilidad y rapidez. Como parte de la l\u00ednea Greenspirit II, integra en un solo equipo funciones de corte, expansi\u00f3n, empuje y tracci\u00f3n.<br>Fabricada con las hojas curvas especiales m\u00e1s ligeras del mercado, permite aperturas de puertas, liberaci\u00f3n de v\u00edctimas y maniobras en espacios confinados con alta precisi\u00f3n. Sus puntas delgadas aseguran un agarre firme en aberturas estrechas, mientras que su gran fuerza de corte optimiza la respuesta en emergencias complejas.<br>Con Fireman House y Scorpe, equipe sus unidades de rescate con herramientas ligeras, robustas y listas para intervenciones urbanas exigentes.<\/p><div class=\"uagb-ifb-button-wrapper wp-block-button\"><a href=\"https:\/\/firemanhouse.com\/index.php\/contact\/\" class=\"uagb-infobox-cta-link wp-block-button__link\" target=\"_self\" rel=\"noopener noreferrer\" onclick=\"return true;\"><span class=\"uagb-inline-editing\">Asesor\u00eda.<\/span><\/a><\/div><\/div><\/div>\n<\/div>\n\n\n\n<div class=\"wp-block-uagb-container uagb-block-0223ed27\">\n<figure class=\"wp-block-image size-full\"><img loading=\"lazy\" decoding=\"async\" width=\"731\" height=\"483\" src=\"https:\/\/firemanhouse.com\/wp-content\/uploads\/2025\/05\/Combi-mk.png\" alt=\"\" class=\"wp-image-1541\" srcset=\"https:\/\/firemanhouse.com\/wp-content\/uploads\/2025\/05\/Combi-mk.png 731w, https:\/\/firemanhouse.com\/wp-content\/uploads\/2025\/05\/Combi-mk-300x198.png 300w\" sizes=\"(max-width: 731px) 100vw, 731px\" \/><\/figure>\n<\/div>\n<\/div><\/div>\n\n\n\n<div class=\"wp-block-uagb-container uagb-block-5c639f47 alignfull uagb-is-root-container\"><div class=\"uagb-container-inner-blocks-wrap\">\n<div class=\"wp-block-uagb-container uagb-block-9706e503\">\n<div class=\"wp-block-uagb-image alignleft uagb-block-bd2e225a wp-block-uagb-image--layout-default wp-block-uagb-image--effect-static wp-block-uagb-image--align-left\"><figure class=\"wp-block-uagb-image__figure\"><img decoding=\"async\" srcset=\"https:\/\/firemanhouse.com\/wp-content\/uploads\/2025\/05\/RAM-RS.png \" sizes=\"(max-width: 480px) 150px\" src=\"https:\/\/firemanhouse.com\/wp-content\/uploads\/2025\/05\/RAM-RS.png\" alt=\"\" class=\"uag-image-1547\" width=\"632\" height=\"461\" title=\"\" loading=\"lazy\"\/><\/figure><\/div>\n<\/div>\n\n\n\n<div class=\"wp-block-uagb-container uagb-block-dc8f87c7\">\n<div class=\"wp-block-uagb-info-box uagb-block-5db3a886 uagb-infobox__content-wrap  uagb-infobox-icon-above-title uagb-infobox-image-valign-top\"><div class=\"uagb-ifb-content\"><div class=\"uagb-ifb-title-wrap\"><h3 class=\"uagb-ifb-title\">Cilindro hidr\u00e1ulico de rescate SR \u2014 Scorpe<\/h3><\/div><p class=\"uagb-ifb-desc\">En Fireman House distribuimos el cilindro hidr\u00e1ulico SR de Scorpe, dise\u00f1ado para crear, estabilizar y mantener aperturas tras accidentes vehiculares, derrumbes o desastres naturales.<br>Es el m\u00e1s liviano del mercado, con cabezal de 360\u00b0 y puntas de cuatro garras que aseguran un agarre firme y seguro en cualquier estructura. Su funcionamiento a bater\u00eda Li-ion Milwaukee 18V permite una operaci\u00f3n m\u00f3vil, flexible y eficiente.<br>Incluye soportes, extensiones, cabezales cruzados, cargador, adaptadores y estuche de transporte. Opcionalmente, puede incorporar cubierta impermeable.<br>Con Fireman House y Scorpe, equipe sus unidades de rescate con herramientas vers\u00e1tiles, confiables y listas para actuar.<\/p><div class=\"uagb-ifb-button-wrapper wp-block-button\"><a href=\"https:\/\/heyzine.com\/flip-book\/e229936729.html\" class=\"uagb-infobox-cta-link wp-block-button__link\" target=\"_self\" rel=\"noopener noreferrer\" onclick=\"return true;\"><span class=\"uagb-inline-editing\">Ver M\u00e1s.<\/span><\/a><\/div><\/div><\/div>\n<\/div>\n<\/div><\/div>\n\n\n\n<div class=\"wp-block-uagb-container uagb-block-a319509f alignfull uagb-is-root-container\"><div class=\"uagb-container-inner-blocks-wrap\">\n<div class=\"wp-block-uagb-container uagb-block-150dfc28\">\n<div class=\"wp-block-uagb-info-box uagb-block-b71e6d75 uagb-infobox__content-wrap  uagb-infobox-icon-above-title uagb-infobox-image-valign-top\"><div class=\"uagb-ifb-content\"><div class=\"uagb-ifb-title-wrap\"><h3 class=\"uagb-ifb-title\">Separador hidr\u00e1ulico MS \u2014 Scorpe<\/h3><\/div><p class=\"uagb-ifb-desc\">En Fireman House distribuimos el separador hidr\u00e1ulico MS de Scorpe, dise\u00f1ado para operaciones de extricaci\u00f3n en accidentes vehiculares y rescate urbano.<br>Ideal para apertura de puertas y levantamiento de tableros con set de cadenas, ofrece la mayor fuerza de su clase con un \u00e1ngulo de apertura controlado a 110\u00b0 para mayor seguridad. Sus puntas delgadas permiten una inserci\u00f3n precisa en espacios reducidos.<br>Incluye bater\u00eda Li-ion 18V, cargador, adaptadores, set de cadenas y maleta de transporte.<br>Con Fireman House y Scorpe, equipe sus equipos de rescate con tecnolog\u00eda potente, segura y vers\u00e1til.<br><\/p><div class=\"uagb-ifb-button-wrapper wp-block-button\"><a href=\"https:\/\/firemanhouse.com\/index.php\/contact\/\" class=\"uagb-infobox-cta-link wp-block-button__link\" target=\"_self\" rel=\"noopener noreferrer\" onclick=\"return true;\"><span class=\"uagb-inline-editing\">Cotiza ahora.<\/span><\/a><\/div><\/div><\/div>\n<\/div>\n\n\n\n<div class=\"wp-block-uagb-container uagb-block-b7bec81d\">\n<figure class=\"wp-block-gallery has-nested-images columns-default is-cropped wp-block-gallery-1 is-layout-flex wp-block-gallery-is-layout-flex\">\n<figure class=\"wp-block-image size-full\"><img loading=\"lazy\" decoding=\"async\" width=\"690\" height=\"492\" src=\"https:\/\/firemanhouse.com\/wp-content\/uploads\/2025\/05\/SPREADERS-MS.png\" alt=\"\" class=\"wp-image-1548\" srcset=\"https:\/\/firemanhouse.com\/wp-content\/uploads\/2025\/05\/SPREADERS-MS.png 690w, https:\/\/firemanhouse.com\/wp-content\/uploads\/2025\/05\/SPREADERS-MS-300x214.png 300w\" sizes=\"(max-width: 690px) 100vw, 690px\" \/><\/figure>\n<\/figure>\n<\/div>\n<\/div><\/div>\n\n\n\n<div class=\"wp-block-uagb-container uagb-block-7e307fed alignfull uagb-is-root-container\"><div class=\"uagb-container-inner-blocks-wrap\">\n<div class=\"wp-block-uagb-container uagb-block-dbecd8d9\">\n<div class=\"wp-block-uagb-image alignleft uagb-block-8f0f80f1 wp-block-uagb-image--layout-default wp-block-uagb-image--effect-static wp-block-uagb-image--align-left\"><figure class=\"wp-block-uagb-image__figure\"><img decoding=\"async\" srcset=\"https:\/\/firemanhouse.com\/wp-content\/uploads\/2025\/05\/CUTTER.png \" sizes=\"(max-width: 480px) 150px\" src=\"https:\/\/firemanhouse.com\/wp-content\/uploads\/2025\/05\/CUTTER.png\" alt=\"\" class=\"uag-image-1549\" width=\"678\" height=\"483\" title=\"\" loading=\"lazy\"\/><\/figure><\/div>\n<\/div>\n\n\n\n<div class=\"wp-block-uagb-container uagb-block-843e6972\">\n<div class=\"wp-block-uagb-info-box uagb-block-77bcd97c uagb-infobox__content-wrap  uagb-infobox-icon-above-title uagb-infobox-image-valign-top\"><div class=\"uagb-ifb-content\"><div class=\"uagb-ifb-title-wrap\"><h3 class=\"uagb-ifb-title\">Cortador hidr\u00e1ulico SC \u2014 Scorpe<\/h3><\/div><p class=\"uagb-ifb-desc\">En Fireman House distribuimos el cortador hidr\u00e1ulico SC de Scorpe, dise\u00f1ado para intervenciones r\u00e1pidas en rescates vehiculares y ferroviarios.<br>Equipado con cuchillas forjadas en acero de alta resistencia, permite cortar estructuras met\u00e1licas, partes de veh\u00edculos, tuber\u00edas y perfiles de acero con seguridad y precisi\u00f3n. Su geometr\u00eda optimizada garantiza cortes eficientes y confiables en cada operaci\u00f3n.<br>Incluye bater\u00eda Li-ion 18V, cargador, adaptadores y maleta de transporte.<br>Con Fireman House y Scorpe, fortalezca su equipo de rescate con herramientas robustas y listas para la acci\u00f3n.<\/p><div class=\"uagb-ifb-button-wrapper wp-block-button\"><a href=\"https:\/\/heyzine.com\/flip-book\/e229936729.html\" class=\"uagb-infobox-cta-link wp-block-button__link\" target=\"_self\" rel=\"noopener noreferrer\" onclick=\"return true;\"><span class=\"uagb-inline-editing\">Ver M\u00e1s.<\/span><\/a><\/div><\/div><\/div>\n<\/div>\n<\/div><\/div>\n\n\n\n<div class=\"wp-block-uagb-container uagb-block-bb262f62 alignfull uagb-is-root-container\"><div class=\"uagb-container-inner-blocks-wrap\">\n<div class=\"wp-block-uagb-container uagb-block-46b1d61d\">\n<div class=\"wp-block-uagb-info-box uagb-block-26d66f24 uagb-infobox__content-wrap  uagb-infobox-icon-above-title uagb-infobox-image-valign-top\"><div class=\"uagb-ifb-content\"><div class=\"uagb-ifb-title-wrap\"><h3 class=\"uagb-ifb-title\">Dispositivo de b\u00fasqueda VIBRAPHONE ASB9 \u2014 Scorpe<\/h3><\/div><p class=\"uagb-ifb-desc\">En Fireman House distribuimos el VIBRAPHONE ASB9 de Scorpe, una herramienta electr\u00f3nica dise\u00f1ada para localizar y comunicarse con v\u00edctimas atrapadas bajo escombros tras desastres naturales.<br>El sistema integra una unidad de control IP54 con filtros de frecuencia ajustables (pasa altos, pasa bajos y banda pasante), que optimizan la detecci\u00f3n al eliminar ruidos no deseados y mejorar la claridad de las se\u00f1ales.<br>Incluye dos sensores de vibraci\u00f3n de ultra alta sensibilidad, un sensor de sonido con altavoz integrado y un auricular est\u00e9reo con micr\u00f3fono, permitiendo una b\u00fasqueda precisa y comunicaci\u00f3n efectiva en operaciones de rescate.<br>Con Fireman House y Scorpe, fortalezca su capacidad de respuesta con equipos confiables, precisos y listos para emergencias.<\/p><div class=\"uagb-ifb-button-wrapper wp-block-button\"><a href=\"https:\/\/firemanhouse.com\/index.php\/contact\/\" class=\"uagb-infobox-cta-link wp-block-button__link\" target=\"_self\" rel=\"noopener noreferrer\" onclick=\"return true;\"><span class=\"uagb-inline-editing\">Asesor\u00eda.<\/span><\/a><\/div><\/div><\/div>\n<\/div>\n\n\n\n<div class=\"wp-block-uagb-container uagb-block-0497b3c4\">\n<figure class=\"wp-block-image size-full is-resized\"><img loading=\"lazy\" decoding=\"async\" width=\"335\" height=\"331\" src=\"https:\/\/firemanhouse.com\/wp-content\/uploads\/2025\/05\/vibraphone.png\" alt=\"\" class=\"wp-image-1546\" style=\"width:551px;height:auto\" srcset=\"https:\/\/firemanhouse.com\/wp-content\/uploads\/2025\/05\/vibraphone.png 335w, https:\/\/firemanhouse.com\/wp-content\/uploads\/2025\/05\/vibraphone-300x296.png 300w\" sizes=\"(max-width: 335px) 100vw, 335px\" \/><\/figure>\n<\/div>\n<\/div><\/div>\n\n\n\n<div class=\"wp-block-uagb-container uagb-block-0f81508e alignfull uagb-is-root-container\"><div class=\"uagb-container-inner-blocks-wrap\">\n<div class=\"wp-block-uagb-container uagb-block-c832cd87\">\n<figure class=\"wp-block-image size-full is-resized\"><img loading=\"lazy\" decoding=\"async\" width=\"705\" height=\"705\" src=\"https:\/\/firemanhouse.com\/wp-content\/uploads\/2025\/05\/scorpe-scorpeye-1425x705-1-edited.jpg\" alt=\"\" class=\"wp-image-1555\" style=\"width:551px;height:auto\" srcset=\"https:\/\/firemanhouse.com\/wp-content\/uploads\/2025\/05\/scorpe-scorpeye-1425x705-1-edited.jpg 705w, https:\/\/firemanhouse.com\/wp-content\/uploads\/2025\/05\/scorpe-scorpeye-1425x705-1-edited-300x300.jpg 300w, https:\/\/firemanhouse.com\/wp-content\/uploads\/2025\/05\/scorpe-scorpeye-1425x705-1-edited-150x150.jpg 150w\" sizes=\"(max-width: 705px) 100vw, 705px\" \/><\/figure>\n<\/div>\n\n\n\n<div class=\"wp-block-uagb-container uagb-block-2f9b146b\">\n<div class=\"wp-block-uagb-info-box uagb-block-cfee3c04 uagb-infobox__content-wrap  uagb-infobox-icon-above-title uagb-infobox-image-valign-top\"><div class=\"uagb-ifb-content\"><div class=\"uagb-ifb-title-wrap\"><h3 class=\"uagb-ifb-title\"><br>Monitor de estabilidad Scorp\u2019Eye \u2014 Scorpe<\/h3><\/div><p class=\"uagb-ifb-desc\">En Fireman House distribuimos el <strong>Scorp\u2019Eye<\/strong>, dise\u00f1ado con equipos USAR franceses para monitorear movimientos de estructuras inestables tras desastres.<br>Detecta desplazamientos de <strong>5 a 100 mm<\/strong> con alta precisi\u00f3n gracias a su <strong>visor telesc\u00f3pico (zoom 3-12&#215;50)<\/strong>. Su sistema inal\u00e1mbrico, con <strong>autonom\u00eda de 23 h<\/strong>, se despliega en segundos.<br>Incluye alarmas visuales (2\u00d71000 l\u00famenes) y sonoras (2\u00d7110 dB), tr\u00edpode Manfrotto y maleta impermeable con garant\u00eda de por vida.<br><strong>Preciso, robusto y f\u00e1cil de usar.<\/strong> Ideal para rescates seguros.<br><br><\/p><div class=\"uagb-ifb-button-wrapper wp-block-button\"><a href=\"https:\/\/heyzine.com\/flip-book\/e229936729.html\" class=\"uagb-infobox-cta-link wp-block-button__link\" target=\"_self\" rel=\"noopener noreferrer\" onclick=\"return true;\"><span class=\"uagb-inline-editing\">Ver M\u00e1s.<\/span><\/a><\/div><\/div><\/div>\n<\/div>\n<\/div><\/div>\n\n\n\n<div class=\"wp-block-uagb-container uagb-block-b71c35e5 alignfull uagb-is-root-container\"><div class=\"uagb-container-inner-blocks-wrap\">\n<div class=\"wp-block-uagb-container uagb-block-b69468bf\">\n<div class=\"wp-block-uagb-info-box uagb-block-61ac79cf uagb-infobox__content-wrap  uagb-infobox-icon-above-title uagb-infobox-image-valign-top\"><div class=\"uagb-ifb-content\"><div class=\"uagb-ifb-title-wrap\"><h3 class=\"uagb-ifb-title\">Motobomba flotante ACUAFAST 6HP \u2014 Scorpe<\/h3><\/div><p class=\"uagb-ifb-desc\">En Fireman House distribuimos la motobomba flotante ACUAFAST 6HP de Scorpe, una soluci\u00f3n ultraligera y eficiente para captar agua en emergencias donde el acceso es limitado o inexistente.<br>Con un motor Kawasaki de alto rendimiento, esta motobomba permite extraer agua desde tan solo 2 cm de profundidad, operando incluso en seco. Su flotador desmontable facilita el transporte y almacenamiento, mientras que su dise\u00f1o compacto y mango ergon\u00f3mico garantizan movilidad en cualquier terreno.<br>Con caudales de hasta 1198 L\/min, la ACUAFAST ofrece una autonom\u00eda de 60 minutos y es ideal para alimentar l\u00edneas de ataque directo desde fuentes naturales.<br>Con Fireman House y Scorpe, equipe su equipo con tecnolog\u00eda ligera, robusta y lista para responder cuando m\u00e1s se necesita.<\/p><div class=\"uagb-ifb-button-wrapper wp-block-button\"><a href=\"https:\/\/firemanhouse.com\/index.php\/contact\/\" class=\"uagb-infobox-cta-link wp-block-button__link\" target=\"_self\" rel=\"noopener noreferrer\" onclick=\"return true;\"><span class=\"uagb-inline-editing\">Cotiza ahora.<\/span><\/a><\/div><\/div><\/div>\n<\/div>\n\n\n\n<div class=\"wp-block-uagb-container uagb-block-a671075e\">\n<figure class=\"wp-block-gallery has-nested-images columns-default is-cropped wp-block-gallery-2 is-layout-flex wp-block-gallery-is-layout-flex\">\n<figure class=\"wp-block-image size-full\"><img loading=\"lazy\" decoding=\"async\" width=\"705\" height=\"705\" src=\"https:\/\/firemanhouse.com\/wp-content\/uploads\/2025\/05\/AQUAFAST-FLOATING-PUMP-6-HP-1425x705-1-edited.png\" alt=\"\" class=\"wp-image-1551\" srcset=\"https:\/\/firemanhouse.com\/wp-content\/uploads\/2025\/05\/AQUAFAST-FLOATING-PUMP-6-HP-1425x705-1-edited.png 705w, https:\/\/firemanhouse.com\/wp-content\/uploads\/2025\/05\/AQUAFAST-FLOATING-PUMP-6-HP-1425x705-1-edited-300x300.png 300w, https:\/\/firemanhouse.com\/wp-content\/uploads\/2025\/05\/AQUAFAST-FLOATING-PUMP-6-HP-1425x705-1-edited-150x150.png 150w\" sizes=\"(max-width: 705px) 100vw, 705px\" \/><\/figure>\n<\/figure>\n<\/div>\n<\/div><\/div>\n\n\n\n<div class=\"wp-block-uagb-container uagb-block-31478eb4 alignfull uagb-is-root-container\"><div class=\"uagb-container-inner-blocks-wrap\">\n<div class=\"wp-block-uagb-container uagb-block-ed32d999\">\n<figure class=\"wp-block-image size-full is-resized\"><img loading=\"lazy\" decoding=\"async\" width=\"458\" height=\"374\" src=\"https:\/\/firemanhouse.com\/wp-content\/uploads\/2025\/05\/air-1.png\" alt=\"\" class=\"wp-image-1545\" style=\"width:551px;height:auto\" srcset=\"https:\/\/firemanhouse.com\/wp-content\/uploads\/2025\/05\/air-1.png 458w, https:\/\/firemanhouse.com\/wp-content\/uploads\/2025\/05\/air-1-300x245.png 300w\" sizes=\"(max-width: 458px) 100vw, 458px\" \/><\/figure>\n<\/div>\n\n\n\n<div class=\"wp-block-uagb-container uagb-block-ba488547\">\n<div class=\"wp-block-uagb-info-box uagb-block-daa890b8 uagb-infobox__content-wrap  uagb-infobox-icon-above-title uagb-infobox-image-valign-top\"><div class=\"uagb-ifb-content\"><div class=\"uagb-ifb-title-wrap\"><h3 class=\"uagb-ifb-title\"><br>Bolsas de levantamiento<br>SCORP\u2019AIR S \u2014 Scorpe<\/h3><\/div><p class=\"uagb-ifb-desc\">En Fireman House distribuimos las bolsas de levantamiento SCORP\u2019AIR S de Scorpe, dise\u00f1adas para operaciones de rescate urbano que requieren precisi\u00f3n y eficiencia. Con un grosor de solo 22 mm, permiten insertarse f\u00e1cilmente en espacios reducidos, facilitando maniobras en escenarios complejos.<br>Fabricadas con refuerzos en fibras de kevlar y recubrimiento en SBR, ofrecen alta resistencia a la abrasi\u00f3n y una vida \u00fatil prolongada. Su capacidad de trabajo hasta 10 bar proporciona una fuerza de elevaci\u00f3n 30% superior a versiones anteriores. La superficie antideslizante permite apilarlas de forma segura para aumentar la altura de levantamiento.<br>Con Fireman House y Scorpe, optimice sus operaciones de rescate con equipos certificados bajo la norma EN 13731, confiables y de alto desempe\u00f1o.<br><br><\/p><div class=\"uagb-ifb-button-wrapper wp-block-button\"><a href=\"https:\/\/heyzine.com\/flip-book\/e229936729.html\" class=\"uagb-infobox-cta-link wp-block-button__link\" target=\"_self\" rel=\"noopener noreferrer\" onclick=\"return true;\"><span class=\"uagb-inline-editing\">Ver M\u00e1s.<\/span><\/a><\/div><\/div><\/div>\n<\/div>\n<\/div><\/div>\n\n\n\n<div class=\"wp-block-uagb-container uagb-block-1827bd40 alignfull uagb-is-root-container\"><div class=\"uagb-container-inner-blocks-wrap\"><\/div><\/div>\n","protected":false},"excerpt":{"rendered":"<p>Equipos de b\u00fasqueda y rescate urbano.<\/p>\n","protected":false},"author":1,"featured_media":0,"parent":0,"menu_order":0,"comment_status":"closed","ping_status":"closed","template":"","meta":{"_uag_custom_page_level_css":"","site-sidebar-layout":"default","site-content-layout":"default","ast-global-header-display":"","ast-main-header-display":"","ast-hfb-above-header-display":"","ast-hfb-below-header-display":"","ast-hfb-mobile-header-display":"","site-post-title":"disabled","ast-breadcrumbs-content":"","ast-featured-img":"","footer-sml-layout":"","theme-transparent-header-meta":"disabled","adv-header-id-meta":"","stick-header-meta":"","header-above-stick-meta":"","header-main-stick-meta":"","header-below-stick-meta":"","_joinchat":[],"footnotes":""},"_hostinger_reach_plugin_has_subscription_block":false,"_hostinger_reach_plugin_is_elementor":false,"uagb_featured_image_src":{"full":false,"thumbnail":false,"medium":false,"medium_large":false,"large":false,"1536x1536":false,"2048x2048":false},"uagb_author_info":{"display_name":"firemanhousevirtual@gmail.com","author_link":"https:\/\/firemanhouse.com\/index.php\/author\/firemanhousevirtualgmail-com\/"},"uagb_comment_info":0,"uagb_excerpt":"Equipos de b\u00fasqueda y rescate urbano.","_links":{"self":[{"href":"https:\/\/firemanhouse.com\/index.php\/wp-json\/wp\/v2\/pages\/1412"}],"collection":[{"href":"https:\/\/firemanhouse.com\/index.php\/wp-json\/wp\/v2\/pages"}],"about":[{"href":"https:\/\/firemanhouse.com\/index.php\/wp-json\/wp\/v2\/types\/page"}],"author":[{"embeddable":true,"href":"https:\/\/firemanhouse.com\/index.php\/wp-json\/wp\/v2\/users\/1"}],"replies":[{"embeddable":true,"href":"https:\/\/firemanhouse.com\/index.php\/wp-json\/wp\/v2\/comments?post=1412"}],"version-history":[{"count":9,"href":"https:\/\/firemanhouse.com\/index.php\/wp-json\/wp\/v2\/pages\/1412\/revisions"}],"predecessor-version":[{"id":1807,"href":"https:\/\/firemanhouse.com\/index.php\/wp-json\/wp\/v2\/pages\/1412\/revisions\/1807"}],"wp:attachment":[{"href":"https:\/\/firemanhouse.com\/index.php\/wp-json\/wp\/v2\/media?parent=1412"}],"curies":[{"name":"wp","href":"https:\/\/api.w.org\/{rel}","templated":true}]}}