{"id":1663,"date":"2025-09-03T17:41:53","date_gmt":"2025-09-03T22:41:53","guid":{"rendered":"https:\/\/firemanhouse.com\/?page_id=1663"},"modified":"2026-04-06T21:07:55","modified_gmt":"2026-04-07T02:07:55","slug":"botas-de-cuero-para-el-sector-de-extincion-de-incendios","status":"publish","type":"page","link":"https:\/\/firemanhouse.com\/index.php\/botas-de-cuero-para-el-sector-de-extincion-de-incendios\/","title":{"rendered":"Botas ignifugas Nacionales"},"content":{"rendered":"\n<div class=\"wp-block-uagb-container uagb-block-eb1c39bb alignfull uagb-is-root-container\"><div class=\"uagb-container-inner-blocks-wrap\"><\/div><\/div>\n\n\n\n<p>En <strong>Fireman House<\/strong> somos <strong>distribuidores autorizados de FIREWEST\u00ae<\/strong>, una marca especializada en botas de cuero para el sector bomberil. Certificadas por los laboratorios <strong>UL<\/strong> bajo las normas internacionales <strong>NFPA 1971:2018 (modelo 5050 para incendios estructurales)<\/strong> y <strong>NFPA 1977:2022 (modelo 5051 para incendios forestales)<\/strong>, las botas <strong>FIREWEST\u00ae<\/strong> gozan de reconocimiento mundial por su calidad, seguridad y confiabilidad.<\/p>\n\n\n\n<p>Desarrolladas para responder a los riesgos y exigencias de la labor bomberil, las soluciones de <strong>FIREWEST\u00ae<\/strong> ofrecen un portafolio completo: botas para incendios estructurales, incendios forestales y actividades multifuncionales.<\/p>\n\n\n\n<p>Con el respaldo de <strong>Fireman House<\/strong>, los bomberos en Colombia acceden a productos de clase mundial que garantizan <strong>protecci\u00f3n, durabilidad y desempe\u00f1o en cada intervenci\u00f3n<\/strong>.<\/p>\n\n\n\n<div class=\"wp-block-uagb-container uagb-block-27de9390 alignfull uagb-is-root-container\"><div class=\"uagb-container-inner-blocks-wrap\">\n<div class=\"wp-block-uagb-container uagb-block-6600391c\">\n<div class=\"wp-block-uagb-info-box uagb-block-a8c93e12 uagb-infobox__content-wrap  uagb-infobox-icon-above-title uagb-infobox-image-valign-top\"><div class=\"uagb-ifb-content\"><div class=\"uagb-ifb-title-wrap\"><h3 class=\"uagb-ifb-title\">Bota Firewest 5050 \u2013 M\u00e1xima protecci\u00f3n en incendios estructurales<\/h3><\/div><p class=\"uagb-ifb-desc\">La <strong>Firewest 5050<\/strong> es una bota premium dise\u00f1ada para intervenciones en incendios estructurales. Certificada bajo la norma <strong>NFPA 1971:2018<\/strong> por laboratorios <strong>UL<\/strong>, es reconocida a nivel mundial por su desempe\u00f1o y confiabilidad.<br>Fabricada con tecnolog\u00eda de vanguardia, combina seguridad, confort y durabilidad:<br>Resistencia al fuego e aislamiento t\u00e9rmico en condiciones extremas.<br>Sistema de impermeabilidad total y protecci\u00f3n contra fluidos.<br>Protecci\u00f3n contra perforaciones, impactos y descargas el\u00e9ctricas.<br>Elementos reflectivos para mayor visibilidad.<br>Ajuste ergon\u00f3mico con caracter\u00edsticas avanzadas de confort.<\/p><div class=\"uagb-ifb-button-wrapper wp-block-button\"><a href=\"https:\/\/firemanhouse.com\/index.php\/contact\/\" class=\"uagb-infobox-cta-link wp-block-button__link\" target=\"_self\" rel=\"noopener noreferrer\" onclick=\"return true;\"><span class=\"uagb-inline-editing\">Asesor\u00eda.<\/span><\/a><\/div><\/div><\/div>\n<\/div>\n\n\n\n<div class=\"wp-block-uagb-container uagb-block-f1fca14a\">\n<figure class=\"wp-block-image size-full is-resized\"><img loading=\"lazy\" decoding=\"async\" width=\"655\" height=\"496\" src=\"https:\/\/firemanhouse.com\/wp-content\/uploads\/2025\/09\/oeste-5050.jpg\" alt=\"\" class=\"wp-image-1750\" style=\"width:507px;height:auto\" srcset=\"https:\/\/firemanhouse.com\/wp-content\/uploads\/2025\/09\/oeste-5050.jpg 655w, https:\/\/firemanhouse.com\/wp-content\/uploads\/2025\/09\/oeste-5050-300x227.jpg 300w\" sizes=\"(max-width: 655px) 100vw, 655px\" \/><\/figure>\n<\/div>\n<\/div><\/div>\n\n\n\n<div class=\"wp-block-uagb-container uagb-block-124f742c alignfull uagb-is-root-container\"><div class=\"uagb-container-inner-blocks-wrap\">\n<div class=\"wp-block-uagb-container uagb-block-42dd31dd\">\n<div class=\"wp-block-uagb-image alignleft uagb-block-fbeb5ab9 wp-block-uagb-image--layout-default wp-block-uagb-image--effect-static wp-block-uagb-image--align-left\"><figure class=\"wp-block-uagb-image__figure\"><img decoding=\"async\" srcset=\"https:\/\/firemanhouse.com\/wp-content\/uploads\/2025\/09\/oeste-8609.jpg \" sizes=\"(max-width: 480px) 150px\" src=\"https:\/\/firemanhouse.com\/wp-content\/uploads\/2025\/09\/oeste-8609.jpg\" alt=\"\" class=\"uag-image-1751\" width=\"543\" height=\"409\" title=\"\" loading=\"lazy\"\/><\/figure><\/div>\n<\/div>\n\n\n\n<div class=\"wp-block-uagb-container uagb-block-44c36fb4\">\n<div class=\"wp-block-uagb-info-box uagb-block-9a2bda93 uagb-infobox__content-wrap  uagb-infobox-icon-above-title uagb-infobox-image-valign-top\"><div class=\"uagb-ifb-content\"><div class=\"uagb-ifb-title-wrap\"><h3 class=\"uagb-ifb-title\">Bota Firewest 8609 \u2013 Ligereza y protecci\u00f3n para incendios estructurales<\/h3><\/div><p class=\"uagb-ifb-desc\">El modelo <strong>Firewest 8609<\/strong> est\u00e1 dise\u00f1ado para responder de manera eficiente en incendios estructurales. Su construcci\u00f3n ligera y ergon\u00f3mica ofrece comodidad sin sacrificar seguridad, incorporando todas las especificaciones t\u00e9cnicas que un bombero requiere en condiciones extremas.<br>Entre sus caracter\u00edsticas principales se destacan:<br>Resistencia al fuego y aislamiento t\u00e9rmico.<br>Sistema impermeable de alta durabilidad.<br>Protecci\u00f3n contra penetraci\u00f3n y descargas el\u00e9ctricas.<br>Propiedades reflectantes para mayor visibilidad.<br>Ajuste preciso que garantiza confort y estabilidad..<\/p><div class=\"uagb-ifb-button-wrapper wp-block-button\"><a href=\"https:\/\/heyzine.com\/flip-book\/e229936729.html\" class=\"uagb-infobox-cta-link wp-block-button__link\" target=\"_self\" rel=\"noopener noreferrer\" onclick=\"return true;\"><span class=\"uagb-inline-editing\">Ver M\u00e1s.<\/span><\/a><\/div><\/div><\/div>\n<\/div>\n<\/div><\/div>\n\n\n\n<div class=\"wp-block-uagb-container uagb-block-a87fa884 alignfull uagb-is-root-container\"><div class=\"uagb-container-inner-blocks-wrap\"><\/div><\/div>\n\n\n\n<div class=\"wp-block-uagb-container uagb-block-87e95cbc alignfull uagb-is-root-container\"><div class=\"uagb-container-inner-blocks-wrap\">\n<div class=\"wp-block-uagb-container uagb-block-584bc07e\">\n<div class=\"wp-block-uagb-info-box uagb-block-181f8731 uagb-infobox__content-wrap  uagb-infobox-icon-above-title uagb-infobox-image-valign-top\"><div class=\"uagb-ifb-content\"><div class=\"uagb-ifb-title-wrap\"><h3 class=\"uagb-ifb-title\">Bota Firewest 5051 \u2013 Rendimiento superior en incendios forestales<\/h3><\/div><p class=\"uagb-ifb-desc\">La <strong>Firewest 5051<\/strong> ha sido dise\u00f1ada bajo tres principios clave: <strong>m\u00e1xima protecci\u00f3n, movilidad y comodidad<\/strong>. Este modelo re\u00fane todo lo que un bombero necesita al enfrentar emergencias en entornos forestales y de terreno complejo.<br>Fabricada con materiales de alta calidad y la m\u00e1s reciente tecnolog\u00eda, ofrece:<br>Resistencia al fuego y aislamiento t\u00e9rmico.<br>Sistema impermeable y protecci\u00f3n contra fluidos.<br>Protecci\u00f3n contra perforaciones, impactos y descargas el\u00e9ctricas.<br>Elementos reflectivos para mayor seguridad en condiciones de baja visibilidad.<br>Ajuste ergon\u00f3mico y tecnolog\u00eda de confort para jornadas prolongadas.<br><\/p><div class=\"uagb-ifb-button-wrapper wp-block-button\"><a href=\"https:\/\/firemanhouse.com\/index.php\/contact\/\" class=\"uagb-infobox-cta-link wp-block-button__link\" target=\"_self\" rel=\"noopener noreferrer\" onclick=\"return true;\"><span class=\"uagb-inline-editing\">Asesor\u00eda.<\/span><\/a><\/div><\/div><\/div>\n<\/div>\n\n\n\n<div class=\"wp-block-uagb-container uagb-block-7f7e2a52\">\n<figure class=\"wp-block-image size-full\"><img loading=\"lazy\" decoding=\"async\" width=\"655\" height=\"494\" src=\"https:\/\/firemanhouse.com\/wp-content\/uploads\/2025\/09\/west-5051.jpg\" alt=\"\" class=\"wp-image-1752\" srcset=\"https:\/\/firemanhouse.com\/wp-content\/uploads\/2025\/09\/west-5051.jpg 655w, https:\/\/firemanhouse.com\/wp-content\/uploads\/2025\/09\/west-5051-300x226.jpg 300w\" sizes=\"(max-width: 655px) 100vw, 655px\" \/><\/figure>\n<\/div>\n<\/div><\/div>\n\n\n\n<div class=\"wp-block-uagb-container uagb-block-814c0f4c alignfull uagb-is-root-container\"><div class=\"uagb-container-inner-blocks-wrap\">\n<div class=\"wp-block-uagb-container uagb-block-194e2506\">\n<div class=\"wp-block-uagb-image alignleft uagb-block-76d21484 wp-block-uagb-image--layout-default wp-block-uagb-image--effect-static wp-block-uagb-image--align-left\"><figure class=\"wp-block-uagb-image__figure\"><img decoding=\"async\" srcset=\"https:\/\/firemanhouse.com\/wp-content\/uploads\/2025\/09\/west-8259.jpg \" sizes=\"(max-width: 480px) 150px\" src=\"https:\/\/firemanhouse.com\/wp-content\/uploads\/2025\/09\/west-8259.jpg\" alt=\"\" class=\"uag-image-1753\" width=\"655\" height=\"491\" title=\"\" loading=\"lazy\"\/><\/figure><\/div>\n<\/div>\n\n\n\n<div class=\"wp-block-uagb-container uagb-block-f696523f\">\n<div class=\"wp-block-uagb-info-box uagb-block-9c422257 uagb-infobox__content-wrap  uagb-infobox-icon-above-title uagb-infobox-image-valign-top\"><div class=\"uagb-ifb-content\"><div class=\"uagb-ifb-title-wrap\"><h3 class=\"uagb-ifb-title\">Bota Firewest 8279 \u2013 Versatilidad y protecci\u00f3n para todo tipo de operaciones<\/h3><\/div><p class=\"uagb-ifb-desc\">Bota Firewest 8279 \u2013 Versatilidad y protecci\u00f3n para todo tipo de operaciones<br>El modelo <strong>Firewest 8279<\/strong> es la opci\u00f3n ideal para un uso <strong>multifuncional<\/strong>: dise\u00f1ado para el trabajo diario, la respuesta a emergencias, operaciones de rescate y el combate de incendios forestales. Su dise\u00f1o combina seguridad, comodidad y resistencia, adapt\u00e1ndose a las diferentes exigencias de la labor bomberil.<br>Entre sus caracter\u00edsticas principales se destacan:<br>Resistencia al fuego y sistema impermeable.<br>Protecci\u00f3n antipenetraci\u00f3n y contra descargas el\u00e9ctricas.<br>Propiedades reflectantes para mayor visibilidad.<br>Ajuste ergon\u00f3mico que garantiza confort y estabilidad.<\/p><div class=\"uagb-ifb-button-wrapper wp-block-button\"><a href=\"https:\/\/heyzine.com\/flip-book\/e229936729.html\" class=\"uagb-infobox-cta-link wp-block-button__link\" target=\"_self\" rel=\"noopener noreferrer\" onclick=\"return true;\"><span class=\"uagb-inline-editing\">Ver M\u00e1s.<\/span><\/a><\/div><\/div><\/div>\n<\/div>\n<\/div><\/div>\n\n\n\n<div class=\"wp-block-uagb-container uagb-block-59a4b5f5 alignfull uagb-is-root-container\"><div class=\"uagb-container-inner-blocks-wrap\"><\/div><\/div>\n","protected":false},"excerpt":{"rendered":"<p>En Fireman House somos distribuidores autorizados de FIREWEST\u00ae, una marca especializada en botas de cuero para el sector bomberil. Certificadas por los laboratorios UL bajo las normas internacionales NFPA 1971:2018 (modelo 5050 para incendios estructurales) y NFPA 1977:2022 (modelo 5051 para incendios forestales), las botas FIREWEST\u00ae gozan de reconocimiento mundial por su calidad, seguridad y &hellip;<\/p>\n<p class=\"read-more\"> <a class=\"\" href=\"https:\/\/firemanhouse.com\/index.php\/botas-de-cuero-para-el-sector-de-extincion-de-incendios\/\"> <span class=\"screen-reader-text\">Botas ignifugas Nacionales<\/span> Leer m\u00e1s &raquo;<\/a><\/p>\n","protected":false},"author":1,"featured_media":0,"parent":0,"menu_order":0,"comment_status":"closed","ping_status":"closed","template":"","meta":{"_uag_custom_page_level_css":"","site-sidebar-layout":"default","site-content-layout":"default","ast-global-header-display":"","ast-main-header-display":"","ast-hfb-above-header-display":"","ast-hfb-below-header-display":"","ast-hfb-mobile-header-display":"","site-post-title":"disabled","ast-breadcrumbs-content":"","ast-featured-img":"","footer-sml-layout":"","theme-transparent-header-meta":"disabled","adv-header-id-meta":"","stick-header-meta":"","header-above-stick-meta":"","header-main-stick-meta":"","header-below-stick-meta":"","_joinchat":[],"footnotes":""},"_hostinger_reach_plugin_has_subscription_block":false,"_hostinger_reach_plugin_is_elementor":false,"uagb_featured_image_src":{"full":false,"thumbnail":false,"medium":false,"medium_large":false,"large":false,"1536x1536":false,"2048x2048":false},"uagb_author_info":{"display_name":"firemanhousevirtual@gmail.com","author_link":"https:\/\/firemanhouse.com\/index.php\/author\/firemanhousevirtualgmail-com\/"},"uagb_comment_info":0,"uagb_excerpt":"En Fireman House somos distribuidores autorizados de FIREWEST\u00ae, una marca especializada en botas de cuero para el sector bomberil. Certificadas por los laboratorios UL bajo las normas internacionales NFPA 1971:2018 (modelo 5050 para incendios estructurales) y NFPA 1977:2022 (modelo 5051 para incendios forestales), las botas FIREWEST\u00ae gozan de reconocimiento mundial por su calidad, seguridad y&hellip;","_links":{"self":[{"href":"https:\/\/firemanhouse.com\/index.php\/wp-json\/wp\/v2\/pages\/1663"}],"collection":[{"href":"https:\/\/firemanhouse.com\/index.php\/wp-json\/wp\/v2\/pages"}],"about":[{"href":"https:\/\/firemanhouse.com\/index.php\/wp-json\/wp\/v2\/types\/page"}],"author":[{"embeddable":true,"href":"https:\/\/firemanhouse.com\/index.php\/wp-json\/wp\/v2\/users\/1"}],"replies":[{"embeddable":true,"href":"https:\/\/firemanhouse.com\/index.php\/wp-json\/wp\/v2\/comments?post=1663"}],"version-history":[{"count":6,"href":"https:\/\/firemanhouse.com\/index.php\/wp-json\/wp\/v2\/pages\/1663\/revisions"}],"predecessor-version":[{"id":1976,"href":"https:\/\/firemanhouse.com\/index.php\/wp-json\/wp\/v2\/pages\/1663\/revisions\/1976"}],"wp:attachment":[{"href":"https:\/\/firemanhouse.com\/index.php\/wp-json\/wp\/v2\/media?parent=1663"}],"curies":[{"name":"wp","href":"https:\/\/api.w.org\/{rel}","templated":true}]}}