{"id":1664,"date":"2026-04-06T23:16:58","date_gmt":"2026-04-07T04:16:58","guid":{"rendered":"https:\/\/firemanhouse.com\/?page_id=1664"},"modified":"2026-04-06T23:16:58","modified_gmt":"2026-04-07T04:16:58","slug":"guantes-certificados","status":"publish","type":"page","link":"https:\/\/firemanhouse.com\/index.php\/guantes-certificados\/","title":{"rendered":"Guantes Certificados"},"content":{"rendered":"\n<div class=\"wp-block-uagb-container uagb-block-52a569c3 alignfull uagb-is-root-container\"><div class=\"uagb-container-inner-blocks-wrap\"><\/div><\/div>\n\n\n\n<h2 class=\"wp-block-heading\">HOLIK GUANTES (Importaci\u00f3n)<\/h2>\n\n\n\n<p>Nuestros guantes importados Holik est\u00e1n dise\u00f1ados bajo los m\u00e1s altos est\u00e1ndares europeos de seguridad y rendimiento, ofreciendo una combinaci\u00f3n superior de protecci\u00f3n t\u00e9rmica, resistencia mec\u00e1nica y confort operativo. Fabricados con materiales de alta calidad y tecnolog\u00eda especializada, garantizan un desempe\u00f1o confiable en entornos exigentes, cumpliendo con normativas internacionales y brindando a los bomberos la seguridad y ergonom\u00eda necesarias para cada intervenci\u00f3n.<\/p>\n\n\n\n<div class=\"wp-block-uagb-container uagb-block-1af27a97 alignfull uagb-is-root-container\"><div class=\"uagb-container-inner-blocks-wrap\">\n<div class=\"wp-block-uagb-container uagb-block-4ea07a9a\">\n<div class=\"wp-block-uagb-info-box uagb-block-b94dd527 uagb-infobox__content-wrap  uagb-infobox-icon-above-title uagb-infobox-image-valign-top\"><div class=\"uagb-ifb-content\"><div class=\"uagb-ifb-title-wrap\"><h3 class=\"uagb-ifb-title\">CRYSTAL Evo Beige\u00a08110-12<\/h3><\/div><p class=\"uagb-ifb-desc\">Los guantes Holik incorporan un sistema avanzado de refuerzos que mejora significativamente la resistencia mec\u00e1nica y t\u00e9rmica, garantizando alto desempe\u00f1o en condiciones exigentes. Fabricados en Nomex\u00ae con recubrimiento cer\u00e1mico en zonas cr\u00edticas, ofrecen mayor resistencia a la abrasi\u00f3n sin sacrificar flexibilidad ni sensibilidad, especialmente en la punta de los dedos. Su construcci\u00f3n incluye capas intermedias con aislamiento de aramida reciclada y membrana Porelle\u00ae impermeable y transpirable, adem\u00e1s de un forro interno de aramida que optimiza el confort y la protecci\u00f3n. Con dise\u00f1o anat\u00f3mico, elementos reflectivos y m\u00faltiples opciones de pu\u00f1o, estos guantes cumplen con la norma EN 659 incluso despu\u00e9s de 40 ciclos de lavado, asegurando durabilidad, seguridad y rendimiento operativo para bomberos profesionales.<\/p><div class=\"uagb-ifb-button-wrapper wp-block-button\"><a href=\"https:\/\/firemanhouse.com\/index.php\/contact\/\" class=\"uagb-infobox-cta-link wp-block-button__link\" target=\"_self\" rel=\"noopener noreferrer\" onclick=\"return true;\"><span class=\"uagb-inline-editing\">Asesor\u00eda.<\/span><\/a><\/div><\/div><\/div>\n<\/div>\n\n\n\n<div class=\"wp-block-uagb-container uagb-block-3fa7eb7b\">\n<figure class=\"wp-block-image size-full\"><img loading=\"lazy\" decoding=\"async\" width=\"600\" height=\"525\" src=\"https:\/\/firemanhouse.com\/wp-content\/uploads\/2026\/04\/CRYSTAL-EVO-BEIGE-22.68e3440c4fb1acc579532ea1392d102a.png\" alt=\"\" class=\"wp-image-1967\" srcset=\"https:\/\/firemanhouse.com\/wp-content\/uploads\/2026\/04\/CRYSTAL-EVO-BEIGE-22.68e3440c4fb1acc579532ea1392d102a.png 600w, https:\/\/firemanhouse.com\/wp-content\/uploads\/2026\/04\/CRYSTAL-EVO-BEIGE-22.68e3440c4fb1acc579532ea1392d102a-300x263.png 300w\" sizes=\"(max-width: 600px) 100vw, 600px\" \/><\/figure>\n<\/div>\n<\/div><\/div>\n\n\n\n<div class=\"wp-block-uagb-container uagb-block-d5ad96be alignfull uagb-is-root-container\"><div class=\"uagb-container-inner-blocks-wrap\">\n<div class=\"wp-block-uagb-container uagb-block-8f59f1a2\">\n<div class=\"wp-block-uagb-image alignleft uagb-block-4526254e wp-block-uagb-image--layout-default wp-block-uagb-image--effect-static wp-block-uagb-image--align-left\"><figure class=\"wp-block-uagb-image__figure\"><img decoding=\"async\" srcset=\"https:\/\/firemanhouse.com\/wp-content\/uploads\/2026\/04\/DIAMOND-FLEXI.png ,https:\/\/firemanhouse.com\/wp-content\/uploads\/2026\/04\/DIAMOND-FLEXI.png 780w, https:\/\/firemanhouse.com\/wp-content\/uploads\/2026\/04\/DIAMOND-FLEXI.png 360w\" sizes=\"(max-width: 480px) 150px\" src=\"https:\/\/firemanhouse.com\/wp-content\/uploads\/2026\/04\/DIAMOND-FLEXI.png\" alt=\"\" class=\"uag-image-1968\" width=\"700\" height=\"600\" title=\"DIAMOND-FLEXI\" loading=\"lazy\"\/><\/figure><\/div>\n<\/div>\n\n\n\n<div class=\"wp-block-uagb-container uagb-block-1b61b9c6\">\n<div class=\"wp-block-uagb-info-box uagb-block-1988d921 uagb-infobox__content-wrap  uagb-infobox-icon-above-title uagb-infobox-image-valign-top\"><div class=\"uagb-ifb-content\"><div class=\"uagb-ifb-title-wrap\"><h3 class=\"uagb-ifb-title\">DIAMOND Flexi\u00a08111-01<\/h3><\/div><p class=\"uagb-ifb-desc\">Los guantes Holik DIAMOND Flexi 8111-01 son una soluci\u00f3n textil de alto rendimiento, dise\u00f1ados para ofrecer m\u00e1xima durabilidad, protecci\u00f3n t\u00e9rmica y resistencia mec\u00e1nica en entornos exigentes. Fabricados en Nomex\u00ae con tratamientos hidrof\u00f3bicos y oleof\u00f3bicos, incorporan recubrimiento cer\u00e1mico en zonas expuestas que incrementa la resistencia a la abrasi\u00f3n, mientras que la protecci\u00f3n contra impactos en nudillos mejora la seguridad operativa. La tecnolog\u00eda de recubrimiento cer\u00e1mico en las yemas permite mayor flexibilidad y sensibilidad sin comprometer la protecci\u00f3n, reduciendo adem\u00e1s el peso del guante. Su construcci\u00f3n incluye aislamiento de aramida reciclada, membrana Porelle\u00ae impermeable y transpirable, y forro interno de aramida para mayor confort. Con dise\u00f1o anat\u00f3mico, elementos reflectivos y m\u00faltiples opciones de pu\u00f1o, estos guantes cumplen con la norma EN 659 incluso despu\u00e9s de 40 ciclos de lavado, garantizando confiabilidad y desempe\u00f1o continuo en operaciones de bomberos.<\/p><div class=\"uagb-ifb-button-wrapper wp-block-button\"><a href=\"https:\/\/firemanhouse.com\/index.php\/contact\/\" class=\"uagb-infobox-cta-link wp-block-button__link\" target=\"_self\" rel=\"noopener noreferrer\" onclick=\"return true;\"><span class=\"uagb-inline-editing\">Asesor\u00eda.<\/span><\/a><\/div><\/div><\/div>\n<\/div>\n<\/div><\/div>\n\n\n\n<div class=\"wp-block-uagb-container uagb-block-82543803 alignfull uagb-is-root-container\"><div class=\"uagb-container-inner-blocks-wrap\">\n<div class=\"wp-block-uagb-container uagb-block-6e024f92\">\n<div class=\"wp-block-uagb-info-box uagb-block-c0eb0190 uagb-infobox__content-wrap  uagb-infobox-icon-above-title uagb-infobox-image-valign-top\"><div class=\"uagb-ifb-content\"><div class=\"uagb-ifb-title-wrap\"><h3 class=\"uagb-ifb-title\">Hunter Flexi\u00a08113-01<\/h3><\/div><p class=\"uagb-ifb-desc\">Los guantes Holik Hunter Flexi 8113-01 est\u00e1n dise\u00f1ados para ofrecer un nivel superior de protecci\u00f3n en condiciones extremas, gracias al uso de fibra PBI\u00ae, reconocida por su alta resistencia t\u00e9rmica y durabilidad. Incorporan un sistema avanzado de refuerzos con recubrimiento cer\u00e1mico en zonas expuestas, lo que incrementa la resistencia a la abrasi\u00f3n y mejora la protecci\u00f3n mec\u00e1nica, mientras mantiene la flexibilidad y sensibilidad del guante. La estructura incluye aislamiento en aramida reciclada, membrana Porelle\u00ae impermeable y transpirable, y forro interno de aramida para mayor confort. Con dise\u00f1o anat\u00f3mico, elementos reflectivos y m\u00faltiples opciones de pu\u00f1o, este modelo cumple con la norma EN 659 incluso despu\u00e9s de 40 ciclos de lavado, garantizando desempe\u00f1o confiable y seguridad en operaciones de alto riesgo.<\/p><div class=\"uagb-ifb-button-wrapper wp-block-button\"><a href=\"https:\/\/firemanhouse.com\/index.php\/contact\/\" class=\"uagb-infobox-cta-link wp-block-button__link\" target=\"_self\" rel=\"noopener noreferrer\" onclick=\"return true;\"><span class=\"uagb-inline-editing\">Asesor\u00eda.<\/span><\/a><\/div><\/div><\/div>\n<\/div>\n\n\n\n<div class=\"wp-block-uagb-container uagb-block-c239da42\">\n<figure class=\"wp-block-image size-full\"><img loading=\"lazy\" decoding=\"async\" width=\"600\" height=\"525\" src=\"https:\/\/firemanhouse.com\/wp-content\/uploads\/2026\/04\/HUNTER-FLEXI.png\" alt=\"\" class=\"wp-image-1969\" srcset=\"https:\/\/firemanhouse.com\/wp-content\/uploads\/2026\/04\/HUNTER-FLEXI.png 600w, https:\/\/firemanhouse.com\/wp-content\/uploads\/2026\/04\/HUNTER-FLEXI-300x263.png 300w\" sizes=\"(max-width: 600px) 100vw, 600px\" \/><\/figure>\n<\/div>\n<\/div><\/div>\n\n\n\n<div class=\"wp-block-uagb-container uagb-block-3af96d12 alignfull uagb-is-root-container\"><div class=\"uagb-container-inner-blocks-wrap\">\n<div class=\"wp-block-uagb-container uagb-block-41b483a5\">\n<div class=\"wp-block-uagb-image alignleft uagb-block-dac71824 wp-block-uagb-image--layout-default wp-block-uagb-image--effect-static wp-block-uagb-image--align-left\"><figure class=\"wp-block-uagb-image__figure\"><img decoding=\"async\" srcset=\"https:\/\/firemanhouse.com\/wp-content\/uploads\/2026\/04\/ONYX-LONG.png ,https:\/\/firemanhouse.com\/wp-content\/uploads\/2026\/04\/ONYX-LONG.png 780w, https:\/\/firemanhouse.com\/wp-content\/uploads\/2026\/04\/ONYX-LONG.png 360w\" sizes=\"(max-width: 480px) 150px\" src=\"https:\/\/firemanhouse.com\/wp-content\/uploads\/2026\/04\/ONYX-LONG.png\" alt=\"\" class=\"uag-image-1970\" width=\"1024\" height=\"682\" title=\"ONYX-LONG\" loading=\"lazy\"\/><\/figure><\/div>\n<\/div>\n\n\n\n<div class=\"wp-block-uagb-container uagb-block-37c47daf\">\n<div class=\"wp-block-uagb-info-box uagb-block-6fee79a3 uagb-infobox__content-wrap  uagb-infobox-icon-above-title uagb-infobox-image-valign-top\"><div class=\"uagb-ifb-content\"><div class=\"uagb-ifb-title-wrap\"><h3 class=\"uagb-ifb-title\">Onyx Long\u00a08120-04<\/h3><\/div><p class=\"uagb-ifb-desc\">Los guantes Holik Onyx Long 8120-04 est\u00e1n fabricados completamente en cuero de res de alta calidad, ofreciendo una excelente resistencia al desgaste mec\u00e1nico, calor y humedad, ideales para entornos exigentes. Su construcci\u00f3n robusta se complementa con una capa aislante de aramida reciclada y una membrana Porelle\u00ae impermeable y transpirable, garantizando protecci\u00f3n y confort durante la operaci\u00f3n. Incorporan forro interno de aramida de mayor densidad para mejorar la protecci\u00f3n t\u00e9rmica, junto con dise\u00f1o anat\u00f3mico, elementos reflectivos y opciones de pu\u00f1o corto o largo en cuero. Este modelo cumple con la norma EN 659, asegurando durabilidad, seguridad y rendimiento confiable en el trabajo de bomberos.<\/p><div class=\"uagb-ifb-button-wrapper wp-block-button\"><a href=\"#\" class=\"uagb-infobox-cta-link wp-block-button__link\" target=\"_self\" rel=\"noopener noreferrer\" onclick=\"return false;\"><span class=\"uagb-inline-editing\">Asesor\u00eda.<\/span><\/a><\/div><\/div><\/div>\n<\/div>\n<\/div><\/div>\n\n\n\n<div class=\"wp-block-uagb-container uagb-block-b80b4b04 alignfull uagb-is-root-container\"><div class=\"uagb-container-inner-blocks-wrap\">\n<div class=\"wp-block-uagb-container uagb-block-60ebe467\">\n<div class=\"wp-block-uagb-info-box uagb-block-ced7a018 uagb-infobox__content-wrap  uagb-infobox-icon-above-title uagb-infobox-image-valign-top\"><div class=\"uagb-ifb-content\"><div class=\"uagb-ifb-title-wrap\"><h3 class=\"uagb-ifb-title\">Vespid Evo\u00a06512-02<\/h3><\/div><p class=\"uagb-ifb-desc\">Los guantes Holik Vespid Evo 6512-02 est\u00e1n dise\u00f1ados para operaciones de rescate t\u00e9cnico y extricaci\u00f3n, ofreciendo una combinaci\u00f3n \u00f3ptima de ligereza, flexibilidad y protecci\u00f3n. Su construcci\u00f3n prioriza la movilidad y el tacto, incorporando materiales de alta resistencia como cuero en la palma y refuerzos estrat\u00e9gicos con protecci\u00f3n contra impactos en los nudillos mediante espuma EVA. Proveen resistencia al calor por contacto y alta durabilidad en zonas de mayor desgaste, junto con elementos reflectivos y textiles de alta visibilidad. Su dise\u00f1o ergon\u00f3mico incluye forro t\u00e9cnico multicomponente y opciones de pu\u00f1o ajustable para mayor confort y protecci\u00f3n contra ingreso de part\u00edculas. Este modelo cumple con las normas EN ISO 21420, EN 388 y EN 407, garantizando desempe\u00f1o confiable en trabajos de rescate y operaciones t\u00e9cnicas especializadas.<\/p><div class=\"uagb-ifb-button-wrapper wp-block-button\"><a href=\"https:\/\/firemanhouse.com\/index.php\/contact\/\" class=\"uagb-infobox-cta-link wp-block-button__link\" target=\"_self\" rel=\"noopener noreferrer\" onclick=\"return true;\"><span class=\"uagb-inline-editing\">Cotiza ahora.<\/span><\/a><\/div><\/div><\/div>\n<\/div>\n\n\n\n<div class=\"wp-block-uagb-container uagb-block-66a4bc9a\">\n<figure class=\"wp-block-gallery has-nested-images columns-default is-cropped wp-block-gallery-1 is-layout-flex wp-block-gallery-is-layout-flex\">\n<figure class=\"wp-block-image size-full\"><img loading=\"lazy\" decoding=\"async\" width=\"600\" height=\"506\" src=\"https:\/\/firemanhouse.com\/wp-content\/uploads\/2026\/04\/Vespid_Evo.png\" alt=\"\" class=\"wp-image-1971\" srcset=\"https:\/\/firemanhouse.com\/wp-content\/uploads\/2026\/04\/Vespid_Evo.png 600w, https:\/\/firemanhouse.com\/wp-content\/uploads\/2026\/04\/Vespid_Evo-300x253.png 300w\" sizes=\"(max-width: 600px) 100vw, 600px\" \/><\/figure>\n<\/figure>\n<\/div>\n<\/div><\/div>\n\n\n\n<div class=\"wp-block-uagb-container uagb-block-01b61275 alignfull uagb-is-root-container\"><div class=\"uagb-container-inner-blocks-wrap\">\n<div class=\"wp-block-uagb-container uagb-block-357de1a0\">\n<div class=\"wp-block-uagb-image alignleft uagb-block-9e506e9f wp-block-uagb-image--layout-default wp-block-uagb-image--effect-static wp-block-uagb-image--align-left\"><figure class=\"wp-block-uagb-image__figure\"><img decoding=\"async\" srcset=\"https:\/\/firemanhouse.com\/wp-content\/uploads\/2026\/04\/HOLIK-FORESTA-II.png ,https:\/\/firemanhouse.com\/wp-content\/uploads\/2026\/04\/HOLIK-FORESTA-II.png 780w, https:\/\/firemanhouse.com\/wp-content\/uploads\/2026\/04\/HOLIK-FORESTA-II.png 360w\" sizes=\"(max-width: 480px) 150px\" src=\"https:\/\/firemanhouse.com\/wp-content\/uploads\/2026\/04\/HOLIK-FORESTA-II.png\" alt=\"\" class=\"uag-image-1972\" width=\"1024\" height=\"682\" title=\"HOLIK-FORESTA-II\" loading=\"lazy\" role=\"img\"\/><\/figure><\/div>\n<\/div>\n\n\n\n<div class=\"wp-block-uagb-container uagb-block-622672e2\">\n<div class=\"wp-block-uagb-info-box uagb-block-14d4cafe uagb-infobox__content-wrap  uagb-infobox-icon-above-title uagb-infobox-image-valign-top\"><div class=\"uagb-ifb-content\"><div class=\"uagb-ifb-title-wrap\"><h3 class=\"uagb-ifb-title\">Foresta II\u00a08270<\/h3><\/div><p class=\"uagb-ifb-desc\">Los guantes Holik Foresta II 8270 est\u00e1n dise\u00f1ados espec\u00edficamente para combate de incendios forestales, ofreciendo una combinaci\u00f3n excepcional de transpirabilidad, sensibilidad y protecci\u00f3n. Incorporan tecnolog\u00eda EffiSHELL\u00ae, un laminado de tres capas con resistencia al fuego, alta respirabilidad y protecci\u00f3n contra la penetraci\u00f3n de part\u00edculas nocivas, garantizando confort incluso en condiciones h\u00famedas. La palma en cuero de cabra es resistente al calor, repelente al agua y de alta durabilidad, mientras que los refuerzos estrat\u00e9gicos mejoran la resistencia mec\u00e1nica sin sacrificar la destreza. Su dise\u00f1o ergon\u00f3mico permite uso prolongado durante toda la jornada, con excelente movilidad y comodidad. Este modelo cumple con las normas EN ISO 21420, EN 388 y EN 407, asegurando un desempe\u00f1o confiable en operaciones forestales exigentes.<\/p><div class=\"uagb-ifb-button-wrapper wp-block-button\"><a href=\"#\" class=\"uagb-infobox-cta-link wp-block-button__link\" target=\"_self\" rel=\"noopener noreferrer\" onclick=\"return false;\"><span class=\"uagb-inline-editing\">Asesor\u00eda.<\/span><\/a><\/div><\/div><\/div>\n<\/div>\n<\/div><\/div>\n\n\n\n<div class=\"wp-block-uagb-container uagb-block-4b7cac37 alignfull uagb-is-root-container\"><div class=\"uagb-container-inner-blocks-wrap\">\n<div class=\"wp-block-uagb-container uagb-block-59c682ee\">\n<div class=\"wp-block-uagb-info-box uagb-block-26eebc1b uagb-infobox__content-wrap  uagb-infobox-icon-above-title uagb-infobox-image-valign-top\"><div class=\"uagb-ifb-content\"><div class=\"uagb-ifb-title-wrap\"><h3 class=\"uagb-ifb-title\">Penelope Plus Green\u00a06517<\/h3><\/div><p class=\"uagb-ifb-desc\">Los guantes Holik Penelope Plus Green 6517 est\u00e1n dise\u00f1ados para operaciones de rescate t\u00e9cnico que requieren m\u00e1xima sensibilidad, flexibilidad y precisi\u00f3n. Gracias a su palma en cuero de cabra con tratamiento hidrof\u00f3bico y su construcci\u00f3n sin costuras en las yemas, permiten una manipulaci\u00f3n superior de objetos peque\u00f1os, adapt\u00e1ndose progresivamente a la mano del usuario para un ajuste perfecto. Incorporan refuerzos TPR para protecci\u00f3n en nudillos y dedos, as\u00ed como refuerzos estrat\u00e9gicos en Kevlar\u00ae que incrementan la resistencia a la abrasi\u00f3n y prolongan su vida \u00fatil. Su forro t\u00e9cnico ofrece alta resistencia al corte, mientras que su dise\u00f1o ergon\u00f3mico garantiza transpirabilidad, confort y libertad de movimiento. Este modelo cumple con las normas EN 388 y EN ISO 21420, asegurando un desempe\u00f1o confiable en tareas de rescate y trabajos t\u00e9cnicos especializados.<\/p><div class=\"uagb-ifb-button-wrapper wp-block-button\"><a href=\"https:\/\/firemanhouse.com\/index.php\/contact\/\" class=\"uagb-infobox-cta-link wp-block-button__link\" target=\"_self\" rel=\"noopener noreferrer\" onclick=\"return true;\"><span class=\"uagb-inline-editing\">Cotiza ahora.<\/span><\/a><\/div><\/div><\/div>\n<\/div>\n\n\n\n<div class=\"wp-block-uagb-container uagb-block-704f653f\">\n<figure class=\"wp-block-gallery has-nested-images columns-default is-cropped wp-block-gallery-2 is-layout-flex wp-block-gallery-is-layout-flex\">\n<figure class=\"wp-block-image size-full\"><img loading=\"lazy\" decoding=\"async\" width=\"600\" height=\"525\" src=\"https:\/\/firemanhouse.com\/wp-content\/uploads\/2026\/04\/PENELOPE-PLUS-GREEN.png\" alt=\"\" class=\"wp-image-1973\" srcset=\"https:\/\/firemanhouse.com\/wp-content\/uploads\/2026\/04\/PENELOPE-PLUS-GREEN.png 600w, https:\/\/firemanhouse.com\/wp-content\/uploads\/2026\/04\/PENELOPE-PLUS-GREEN-300x263.png 300w\" sizes=\"(max-width: 600px) 100vw, 600px\" \/><\/figure>\n<\/figure>\n<\/div>\n<\/div><\/div>\n\n\n\n<div class=\"wp-block-uagb-container uagb-block-9097f4f1 alignfull uagb-is-root-container\"><div class=\"uagb-container-inner-blocks-wrap\"><\/div><\/div>\n","protected":false},"excerpt":{"rendered":"<p>HOLIK GUANTES (Importaci\u00f3n) Nuestros guantes importados Holik est\u00e1n dise\u00f1ados bajo los m\u00e1s altos est\u00e1ndares europeos de seguridad y rendimiento, ofreciendo una combinaci\u00f3n superior de protecci\u00f3n t\u00e9rmica, resistencia mec\u00e1nica y confort operativo. Fabricados con materiales de alta calidad y tecnolog\u00eda especializada, garantizan un desempe\u00f1o confiable en entornos exigentes, cumpliendo con normativas internacionales y brindando a los &hellip;<\/p>\n<p class=\"read-more\"> <a class=\"\" href=\"https:\/\/firemanhouse.com\/index.php\/guantes-certificados\/\"> <span class=\"screen-reader-text\">Guantes Certificados<\/span> Leer m\u00e1s &raquo;<\/a><\/p>\n","protected":false},"author":1,"featured_media":0,"parent":0,"menu_order":0,"comment_status":"closed","ping_status":"closed","template":"","meta":{"_uag_custom_page_level_css":"","site-sidebar-layout":"default","site-content-layout":"default","ast-global-header-display":"","ast-main-header-display":"","ast-hfb-above-header-display":"","ast-hfb-below-header-display":"","ast-hfb-mobile-header-display":"","site-post-title":"disabled","ast-breadcrumbs-content":"","ast-featured-img":"","footer-sml-layout":"","theme-transparent-header-meta":"disabled","adv-header-id-meta":"","stick-header-meta":"","header-above-stick-meta":"","header-main-stick-meta":"","header-below-stick-meta":"","_joinchat":[],"footnotes":""},"_hostinger_reach_plugin_has_subscription_block":false,"_hostinger_reach_plugin_is_elementor":false,"uagb_featured_image_src":{"full":false,"thumbnail":false,"medium":false,"medium_large":false,"large":false,"1536x1536":false,"2048x2048":false},"uagb_author_info":{"display_name":"firemanhousevirtual@gmail.com","author_link":"https:\/\/firemanhouse.com\/index.php\/author\/firemanhousevirtualgmail-com\/"},"uagb_comment_info":0,"uagb_excerpt":"HOLIK GUANTES (Importaci\u00f3n) Nuestros guantes importados Holik est\u00e1n dise\u00f1ados bajo los m\u00e1s altos est\u00e1ndares europeos de seguridad y rendimiento, ofreciendo una combinaci\u00f3n superior de protecci\u00f3n t\u00e9rmica, resistencia mec\u00e1nica y confort operativo. Fabricados con materiales de alta calidad y tecnolog\u00eda especializada, garantizan un desempe\u00f1o confiable en entornos exigentes, cumpliendo con normativas internacionales y brindando a los&hellip;","_links":{"self":[{"href":"https:\/\/firemanhouse.com\/index.php\/wp-json\/wp\/v2\/pages\/1664"}],"collection":[{"href":"https:\/\/firemanhouse.com\/index.php\/wp-json\/wp\/v2\/pages"}],"about":[{"href":"https:\/\/firemanhouse.com\/index.php\/wp-json\/wp\/v2\/types\/page"}],"author":[{"embeddable":true,"href":"https:\/\/firemanhouse.com\/index.php\/wp-json\/wp\/v2\/users\/1"}],"replies":[{"embeddable":true,"href":"https:\/\/firemanhouse.com\/index.php\/wp-json\/wp\/v2\/comments?post=1664"}],"version-history":[{"count":1,"href":"https:\/\/firemanhouse.com\/index.php\/wp-json\/wp\/v2\/pages\/1664\/revisions"}],"predecessor-version":[{"id":1974,"href":"https:\/\/firemanhouse.com\/index.php\/wp-json\/wp\/v2\/pages\/1664\/revisions\/1974"}],"wp:attachment":[{"href":"https:\/\/firemanhouse.com\/index.php\/wp-json\/wp\/v2\/media?parent=1664"}],"curies":[{"name":"wp","href":"https:\/\/api.w.org\/{rel}","templated":true}]}}