{"id":1762,"date":"2025-09-04T16:23:33","date_gmt":"2025-09-04T21:23:33","guid":{"rendered":"https:\/\/firemanhouse.com\/?page_id=1762"},"modified":"2025-11-04T13:05:13","modified_gmt":"2025-11-04T18:05:13","slug":"johstadt-innovacion-y-tradicion-en-bombas-contra-incendio","status":"publish","type":"page","link":"https:\/\/firemanhouse.com\/index.php\/johstadt-innovacion-y-tradicion-en-bombas-contra-incendio\/","title":{"rendered":"Tecnolog\u00eda de Bombeo Avanzado"},"content":{"rendered":"\n<div class=\"wp-block-uagb-container uagb-block-e64181e9 alignfull uagb-is-root-container\"><div class=\"uagb-container-inner-blocks-wrap\"><\/div><\/div>\n\n\n\n<h3 class=\"wp-block-heading\">JOHSTADT \u2013 Innovaci\u00f3n y tradici\u00f3n en bombas contra incendio.<\/h3>\n\n\n\n<p>En <strong>Fireman House<\/strong> somos distribuidores autorizados de <strong>PF Pumpen und Feuerl\u00f6schtechnik GmbH<\/strong>, reconocida mundialmente por su marca <strong>JOHSTADT<\/strong>, especialista en <strong>bombas contra incendio, equipos de bombeo industrial, soluciones para biog\u00e1s y agricultura<\/strong>.<\/p>\n\n\n\n<p>Con m\u00e1s de 160 a\u00f1os de historia, JOHSTADT combina la tradici\u00f3n artesanal con la m\u00e1s alta tecnolog\u00eda. Fundada en <strong>1860<\/strong> por Friedrich August Flader, inici\u00f3 produciendo <strong>bombas manuales para bomberos<\/strong> bajo la marca E.C. Flader, y con el tiempo ampli\u00f3 su portafolio a <strong>veh\u00edculos de extinci\u00f3n y bombas industriales<\/strong>, consolidando una reputaci\u00f3n internacional.<\/p>\n\n\n\n<p>En las \u00faltimas dos d\u00e9cadas, la compa\u00f1\u00eda ha logrado un crecimiento sobresaliente: un incremento de seis veces en sus ventas y una presencia s\u00f3lida en <strong>todos los continentes<\/strong>, con un \u00edndice de exportaci\u00f3n del <strong>70%<\/strong>, muy por encima del promedio alem\u00e1n.<\/p>\n\n\n\n<p>Su planta de <strong>5.000 m\u00b2<\/strong> en Sajonia cuenta con <strong>m\u00e1quinas CNC y estaciones CAD de \u00faltima generaci\u00f3n<\/strong>, donde m\u00e1s de <strong>120 empleados garantizan los m\u00e1s altos est\u00e1ndares de calidad<\/strong>. Adem\u00e1s, JOHSTADT ofrece <strong>asesor\u00eda t\u00e9cnica, soporte especializado y servicio posventa a nivel mundial<\/strong>, respaldando cada producto con la fiabilidad que caracteriza a la marca.<\/p>\n\n\n\n<p>En Fireman House, estamos orgullosos de acercar esta tecnolog\u00eda a Colombia, ofreciendo a los bomberos e industrias <strong>bombas confiables, de alto rendimiento y con la garant\u00eda de una marca l\u00edder global<\/strong>.<\/p>\n\n\n\n<figure class=\"wp-block-embed is-type-video is-provider-youtube wp-block-embed-youtube wp-embed-aspect-16-9 wp-has-aspect-ratio\"><div class=\"wp-block-embed__wrapper\">\n<div class=\"ast-oembed-container\" style=\"height: 100%;\"><iframe loading=\"lazy\" title=\"JOHSTADT HYDROFIGHTER Tragkraftspritze nach EN 14466 - PFPN 10-2000 - W&amp;M Feuerwehrtechnik GmbH\" width=\"500\" height=\"281\" src=\"https:\/\/www.youtube.com\/embed\/xE44tmiahqY?feature=oembed\" frameborder=\"0\" allow=\"accelerometer; autoplay; clipboard-write; encrypted-media; gyroscope; picture-in-picture; web-share\" referrerpolicy=\"strict-origin-when-cross-origin\" allowfullscreen><\/iframe><\/div>\n<\/div><\/figure>\n\n\n\n<div class=\"wp-block-uagb-container uagb-block-dccccc14 alignfull uagb-is-root-container\"><div class=\"uagb-container-inner-blocks-wrap\">\n<div class=\"wp-block-uagb-container uagb-block-53520c23\">\n<div class=\"wp-block-uagb-info-box uagb-block-04ac4eff uagb-infobox__content-wrap  uagb-infobox-icon-above-title uagb-infobox-image-valign-top\"><div class=\"uagb-ifb-content\"><div class=\"uagb-ifb-title-wrap\"><h3 class=\"uagb-ifb-title\">hydrofighter<\/h3><\/div><p class=\"uagb-ifb-desc\">La <strong>bomba JOHSTADT Hydrofighter<\/strong>, distribuida por Fireman House, es la opci\u00f3n m\u00e1s avanzada en bombas port\u00e1tiles para extinci\u00f3n de incendios. Fabricada en aleaci\u00f3n de aluminio resistente al agua de mar, incorpora sistema autom\u00e1tico de desaireaci\u00f3n VACUMAT, v\u00e1lvula termost\u00e1tica de protecci\u00f3n contra sobrecalentamiento con funci\u00f3n de enjuague y sello mec\u00e1nico libre de mantenimiento. Funciona con un motor Stellantis (Peugeot) de 3 cilindros y 4 tiempos, refrigerado por agua, con inyecci\u00f3n electr\u00f3nica, arranque el\u00e9ctrico, tanque de 20 litros con indicador de nivel y alerta de reserva. Su sistema digital incluye pantalla a color iluminada y operable con guantes, control autom\u00e1tico de presi\u00f3n, limitaci\u00f3n electr\u00f3nica de salida, monitoreo de presi\u00f3n de entrada con advertencia de cavitaci\u00f3n y arranque r\u00e1pido con protecci\u00f3n contra funcionamiento en seco. Equipada con bastidor de acero inoxidable, bajo centro de gravedad, iluminaci\u00f3n integrada, asas giratorias ergon\u00f3micas, faro LED orientable, bater\u00eda ligera de 18 Ah o bater\u00eda de confort de 40 Ah, adem\u00e1s de puerto USB y enchufe de carga magn\u00e9tico. Disponible tambi\u00e9n en la exclusiva versi\u00f3n <strong>\u201cBlack Edition\u201d<\/strong>, puede personalizarse con accesorios como ruedas de transporte, control remoto, salidas giratorias o kit de repostaje, lo que la convierte en una bomba robusta, inteligente y adaptable a cualquier escenario operativo.<\/p><div class=\"uagb-ifb-button-wrapper wp-block-button\"><a href=\"https:\/\/heyzine.com\/flip-book\/e229936729.html\" class=\"uagb-infobox-cta-link wp-block-button__link\" target=\"_self\" rel=\"noopener noreferrer\" onclick=\"return true;\"><span class=\"uagb-inline-editing\">Ver M\u00e1s.<\/span><\/a><\/div><\/div><\/div>\n<\/div>\n\n\n\n<div class=\"wp-block-uagb-container uagb-block-6c92bb56\">\n<figure class=\"wp-block-image size-full\"><img loading=\"lazy\" decoding=\"async\" width=\"480\" height=\"465\" src=\"https:\/\/firemanhouse.com\/wp-content\/uploads\/2025\/09\/hydrofighter_be.gif\" alt=\"\" class=\"wp-image-1770\"\/><\/figure>\n<\/div>\n<\/div><\/div>\n\n\n\n<div class=\"wp-block-uagb-container uagb-block-02526915 alignfull uagb-is-root-container\"><div class=\"uagb-container-inner-blocks-wrap\">\n<div class=\"wp-block-uagb-container uagb-block-c74e327f\">\n<div class=\"wp-block-uagb-image alignleft uagb-block-cb16a06d wp-block-uagb-image--layout-default wp-block-uagb-image--effect-static wp-block-uagb-image--align-left\"><figure class=\"wp-block-uagb-image__figure\"><img decoding=\"async\" srcset=\"https:\/\/firemanhouse.com\/wp-content\/uploads\/2025\/09\/108portable-pump-vf2000d.jpg \" sizes=\"(max-width: 480px) 150px\" src=\"https:\/\/firemanhouse.com\/wp-content\/uploads\/2025\/09\/108portable-pump-vf2000d.jpg\" alt=\"\" class=\"uag-image-1768\" width=\"660\" height=\"660\" title=\"\" loading=\"lazy\"\/><\/figure><\/div>\n<\/div>\n\n\n\n<div class=\"wp-block-uagb-container uagb-block-3febcf01\">\n<div class=\"wp-block-uagb-info-box uagb-block-94ab7a1a uagb-infobox__content-wrap  uagb-infobox-icon-above-title uagb-infobox-image-valign-top\"><div class=\"uagb-ifb-content\"><div class=\"uagb-ifb-title-wrap\"><h3 class=\"uagb-ifb-title\"><br>JOHSTADT VF2000D<\/h3><\/div><p class=\"uagb-ifb-desc\">La <strong>bomba port\u00e1til JOHSTADT VF2000D<\/strong>, distribuida por Fireman House, es una bomba centr\u00edfuga de una etapa fabricada en aleaci\u00f3n de aluminio resistente al agua de mar, con eje de acero inoxidable y sello mec\u00e1nico. Cuenta con una entrada de succi\u00f3n de 4\u00bd\u201d con colador y dos salidas de presi\u00f3n de 2\u00bd\u201d con v\u00e1lvulas, sistema de acople Storz (otros bajo pedido) y sistema de cebado VACUMAT. Opcionalmente puede configurarse con carcasa e impulsor en aleaci\u00f3n de cobre (lat\u00f3n rojo\/bronce) o con bastidor galvanizado en caliente. Su equipamiento incluye bastidor protector con cuatro asas plegables recubiertas en goma, man\u00f3metros de entrada y salida, contador de horas, reflector, cuatro ganchos de izado, v\u00e1lvula de drenaje y caja de enchufes para cargador externo. Est\u00e1 impulsada por un motor di\u00e9sel DEUTZ de 4 cilindros, 4 tiempos, refrigerado por aire, con arranque el\u00e9ctrico y tanque de 30 litros (opcional 60 litros). Con un peso operativo entre 445 y 475 kg, y dimensiones de 1615 x 785 x 858 mm, la VF2000D combina potencia, durabilidad y facilidad de transporte para operaciones exigentes de extinci\u00f3n de incendios.<\/p><div class=\"uagb-ifb-button-wrapper wp-block-button\"><a href=\"https:\/\/firemanhouse.com\/index.php\/contact\/\" class=\"uagb-infobox-cta-link wp-block-button__link\" target=\"_self\" rel=\"noopener noreferrer\" onclick=\"return true;\"><span class=\"uagb-inline-editing\">Asesor\u00eda.<\/span><\/a><\/div><\/div><\/div>\n<\/div>\n<\/div><\/div>\n\n\n\n<div class=\"wp-block-uagb-container uagb-block-25d7e8c1 alignfull uagb-is-root-container\"><div class=\"uagb-container-inner-blocks-wrap\">\n<div class=\"wp-block-uagb-container uagb-block-21f0837b\">\n<div class=\"wp-block-uagb-info-box uagb-block-30894c4f uagb-infobox__content-wrap  uagb-infobox-icon-above-title uagb-infobox-image-valign-top\"><div class=\"uagb-ifb-content\"><div class=\"uagb-ifb-title-wrap\"><h3 class=\"uagb-ifb-title\">JOHSTADT TNP<\/h3><\/div><p class=\"uagb-ifb-desc\">La <strong>bomba centr\u00edfuga JOHSTADT TNP<\/strong>, distribuida por Fireman House, es un equipo compacto que puede montarse sobre remolque o plataforma, con presi\u00f3n de salida de hasta 12 bares (180 psi) y un caudal de entre 2.000 y 10.000 L\/min (500 \u2013 2.500 GPM). Su estructura de acero galvanizado en caliente garantiza durabilidad, mientras que el motor enfriado por aire con intercambiador de calor y radiador asegura un rendimiento confiable. Gracias a su sistema modular, es posible seleccionar la cantidad, di\u00e1metro y tipo de entradas y salidas, y cuenta con m\u00faltiples opciones de configuraci\u00f3n como bases para tr\u00e1iler, almacenamiento de mangueras, modelos totalmente cubiertos o en contenedor, as\u00ed como inyector de espuma, compartimentos para equipos de extinci\u00f3n y luces de trabajo.<\/p><div class=\"uagb-ifb-button-wrapper wp-block-button\"><a href=\"https:\/\/heyzine.com\/flip-book\/e229936729.html\" class=\"uagb-infobox-cta-link wp-block-button__link\" target=\"_self\" rel=\"noopener noreferrer\" onclick=\"return true;\"><span class=\"uagb-inline-editing\">Ver M\u00e1s.<\/span><\/a><\/div><\/div><\/div>\n<\/div>\n\n\n\n<div class=\"wp-block-uagb-container uagb-block-00b0914c\">\n<figure class=\"wp-block-image size-full\"><img loading=\"lazy\" decoding=\"async\" width=\"660\" height=\"660\" src=\"https:\/\/firemanhouse.com\/wp-content\/uploads\/2025\/09\/136trailer-pump-tnp10000.jpg\" alt=\"\" class=\"wp-image-1767\" style=\"aspect-ratio:1;object-fit:cover\" srcset=\"https:\/\/firemanhouse.com\/wp-content\/uploads\/2025\/09\/136trailer-pump-tnp10000.jpg 660w, https:\/\/firemanhouse.com\/wp-content\/uploads\/2025\/09\/136trailer-pump-tnp10000-300x300.jpg 300w, https:\/\/firemanhouse.com\/wp-content\/uploads\/2025\/09\/136trailer-pump-tnp10000-150x150.jpg 150w\" sizes=\"(max-width: 660px) 100vw, 660px\" \/><\/figure>\n<\/div>\n<\/div><\/div>\n\n\n\n<div class=\"wp-block-uagb-container uagb-block-eaa39fb9 alignfull uagb-is-root-container\"><div class=\"uagb-container-inner-blocks-wrap\"><\/div><\/div>\n","protected":false},"excerpt":{"rendered":"<p>JOHSTADT \u2013 Innovaci\u00f3n y tradici\u00f3n en bombas contra incendio. En Fireman House somos distribuidores autorizados de PF Pumpen und Feuerl\u00f6schtechnik GmbH, reconocida mundialmente por su marca JOHSTADT, especialista en bombas contra incendio, equipos de bombeo industrial, soluciones para biog\u00e1s y agricultura. Con m\u00e1s de 160 a\u00f1os de historia, JOHSTADT combina la tradici\u00f3n artesanal con la &hellip;<\/p>\n<p class=\"read-more\"> <a class=\"\" href=\"https:\/\/firemanhouse.com\/index.php\/johstadt-innovacion-y-tradicion-en-bombas-contra-incendio\/\"> <span class=\"screen-reader-text\">Tecnolog\u00eda de Bombeo Avanzado<\/span> Leer m\u00e1s &raquo;<\/a><\/p>\n","protected":false},"author":1,"featured_media":0,"parent":0,"menu_order":0,"comment_status":"closed","ping_status":"closed","template":"","meta":{"_uag_custom_page_level_css":"","site-sidebar-layout":"default","site-content-layout":"default","ast-global-header-display":"","ast-main-header-display":"","ast-hfb-above-header-display":"","ast-hfb-below-header-display":"","ast-hfb-mobile-header-display":"","site-post-title":"disabled","ast-breadcrumbs-content":"","ast-featured-img":"","footer-sml-layout":"","theme-transparent-header-meta":"disabled","adv-header-id-meta":"","stick-header-meta":"","header-above-stick-meta":"","header-main-stick-meta":"","header-below-stick-meta":"","_joinchat":[],"footnotes":""},"_hostinger_reach_plugin_has_subscription_block":false,"_hostinger_reach_plugin_is_elementor":false,"uagb_featured_image_src":{"full":false,"thumbnail":false,"medium":false,"medium_large":false,"large":false,"1536x1536":false,"2048x2048":false},"uagb_author_info":{"display_name":"firemanhousevirtual@gmail.com","author_link":"https:\/\/firemanhouse.com\/index.php\/author\/firemanhousevirtualgmail-com\/"},"uagb_comment_info":0,"uagb_excerpt":"JOHSTADT \u2013 Innovaci\u00f3n y tradici\u00f3n en bombas contra incendio. En Fireman House somos distribuidores autorizados de PF Pumpen und Feuerl\u00f6schtechnik GmbH, reconocida mundialmente por su marca JOHSTADT, especialista en bombas contra incendio, equipos de bombeo industrial, soluciones para biog\u00e1s y agricultura. Con m\u00e1s de 160 a\u00f1os de historia, JOHSTADT combina la tradici\u00f3n artesanal con la&hellip;","_links":{"self":[{"href":"https:\/\/firemanhouse.com\/index.php\/wp-json\/wp\/v2\/pages\/1762"}],"collection":[{"href":"https:\/\/firemanhouse.com\/index.php\/wp-json\/wp\/v2\/pages"}],"about":[{"href":"https:\/\/firemanhouse.com\/index.php\/wp-json\/wp\/v2\/types\/page"}],"author":[{"embeddable":true,"href":"https:\/\/firemanhouse.com\/index.php\/wp-json\/wp\/v2\/users\/1"}],"replies":[{"embeddable":true,"href":"https:\/\/firemanhouse.com\/index.php\/wp-json\/wp\/v2\/comments?post=1762"}],"version-history":[{"count":6,"href":"https:\/\/firemanhouse.com\/index.php\/wp-json\/wp\/v2\/pages\/1762\/revisions"}],"predecessor-version":[{"id":1820,"href":"https:\/\/firemanhouse.com\/index.php\/wp-json\/wp\/v2\/pages\/1762\/revisions\/1820"}],"wp:attachment":[{"href":"https:\/\/firemanhouse.com\/index.php\/wp-json\/wp\/v2\/media?parent=1762"}],"curies":[{"name":"wp","href":"https:\/\/api.w.org\/{rel}","templated":true}]}}