{"id":1999,"date":"2026-04-06T23:14:43","date_gmt":"2026-04-07T04:14:43","guid":{"rendered":"https:\/\/firemanhouse.com\/?page_id=1999"},"modified":"2026-04-06T23:14:43","modified_gmt":"2026-04-07T04:14:43","slug":"guantes-dragon-fire","status":"publish","type":"page","link":"https:\/\/firemanhouse.com\/index.php\/guantes-dragon-fire\/","title":{"rendered":"Guantes Dragon Fire."},"content":{"rendered":"\n<div class=\"wp-block-uagb-container uagb-block-52a569c3 alignfull uagb-is-root-container\"><div class=\"uagb-container-inner-blocks-wrap\"><\/div><\/div>\n\n\n\n<h2 class=\"wp-block-heading\">Guantes de Bombero Profesionales Dragon Fire | Alta Protecci\u00f3n <\/h2>\n\n\n\n<p>Nuestros guantes Dragon Fire est\u00e1n dise\u00f1ados para ofrecer el m\u00e1ximo rendimiento en entornos exigentes, combinando resistencia mec\u00e1nica, protecci\u00f3n t\u00e9rmica y confort operativo en cada intervenci\u00f3n. Como distribuidores en Colombia, contamos con stock para entrega inmediata, garantizando disponibilidad y respuesta r\u00e1pida para cuerpos de bomberos y equipos de rescate. Fabricados con materiales de alta calidad y desarrollados por una marca con trayectoria desde 2005 en Estados Unidos, estos guantes destacan por su durabilidad, ergonom\u00eda y confiabilidad, permitiendo a los usuarios enfocarse en su labor sin preocupaciones.<\/p>\n\n\n\n<div class=\"wp-block-uagb-container uagb-block-1af27a97 alignfull uagb-is-root-container\"><div class=\"uagb-container-inner-blocks-wrap\">\n<div class=\"wp-block-uagb-container uagb-block-4ea07a9a\">\n<div class=\"wp-block-uagb-info-box uagb-block-b94dd527 uagb-infobox__content-wrap  uagb-infobox-icon-above-title uagb-infobox-image-valign-top\"><div class=\"uagb-ifb-content\"><div class=\"uagb-ifb-title-wrap\"><h3 class=\"uagb-ifb-title\">Dragon Fire X2S (NFPA 1971)<\/h3><\/div><p class=\"uagb-ifb-desc\">El guante Dragon Fire X2S est\u00e1 dise\u00f1ado para combate de incendios estructurales, ofreciendo m\u00e1xima protecci\u00f3n, durabilidad y excelente agarre en condiciones exigentes. Fabricado en cuero premium, proporciona alta resistencia al desgaste, corte y abrasi\u00f3n, manteniendo flexibilidad y confort. Incorpora barrera t\u00e9rmica avanzada y forro Kovenex que garantizan protecci\u00f3n frente a altas temperaturas y l\u00edquidos. Certificado bajo norma NFPA 1971, es una opci\u00f3n confiable para bomberos profesionales.<\/p><div class=\"uagb-ifb-button-wrapper wp-block-button\"><a href=\"https:\/\/firemanhouse.com\/index.php\/contact\/\" class=\"uagb-infobox-cta-link wp-block-button__link\" target=\"_self\" rel=\"noopener noreferrer\" onclick=\"return true;\"><span class=\"uagb-inline-editing\">Asesor\u00eda.<\/span><\/a><\/div><\/div><\/div>\n<\/div>\n\n\n\n<div class=\"wp-block-uagb-container uagb-block-3fa7eb7b\">\n<figure class=\"wp-block-image size-full\"><img loading=\"lazy\" decoding=\"async\" width=\"551\" height=\"551\" src=\"https:\/\/firemanhouse.com\/wp-content\/uploads\/2026\/04\/guante-1.avif\" alt=\"\" class=\"wp-image-2001\"\/><\/figure>\n<\/div>\n<\/div><\/div>\n\n\n\n<div class=\"wp-block-uagb-container uagb-block-d5ad96be alignfull uagb-is-root-container\"><div class=\"uagb-container-inner-blocks-wrap\">\n<div class=\"wp-block-uagb-container uagb-block-8f59f1a2\">\n<div class=\"wp-block-uagb-image alignleft uagb-block-4526254e wp-block-uagb-image--layout-default wp-block-uagb-image--effect-static wp-block-uagb-image--align-left\"><figure class=\"wp-block-uagb-image__figure\"><img decoding=\"async\" srcset=\"https:\/\/firemanhouse.com\/wp-content\/uploads\/2026\/04\/guante-2.avif ,https:\/\/firemanhouse.com\/wp-content\/uploads\/2026\/04\/guante-2.avif 780w, https:\/\/firemanhouse.com\/wp-content\/uploads\/2026\/04\/guante-2.avif 360w\" sizes=\"(max-width: 480px) 150px\" src=\"https:\/\/firemanhouse.com\/wp-content\/uploads\/2026\/04\/guante-2.avif\" alt=\"\" class=\"uag-image-2002\" width=\"700\" height=\"600\" title=\"guante-2\" loading=\"lazy\" role=\"img\"\/><\/figure><\/div>\n<\/div>\n\n\n\n<div class=\"wp-block-uagb-container uagb-block-1b61b9c6\">\n<div class=\"wp-block-uagb-info-box uagb-block-1988d921 uagb-infobox__content-wrap  uagb-infobox-icon-above-title uagb-infobox-image-valign-top\"><div class=\"uagb-ifb-content\"><div class=\"uagb-ifb-title-wrap\"><h3 class=\"uagb-ifb-title\">Dragon Fire X2S Wristlet.<\/h3><\/div><p class=\"uagb-ifb-desc\">El guante Dragon Fire X2S Wristlet ofrece protecci\u00f3n estructural con alta destreza y confort. Fabricado en cuero premium, brinda resistencia superior y excelente desempe\u00f1o en condiciones h\u00famedas. Incorpora barrera t\u00e9rmica avanzada y forro Kovenex para protecci\u00f3n t\u00e9rmica confiable. Su pu\u00f1o tipo wristlet proporciona ajuste seguro y comodidad en la mu\u00f1eca. Certificado bajo norma NFPA 1971, garantiza desempe\u00f1o y seguridad en operaci\u00f3n.<\/p><div class=\"uagb-ifb-button-wrapper wp-block-button\"><a href=\"https:\/\/firemanhouse.com\/index.php\/contact\/\" class=\"uagb-infobox-cta-link wp-block-button__link\" target=\"_self\" rel=\"noopener noreferrer\" onclick=\"return true;\"><span class=\"uagb-inline-editing\">Asesor\u00eda.<\/span><\/a><\/div><\/div><\/div>\n<\/div>\n<\/div><\/div>\n\n\n\n<div class=\"wp-block-uagb-container uagb-block-82543803 alignfull uagb-is-root-container\"><div class=\"uagb-container-inner-blocks-wrap\">\n<div class=\"wp-block-uagb-container uagb-block-6e024f92\">\n<div class=\"wp-block-uagb-info-box uagb-block-c0eb0190 uagb-infobox__content-wrap  uagb-infobox-icon-above-title uagb-infobox-image-valign-top\"><div class=\"uagb-ifb-content\"><div class=\"uagb-ifb-title-wrap\"><h3 class=\"uagb-ifb-title\">X2S TEXAN (NFPA 1971)<\/h3><\/div><p class=\"uagb-ifb-desc\">El guante Dragon Fire X2S TEXAN est\u00e1 dise\u00f1ado para incendios estructurales, combinando protecci\u00f3n, resistencia y mayor cobertura. Fabricado en cuero premium, ofrece excelente agarre y alta durabilidad. Incorpora barrera t\u00e9rmica avanzada y forro Kovenex para protecci\u00f3n frente a calor y l\u00edquidos. Su pu\u00f1o extendido tipo TEXAN brinda mayor protecci\u00f3n en el antebrazo. Certificado bajo norma NFPA 1971, es ideal para entornos exigentes.<\/p><div class=\"uagb-ifb-button-wrapper wp-block-button\"><a href=\"https:\/\/firemanhouse.com\/index.php\/contact\/\" class=\"uagb-infobox-cta-link wp-block-button__link\" target=\"_self\" rel=\"noopener noreferrer\" onclick=\"return true;\"><span class=\"uagb-inline-editing\">Asesor\u00eda.<\/span><\/a><\/div><\/div><\/div>\n<\/div>\n\n\n\n<div class=\"wp-block-uagb-container uagb-block-c239da42\">\n<figure class=\"wp-block-image size-full\"><img loading=\"lazy\" decoding=\"async\" width=\"550\" height=\"551\" src=\"https:\/\/firemanhouse.com\/wp-content\/uploads\/2026\/04\/guante-3.avif\" alt=\"\" class=\"wp-image-2003\"\/><\/figure>\n<\/div>\n<\/div><\/div>\n\n\n\n<div class=\"wp-block-uagb-container uagb-block-3af96d12 alignfull uagb-is-root-container\"><div class=\"uagb-container-inner-blocks-wrap\">\n<div class=\"wp-block-uagb-container uagb-block-41b483a5\">\n<div class=\"wp-block-uagb-image alignleft uagb-block-dac71824 wp-block-uagb-image--layout-default wp-block-uagb-image--effect-static wp-block-uagb-image--align-left\"><figure class=\"wp-block-uagb-image__figure\"><img decoding=\"async\" srcset=\"https:\/\/firemanhouse.com\/wp-content\/uploads\/2026\/04\/guante-4.avif ,https:\/\/firemanhouse.com\/wp-content\/uploads\/2026\/04\/guante-4.avif 780w, https:\/\/firemanhouse.com\/wp-content\/uploads\/2026\/04\/guante-4.avif 360w\" sizes=\"(max-width: 480px) 150px\" src=\"https:\/\/firemanhouse.com\/wp-content\/uploads\/2026\/04\/guante-4.avif\" alt=\"\" class=\"uag-image-2004\" width=\"1024\" height=\"682\" title=\"guante-4\" loading=\"lazy\" role=\"img\"\/><\/figure><\/div>\n<\/div>\n\n\n\n<div class=\"wp-block-uagb-container uagb-block-37c47daf\">\n<div class=\"wp-block-uagb-info-box uagb-block-6fee79a3 uagb-infobox__content-wrap  uagb-infobox-icon-above-title uagb-infobox-image-valign-top\"><div class=\"uagb-ifb-content\"><div class=\"uagb-ifb-title-wrap\"><h3 class=\"uagb-ifb-title\">Model 19 (NFPA 1977 \/ NFPA 1951)<\/h3><\/div><p class=\"uagb-ifb-desc\">El guante Dragon Fire Model 19 est\u00e1 dise\u00f1ado para combate de incendios forestales y rescate t\u00e9cnico, ofreciendo protecci\u00f3n, ligereza y alta destreza en operaci\u00f3n. Fabricado en cuero premium de cabra, proporciona excelente resistencia al calor, abrasi\u00f3n y desgaste, manteniendo suavidad y flexibilidad.<br>Incorpora forro t\u00e9rmico Kovenex completamente adherido que garantiza protecci\u00f3n confiable sin desprendimiento, adem\u00e1s de f\u00e1cil colocaci\u00f3n y retiro. Certificado bajo normas NFPA 1977 y NFPA 1951, es una soluci\u00f3n vers\u00e1til para bomberos y equipos de rescate en entornos exigentes.<\/p><div class=\"uagb-ifb-button-wrapper wp-block-button\"><a href=\"#\" class=\"uagb-infobox-cta-link wp-block-button__link\" target=\"_self\" rel=\"noopener noreferrer\" onclick=\"return false;\"><span class=\"uagb-inline-editing\">Asesor\u00eda.<\/span><\/a><\/div><\/div><\/div>\n<\/div>\n<\/div><\/div>\n\n\n\n<div class=\"wp-block-uagb-container uagb-block-6d326f63 alignfull uagb-is-root-container\"><div class=\"uagb-container-inner-blocks-wrap\">\n<div class=\"wp-block-uagb-container uagb-block-bb1d3d7c\">\n<div class=\"wp-block-uagb-info-box uagb-block-1bd9bf03 uagb-infobox__content-wrap  uagb-infobox-icon-above-title uagb-infobox-image-valign-top\"><div class=\"uagb-ifb-content\"><div class=\"uagb-ifb-title-wrap\"><h3 class=\"uagb-ifb-title\">Dragon Fire BBP3<\/h3><\/div><p class=\"uagb-ifb-desc\">El guante Dragon Fire BBP3 est\u00e1 dise\u00f1ado para rescate t\u00e9cnico y extricaci\u00f3n, ofreciendo un alto nivel de protecci\u00f3n t\u00e9rmica y mec\u00e1nica sin sacrificar la destreza. Incorpora una barrera t\u00e9rmica avanzada con forro Kovenex que brinda protecci\u00f3n frente a calor y exposici\u00f3n tipo flash, superior a la de guantes convencionales de rescate.<br>Su construcci\u00f3n trilaminar con dise\u00f1o ergon\u00f3mico garantiza ajuste preciso, evitando el desprendimiento del forro y permitiendo m\u00e1xima movilidad. Cuenta con palma en cuero sint\u00e9tico de alta resistencia, refuerzos estrat\u00e9gicos y protecci\u00f3n de impacto en nudillos, asegurando durabilidad, agarre y seguridad en entornos exigentes.<\/p><div class=\"uagb-ifb-button-wrapper wp-block-button\"><a href=\"https:\/\/firemanhouse.com\/index.php\/contact\/\" class=\"uagb-infobox-cta-link wp-block-button__link\" target=\"_self\" rel=\"noopener noreferrer\" onclick=\"return true;\"><span class=\"uagb-inline-editing\">Asesor\u00eda.<\/span><\/a><\/div><\/div><\/div>\n<\/div>\n\n\n\n<div class=\"wp-block-uagb-container uagb-block-2d311ab4\">\n<figure class=\"wp-block-image size-full\"><img loading=\"lazy\" decoding=\"async\" width=\"551\" height=\"551\" src=\"https:\/\/firemanhouse.com\/wp-content\/uploads\/2026\/04\/guante-5.avif\" alt=\"\" class=\"wp-image-2005\"\/><\/figure>\n<\/div>\n<\/div><\/div>\n\n\n\n<div class=\"wp-block-uagb-container uagb-block-9097f4f1 alignfull uagb-is-root-container\"><div class=\"uagb-container-inner-blocks-wrap\"><\/div><\/div>\n","protected":false},"excerpt":{"rendered":"<p>Guantes de Bombero Profesionales Dragon Fire | Alta Protecci\u00f3n Nuestros guantes Dragon Fire est\u00e1n dise\u00f1ados para ofrecer el m\u00e1ximo rendimiento en entornos exigentes, combinando resistencia mec\u00e1nica, protecci\u00f3n t\u00e9rmica y confort operativo en cada intervenci\u00f3n. Como distribuidores en Colombia, contamos con stock para entrega inmediata, garantizando disponibilidad y respuesta r\u00e1pida para cuerpos de bomberos y equipos &hellip;<\/p>\n<p class=\"read-more\"> <a class=\"\" href=\"https:\/\/firemanhouse.com\/index.php\/guantes-dragon-fire\/\"> <span class=\"screen-reader-text\">Guantes Dragon Fire.<\/span> Leer m\u00e1s &raquo;<\/a><\/p>\n","protected":false},"author":1,"featured_media":0,"parent":0,"menu_order":0,"comment_status":"closed","ping_status":"closed","template":"","meta":{"_uag_custom_page_level_css":"","site-sidebar-layout":"default","site-content-layout":"default","ast-global-header-display":"","ast-main-header-display":"","ast-hfb-above-header-display":"","ast-hfb-below-header-display":"","ast-hfb-mobile-header-display":"","site-post-title":"disabled","ast-breadcrumbs-content":"","ast-featured-img":"","footer-sml-layout":"","theme-transparent-header-meta":"disabled","adv-header-id-meta":"","stick-header-meta":"","header-above-stick-meta":"","header-main-stick-meta":"","header-below-stick-meta":"","_joinchat":[],"footnotes":""},"_hostinger_reach_plugin_has_subscription_block":false,"_hostinger_reach_plugin_is_elementor":false,"uagb_featured_image_src":{"full":false,"thumbnail":false,"medium":false,"medium_large":false,"large":false,"1536x1536":false,"2048x2048":false},"uagb_author_info":{"display_name":"firemanhousevirtual@gmail.com","author_link":"https:\/\/firemanhouse.com\/index.php\/author\/firemanhousevirtualgmail-com\/"},"uagb_comment_info":0,"uagb_excerpt":"Guantes de Bombero Profesionales Dragon Fire | Alta Protecci\u00f3n Nuestros guantes Dragon Fire est\u00e1n dise\u00f1ados para ofrecer el m\u00e1ximo rendimiento en entornos exigentes, combinando resistencia mec\u00e1nica, protecci\u00f3n t\u00e9rmica y confort operativo en cada intervenci\u00f3n. Como distribuidores en Colombia, contamos con stock para entrega inmediata, garantizando disponibilidad y respuesta r\u00e1pida para cuerpos de bomberos y equipos&hellip;","_links":{"self":[{"href":"https:\/\/firemanhouse.com\/index.php\/wp-json\/wp\/v2\/pages\/1999"}],"collection":[{"href":"https:\/\/firemanhouse.com\/index.php\/wp-json\/wp\/v2\/pages"}],"about":[{"href":"https:\/\/firemanhouse.com\/index.php\/wp-json\/wp\/v2\/types\/page"}],"author":[{"embeddable":true,"href":"https:\/\/firemanhouse.com\/index.php\/wp-json\/wp\/v2\/users\/1"}],"replies":[{"embeddable":true,"href":"https:\/\/firemanhouse.com\/index.php\/wp-json\/wp\/v2\/comments?post=1999"}],"version-history":[{"count":2,"href":"https:\/\/firemanhouse.com\/index.php\/wp-json\/wp\/v2\/pages\/1999\/revisions"}],"predecessor-version":[{"id":2008,"href":"https:\/\/firemanhouse.com\/index.php\/wp-json\/wp\/v2\/pages\/1999\/revisions\/2008"}],"wp:attachment":[{"href":"https:\/\/firemanhouse.com\/index.php\/wp-json\/wp\/v2\/media?parent=1999"}],"curies":[{"name":"wp","href":"https:\/\/api.w.org\/{rel}","templated":true}]}}