{"id":77,"date":"2022-10-17T07:03:13","date_gmt":"2022-10-17T12:03:13","guid":{"rendered":"https:\/\/firemanhouse.com\/index.php\/services\/"},"modified":"2025-11-04T13:02:59","modified_gmt":"2025-11-04T18:02:59","slug":"services","status":"publish","type":"page","link":"https:\/\/firemanhouse.com\/index.php\/services\/","title":{"rendered":"Servicios"},"content":{"rendered":"\n<div class=\"wp-block-uagb-container uagb-block-edee5b21 alignfull uagb-is-root-container\"><div class=\"uagb-container-inner-blocks-wrap\">\n<div class=\"wp-block-uagb-advanced-heading uagb-block-55567508\"><h1 class=\"uagb-heading-text\">SERVICIOS<\/h1><\/div>\n<\/div><\/div>\n\n\n\n<div class=\"wp-block-uagb-container uagb-block-aac118df alignfull uagb-is-root-container\"><div class=\"uagb-container-inner-blocks-wrap\">\n<div class=\"wp-block-uagb-container uagb-block-317d2c53\">\n<div class=\"wp-block-uagb-info-box uagb-block-c9e7d1ac uagb-infobox__content-wrap  uagb-infobox-icon-above-title uagb-infobox-image-valign-top\"><div class=\"uagb-ifb-content\"><div class=\"uagb-ifb-title-wrap\"><h3 class=\"uagb-ifb-title\">Redes contra incendio.<\/h3><\/div><p class=\"uagb-ifb-desc\">En Firemanhouse ofrecemos servicios especializados en la instalaci\u00f3n y mantenimiento de redes contra incendios, tanto para peque\u00f1as como grandes escalas, en diferentes \u00e1reas construidas. Contamos con un equipo de ingenieros y t\u00e9cnicos altamente capacitados, quienes trabajan de manera colaborativa con nuestros clientes para desarrollar soluciones personalizadas y de alta calidad, con el objetivo de garantizar la protecci\u00f3n contra incendios de sus instalaciones.<\/p><div class=\"uagb-ifb-button-wrapper wp-block-button\"><a href=\"https:\/\/heyzine.com\/flip-book\/e229936729.html\" class=\"uagb-infobox-cta-link wp-block-button__link\" target=\"_self\" rel=\"noopener noreferrer\" onclick=\"return true;\"><span class=\"uagb-inline-editing\">Ver m\u00e1s<\/span><\/a><\/div><\/div><\/div>\n<\/div>\n\n\n\n<div class=\"wp-block-uagb-container uagb-block-17bde55f\">\n<figure class=\"wp-block-image size-full\"><img decoding=\"async\" src=\"https:\/\/firemanhouse.com\/wp-content\/uploads\/2023\/03\/Sistemas-contra-incendios.jpg\" alt=\"\"\/><\/figure>\n<\/div>\n<\/div><\/div>\n\n\n\n<div class=\"wp-block-uagb-container uagb-block-fcac253b alignfull uagb-is-root-container\"><div class=\"uagb-container-inner-blocks-wrap\">\n<div class=\"wp-block-uagb-container uagb-block-f96bb1fc\">\n<div class=\"wp-block-uagb-image alignleft uagb-block-f59b628d wp-block-uagb-image--layout-default wp-block-uagb-image--effect-static wp-block-uagb-image--align-left\"><figure class=\"wp-block-uagb-image__figure\"><img decoding=\"async\" srcset=\"https:\/\/firemanhouse.com\/wp-content\/uploads\/2023\/03\/fireman-uniform-gear-7849036-1024x682.jpg \" sizes=\"(max-width: 480px) 150px\" src=\"https:\/\/firemanhouse.com\/wp-content\/uploads\/2023\/03\/fireman-uniform-gear-7849036-1024x682.jpg\" alt=\"fireman, uniform, gear-7849036.jpg\" class=\"uag-image-883\" width=\"1024\" height=\"682\" title=\"\" loading=\"lazy\"\/><\/figure><\/div>\n<\/div>\n\n\n\n<div class=\"wp-block-uagb-container uagb-block-7956f0d4\">\n<div class=\"wp-block-uagb-info-box uagb-block-9fdbb5a4 uagb-infobox__content-wrap  uagb-infobox-icon-above-title uagb-infobox-image-valign-top\"><div class=\"uagb-ifb-content\"><div class=\"uagb-ifb-title-wrap\"><h3 class=\"uagb-ifb-title\">Proteci\u00f3n para Bomberos.<\/h3><\/div><p class=\"uagb-ifb-desc\">En Firemanhouse, nos especializamos en proporcionar a los bomberos los mejores elementos de protecci\u00f3n para garantizar su seguridad durante las operaciones de extinci\u00f3n de incendios. Ofrecemos trajes autocontenidos de alta calidad, mangueras con diferentes tipos de acoples y herramientas de extricaci\u00f3n f\u00e1ciles de usar y seguras. Nuestro equipo de expertos en protecci\u00f3n contra incendios est\u00e1 capacitado para asesorar a los bomberos en la elecci\u00f3n del equipo adecuado para cada situaci\u00f3n de emergencia. Cont\u00e1ctanos hoy mismo para obtener m\u00e1s informaci\u00f3n sobre nuestros productos y servicios de protecci\u00f3n contra incendios.<\/p><div class=\"uagb-ifb-button-wrapper wp-block-button\"><a href=\"https:\/\/heyzine.com\/flip-book\/e229936729.html\" class=\"uagb-infobox-cta-link wp-block-button__link\" target=\"_self\" rel=\"noopener noreferrer\" onclick=\"return true;\"><span class=\"uagb-inline-editing\">Ver m\u00e1s<\/span><\/a><\/div><\/div><\/div>\n<\/div>\n<\/div><\/div>\n\n\n\n<div class=\"wp-block-uagb-container uagb-block-0d9d5967 alignfull uagb-is-root-container\"><div class=\"uagb-container-inner-blocks-wrap\">\n<div class=\"wp-block-uagb-container uagb-block-700d470b\">\n<div class=\"wp-block-uagb-info-box uagb-block-bdf8bf7e uagb-infobox__content-wrap  uagb-infobox-icon-above-title uagb-infobox-image-valign-top\"><div class=\"uagb-ifb-content\"><div class=\"uagb-ifb-title-wrap\"><h3 class=\"uagb-ifb-title\">Recarga y mantenimiento de extintores.<\/h3><\/div><p class=\"uagb-ifb-desc\">En Firemanhouse, ofrecemos un servicio de recarga de extintores puerta a puerta para asegurarnos de que su equipo de seguridad contra incendios est\u00e9 siempre en perfecto estado de funcionamiento. Nos aseguramos de que nuestros expertos certificados recogen los extintores en la ubicaci\u00f3n del cliente, los llevan a nuestro laboratorio y realizan el mantenimiento o recarga necesarios para que est\u00e9n listos para cualquier emergencia.<br>Ofrecemos servicios de recarga de extintores en diferentes tipos de extintores, incluyendo extintores de polvo qu\u00edmico seco, extintores de di\u00f3xido de carbono y extintores de espuma. Adem\u00e1s, nuestro servicio de recarga incluye la revisi\u00f3n visual del equipo, la sustituci\u00f3n de piezas defectuosas y la recertificaci\u00f3n del extintor de acuerdo con las normativas de seguridad y cumplimiento.<br>Trabajamos de manera r\u00e1pida y eficiente para minimizar el tiempo de inactividad de sus equipos y asegurarnos de que su propiedad est\u00e9 protegida contra incendios. Adem\u00e1s, nuestro servicio puerta a puerta asegura que la recarga de extintores sea m\u00e1s c\u00f3moda y conveniente para nuestros clientes.<\/p><div class=\"uagb-ifb-button-wrapper wp-block-button\"><a href=\"https:\/\/heyzine.com\/flip-book\/e229936729.html\" class=\"uagb-infobox-cta-link wp-block-button__link\" target=\"_self\" rel=\"noopener noreferrer\" onclick=\"return true;\"><span class=\"uagb-inline-editing\">Ver m\u00e1s<\/span><\/a><\/div><\/div><\/div>\n<\/div>\n\n\n\n<div class=\"wp-block-uagb-container uagb-block-ec33bc1f\">\n<figure class=\"wp-block-image size-large\"><img loading=\"lazy\" decoding=\"async\" width=\"1024\" height=\"682\" src=\"http:\/\/firemanhouse.com\/wp-content\/uploads\/2023\/03\/fire-tube-fire-extinguisher-old-3043983-1024x682.jpg\" alt=\"fire tube, fire extinguisher, old-3043983.jpg\" class=\"wp-image-1128\" srcset=\"https:\/\/firemanhouse.com\/wp-content\/uploads\/2023\/03\/fire-tube-fire-extinguisher-old-3043983-1024x682.jpg 1024w, https:\/\/firemanhouse.com\/wp-content\/uploads\/2023\/03\/fire-tube-fire-extinguisher-old-3043983-300x200.jpg 300w, https:\/\/firemanhouse.com\/wp-content\/uploads\/2023\/03\/fire-tube-fire-extinguisher-old-3043983-768x512.jpg 768w, https:\/\/firemanhouse.com\/wp-content\/uploads\/2023\/03\/fire-tube-fire-extinguisher-old-3043983.jpg 1280w\" sizes=\"(max-width: 1024px) 100vw, 1024px\" \/><\/figure>\n<\/div>\n<\/div><\/div>\n\n\n\n<div class=\"wp-block-uagb-container uagb-block-ad7bad32 alignfull uagb-is-root-container\"><div class=\"uagb-container-inner-blocks-wrap\">\n<div class=\"wp-block-uagb-container uagb-block-140734b5\">\n<div class=\"wp-block-uagb-image alignleft uagb-block-a1373458 wp-block-uagb-image--layout-default wp-block-uagb-image--effect-static wp-block-uagb-image--align-left\"><figure class=\"wp-block-uagb-image__figure\"><img decoding=\"async\" srcset=\"https:\/\/firemanhouse.com\/wp-content\/uploads\/2023\/03\/th.jpg \" sizes=\"(max-width: 480px) 150px\" src=\"https:\/\/firemanhouse.com\/wp-content\/uploads\/2023\/03\/th.jpg\" alt=\"\" class=\"uag-image-1106\" width=\"474\" height=\"361\" title=\"\" loading=\"lazy\"\/><\/figure><\/div>\n<\/div>\n\n\n\n<div class=\"wp-block-uagb-container uagb-block-73783550\">\n<div class=\"wp-block-uagb-info-box uagb-block-e49f8f91 uagb-infobox__content-wrap  uagb-infobox-icon-above-title uagb-infobox-image-valign-top\"><div class=\"uagb-ifb-content\"><div class=\"uagb-ifb-title-wrap\"><h3 class=\"uagb-ifb-title\">Detecci\u00f3n contra incendios<\/h3><\/div><p class=\"uagb-ifb-desc\">En Firemanhouse, ofrecemos soluciones de detecci\u00f3n contra incendios personalizadas y de \u00faltima generaci\u00f3n para proteger su hogar o negocio. Desde detectores de humo y calor hasta sistemas avanzados de alarma, nuestros productos est\u00e1n dise\u00f1ados para detectar incendios en etapas tempranas y prevenir da\u00f1os costosos. Conf\u00ede en nuestra experiencia y conocimientos t\u00e9cnicos en seguridad contra incendios para proteger lo que m\u00e1s le importa.<\/p><div class=\"uagb-ifb-button-wrapper wp-block-button\"><a href=\"https:\/\/heyzine.com\/flip-book\/e229936729.html\" class=\"uagb-infobox-cta-link wp-block-button__link\" target=\"_self\" rel=\"noopener noreferrer\" onclick=\"return true;\"><span class=\"uagb-inline-editing\">Ver m\u00e1s<\/span><\/a><\/div><\/div><\/div>\n<\/div>\n<\/div><\/div>\n\n\n\n<div class=\"wp-block-uagb-container uagb-block-3c298b70 alignfull uagb-is-root-container\"><div class=\"uagb-container-inner-blocks-wrap\">\n<div class=\"wp-block-uagb-container uagb-block-3bc5dc7e\">\n<div class=\"wp-block-uagb-info-box uagb-block-caaa9c2e uagb-infobox__content-wrap  uagb-infobox-icon-above-title uagb-infobox-image-valign-top\"><div class=\"uagb-ifb-content\"><div class=\"uagb-ifb-title-wrap\"><h3 class=\"uagb-ifb-title\">M\u00e1quinas y veh\u00edculos de emergencia.<\/h3><\/div><p class=\"uagb-ifb-desc\">Firemanhouse es experto en fabricaci\u00f3n y mantenimiento de camiones y m\u00e1quinas de bomberos de alta calidad. Ofrecemos soluciones personalizadas para garantizar la protecci\u00f3n contra incendios en cualquier instalaci\u00f3n, cumpliendo con los m\u00e1s altos est\u00e1ndares de seguridad y calidad. Nuestros ingenieros y t\u00e9cnicos altamente capacitados se encargan de fabricar y mantener los camiones y m\u00e1quinas de bomberos para asegurarse de que siempre est\u00e9n en \u00f3ptimas condiciones y cumplan con los requerimientos legales y de seguridad. Cont\u00e1ctanos hoy mismo para obtener m\u00e1s informaci\u00f3n sobre c\u00f3mo podemos ayudarte en la protecci\u00f3n contra incendios.<\/p><div class=\"uagb-ifb-button-wrapper wp-block-button\"><a href=\"https:\/\/heyzine.com\/flip-book\/e229936729.html\" class=\"uagb-infobox-cta-link wp-block-button__link\" target=\"_self\" rel=\"noopener noreferrer\" onclick=\"return true;\"><span class=\"uagb-inline-editing\">Ver m\u00e1s<\/span><\/a><\/div><\/div><\/div>\n<\/div>\n\n\n\n<div class=\"wp-block-uagb-container uagb-block-60bfafd6\">\n<figure class=\"wp-block-image size-large\"><img decoding=\"async\" src=\"http:\/\/firemanhouse.com\/wp-content\/uploads\/2023\/03\/fire-engine-fire-truck-truck-2732208-1024x682.jpg\" alt=\"\"\/><\/figure>\n<\/div>\n<\/div><\/div>\n\n\n\n<div class=\"wp-block-uagb-container uagb-block-27734d6e alignfull uagb-is-root-container\"><div class=\"uagb-container-inner-blocks-wrap\"><\/div><\/div>\n","protected":false},"excerpt":{"rendered":"<p>SERVICIOS<\/p>\n","protected":false},"author":1,"featured_media":0,"parent":0,"menu_order":0,"comment_status":"closed","ping_status":"closed","template":"","meta":{"_uag_custom_page_level_css":"","site-sidebar-layout":"default","site-content-layout":"default","ast-global-header-display":"","ast-main-header-display":"","ast-hfb-above-header-display":"","ast-hfb-below-header-display":"","ast-hfb-mobile-header-display":"","site-post-title":"disabled","ast-breadcrumbs-content":"","ast-featured-img":"","footer-sml-layout":"","theme-transparent-header-meta":"disabled","adv-header-id-meta":"","stick-header-meta":"","header-above-stick-meta":"","header-main-stick-meta":"","header-below-stick-meta":"","_joinchat":[],"footnotes":""},"_hostinger_reach_plugin_has_subscription_block":false,"_hostinger_reach_plugin_is_elementor":false,"uagb_featured_image_src":{"full":false,"thumbnail":false,"medium":false,"medium_large":false,"large":false,"1536x1536":false,"2048x2048":false},"uagb_author_info":{"display_name":"firemanhousevirtual@gmail.com","author_link":"https:\/\/firemanhouse.com\/index.php\/author\/firemanhousevirtualgmail-com\/"},"uagb_comment_info":0,"uagb_excerpt":"SERVICIOS","_links":{"self":[{"href":"https:\/\/firemanhouse.com\/index.php\/wp-json\/wp\/v2\/pages\/77"}],"collection":[{"href":"https:\/\/firemanhouse.com\/index.php\/wp-json\/wp\/v2\/pages"}],"about":[{"href":"https:\/\/firemanhouse.com\/index.php\/wp-json\/wp\/v2\/types\/page"}],"author":[{"embeddable":true,"href":"https:\/\/firemanhouse.com\/index.php\/wp-json\/wp\/v2\/users\/1"}],"replies":[{"embeddable":true,"href":"https:\/\/firemanhouse.com\/index.php\/wp-json\/wp\/v2\/comments?post=77"}],"version-history":[{"count":20,"href":"https:\/\/firemanhouse.com\/index.php\/wp-json\/wp\/v2\/pages\/77\/revisions"}],"predecessor-version":[{"id":1817,"href":"https:\/\/firemanhouse.com\/index.php\/wp-json\/wp\/v2\/pages\/77\/revisions\/1817"}],"wp:attachment":[{"href":"https:\/\/firemanhouse.com\/index.php\/wp-json\/wp\/v2\/media?parent=77"}],"curies":[{"name":"wp","href":"https:\/\/api.w.org\/{rel}","templated":true}]}}